{"id":111746,"date":"2025-10-23T00:00:00","date_gmt":"2025-10-23T05:00:00","guid":{"rendered":"http:\/\/gpl-love.com\/es\/producto\/simple-custom-css-and-js-pro\/"},"modified":"2026-03-09T08:07:14","modified_gmt":"2026-03-09T13:07:14","slug":"simple-custom-css-and-js-pro","status":"publish","type":"product","link":"https:\/\/gpl-love.com\/es\/producto\/simple-custom-css-and-js-pro\/","title":{"rendered":"Simple Custom CSS y JS PRO 4.41.1"},"content":{"rendered":"<h3>Simple Custom CSS y JS PRO Caracteristicas<\/h3>\n<p>Simple Custom CSS y JS Pro es una herramienta altamente formidable e influyente que permite a los usuarios personalizar y modificar los elementos diversos de su sitio web. Al utilizar esta herramienta excepcional, los usuarios pueden incorporar a la perfecci\u00f3n CSS y JavaScript en su sitio web sin necesitar ning\u00fan dominio de codificaci\u00f3n. El CSS y JS Pro personalizado simple es excepcionalmente experto en facilitar la creaci\u00f3n de estilos y efectos a medida, al tiempo que integran sin problemas scripts y bibliotecas de terceros. Adem\u00e1s, proporciona a los usuarios una interfaz notablemente f\u00e1cil de usar, asegurando as\u00ed la administraci\u00f3n sin esfuerzo y la modificaci\u00f3n de los fragmentos de c\u00f3digo. Esta herramienta excepcional es extremadamente adecuada para desarrolladores, dise\u00f1adores e individuos que buscan infundir su sitio web con un estilo distintivo y personalizado, todo sin comprometer una funcionalidad o rendimiento \u00f3ptimo. \u00a1No lo dude, embarque en un viaje transformador explorando las posibilidades ilimitadas ofrecidas por CSS y JS Pro personalizados simples hoy!<\/p>\n<ul>\n<li>Un complemento poderoso que facilita agregar CSS y JavaScript personalizados a su sitio web<\/li>\n<li>Interfaz de usuario simple e intuitiva que le permite personalizar r\u00e1pida y f\u00e1cilmente el aspecto y la funcionalidad de su sitio<\/li>\n<li>La versi\u00f3n Pro proporciona caracter\u00edsticas avanzadas como resaltar sintaxis, validaci\u00f3n de c\u00f3digo y minificaci\u00f3n de c\u00f3digo para un rendimiento \u00f3ptimo del sitio<\/li>\n<li>Compatible con todos los temas y complementos de WordPress, d\u00e1ndole control total sobre el dise\u00f1o y la funcionalidad de su sitio<\/li>\n<li>Flexible y personalizable, lo que le permite dirigir p\u00e1ginas o secciones espec\u00edficas de su sitio con CSS y JavaScript personalizados<\/li>\n<li>Ayuda a mejorar la velocidad y el rendimiento del sitio optimizando el c\u00f3digo y reduciendo los tiempos de carga de la p\u00e1gina<\/li>\n<li>El soporte y las actualizaciones profesionales aseguran que su sitio permanezca actualizado y funcionando sin problemas.<\/li>\n<\/ul>\n","protected":false},"excerpt":{"rendered":"<p>CSS y JS Pro personalizado simple es un complemento de WordPress altamente robusto que proporciona a los usuarios la capacidad conveniente para insertar sin esfuerzo CSS y JavaScript en sus sitios web. Al ofrecer una interfaz intuitiva, este complemento permite a los usuarios hacer modificaciones distintivas r\u00e1pidamente tanto para la est\u00e9tica visual como para las capacidades operativas de sus sitios web, todo sin necesidad de adquirir un conocimiento integral de la codificaci\u00f3n HTML y CSS. Si los usuarios aspiran a personalizar la disposici\u00f3n de las p\u00e1ginas de su sitio web o incorporan las intrincadas funcionalidades de JavaScript en sus formas, CSS y JS Pro simples y JS Pro proporciona una autoridad absoluta sobre los aspectos de dise\u00f1o y funcionalidad de sus sitios web de WordPress.<\/p>\n","protected":false},"featured_media":167490,"comment_status":"open","ping_status":"open","template":"","meta":[],"product_brand":[2501],"product_cat":[1214,1206,1211],"product_tag":[1795],"class_list":{"0":"post-111746","1":"product","2":"type-product","3":"status-publish","4":"has-post-thumbnail","6":"product_brand-silkypress","7":"product_cat-personalizacion","8":"product_cat-plugins","9":"product_cat-wordpress-plugins","10":"product_tag-silkypress","11":"member-discount","12":"discount-restricted","14":"first","15":"instock","16":"sale","17":"downloadable","18":"virtual","19":"sold-individually","20":"purchasable","21":"product-type-simple"},"_links":{"self":[{"href":"https:\/\/gpl-love.com\/es\/wp-json\/wp\/v2\/product\/111746","targetHints":{"allow":["GET"]}}],"collection":[{"href":"https:\/\/gpl-love.com\/es\/wp-json\/wp\/v2\/product"}],"about":[{"href":"https:\/\/gpl-love.com\/es\/wp-json\/wp\/v2\/types\/product"}],"replies":[{"embeddable":true,"href":"https:\/\/gpl-love.com\/es\/wp-json\/wp\/v2\/comments?post=111746"}],"wp:featuredmedia":[{"embeddable":true,"href":"https:\/\/gpl-love.com\/es\/wp-json\/wp\/v2\/media\/167490"}],"wp:attachment":[{"href":"https:\/\/gpl-love.com\/es\/wp-json\/wp\/v2\/media?parent=111746"}],"wp:term":[{"taxonomy":"product_brand","embeddable":true,"href":"https:\/\/gpl-love.com\/es\/wp-json\/wp\/v2\/product_brand?post=111746"},{"taxonomy":"product_cat","embeddable":true,"href":"https:\/\/gpl-love.com\/es\/wp-json\/wp\/v2\/product_cat?post=111746"},{"taxonomy":"product_tag","embeddable":true,"href":"https:\/\/gpl-love.com\/es\/wp-json\/wp\/v2\/product_tag?post=111746"}],"curies":[{"name":"wp","href":"https:\/\/api.w.org\/{rel}","templated":true}]}}