{"id":111744,"date":"2021-04-23T00:00:00","date_gmt":"2021-04-23T05:00:00","guid":{"rendered":"http:\/\/gpl-love.com\/es\/producto\/woocommerce-wishlist\/"},"modified":"2026-03-09T08:26:33","modified_gmt":"2026-03-09T13:26:33","slug":"woocommerce-wishlist","status":"publish","type":"product","link":"https:\/\/gpl-love.com\/es\/producto\/woocommerce-wishlist\/","title":{"rendered":"WooCommerce Wishlist 1.1.7"},"content":{"rendered":"<h3>WooCommerce Wishlist Caracteristicas<\/h3>\n<p>La lista de deseos de WooCommerce, una herramienta notablemente robusta, brinda a los clientes la incre\u00edble capacidad de crear listas de deseos personalizadas en su tienda en l\u00ednea, mejorando en gran medida la experiencia general del usuario y alentar activamente a los clientes a interactuar activamente con su amplia variedad de productos. La instalaci\u00f3n y la utilizaci\u00f3n de este complemento excepcional son notablemente sencillos, integr\u00e1ndose sin problemas con su tienda WooCommerce preexistente. Al aprovechar las notables capacidades de la lista de deseos de WooCommerce, puede amplificar de manera efectiva la participaci\u00f3n del cliente y aumentar significativamente las ventas al capacitar a sus estimados clientes con la invaluable capacidad para generar y compartir sin esfuerzo listas de deseos con sus estimados amigos y familiares apreciados. Por lo tanto, si se encuentra en busca de un medio eficaz para vigorizar las ventas de su tienda en l\u00ednea y mejorar la satisfacci\u00f3n del cliente, ser\u00eda muy prudente contemplar sinceramente los m\u00faltiples m\u00e9ritos que la lista de deseos de WooCommerce sin duda ofrece.<\/p>\n<ul>\n<li>Permite a los clientes guardar productos en una lista de deseos para referencia futura y f\u00e1cil acceso.<\/li>\n<li>La lista de deseos se puede personalizar y compartir f\u00e1cilmente con amigos y familiares por correo electr\u00f3nico o redes sociales.<\/li>\n<li>Se puede integrar sin problemas en su tienda WooCommerce, con configuraciones personalizables y opciones de dise\u00f1o.<\/li>\n<li>Ayuda a aumentar las ventas dando a los clientes una forma de rastrear los productos que est\u00e1n interesados \u200b\u200by potencialmente comprando m\u00e1s adelante.<\/li>\n<li>Ofrece la capacidad de priorizar elementos de la lista de deseos con funcionalidad de arrastrar y soltar, lo que facilita el seguimiento de lo m\u00e1s importante.<\/li>\n<li>Proporciona informaci\u00f3n valiosa sobre las preferencias e intereses del cliente, que pueden informar las estrategias de desarrollo de productos y marketing.<\/li>\n<li>Viene con soporte y documentaci\u00f3n \u00fatiles para ayudar con la instalaci\u00f3n y cualquier problema t\u00e9cnico.<\/li>\n<\/ul>\n","protected":false},"excerpt":{"rendered":"<p>El complemento WooCommerce Wishlist, que es una herramienta muy \u00fatil para los minoristas en l\u00ednea, ofrece a los clientes la notable oportunidad de generar sin esfuerzo una lista de deseos personalizada que consiste en productos que albergan un gran inter\u00e9s en adquirir de su estimada tienda en l\u00ednea. Este ingenioso complemento faculta a los clientes con la notable capacidad de no solo agregar o eliminar convenientemente productos de su lista meticulosamente seleccionada, sino tambi\u00e9n compartirlo sin esfuerzo con sus queridos amigos y familiares. En virtud de esta caracter\u00edstica extraordinaria, los clientes pueden preservar de manera efectiva los productos para una futura consideraci\u00f3n, aumentando significativamente las cifras de ventas y fomentando un mayor sentido de satisfacci\u00f3n entre la estimada base de clientes.<\/p>\n","protected":false},"featured_media":168310,"comment_status":"open","ping_status":"open","template":"","meta":[],"product_brand":[2339],"product_cat":[1207,1248,1206],"product_tag":[1256],"class_list":{"0":"post-111744","1":"product","2":"type-product","3":"status-publish","4":"has-post-thumbnail","6":"product_brand-codecanyon","7":"product_cat-comercio-electronico-plugins","8":"product_cat-personalizacion-comercio-electronico-plugins","9":"product_cat-plugins","10":"product_tag-codecanyon","11":"member-discount","12":"discount-restricted","14":"first","15":"instock","16":"sale","17":"downloadable","18":"virtual","19":"sold-individually","20":"purchasable","21":"product-type-simple"},"_links":{"self":[{"href":"https:\/\/gpl-love.com\/es\/wp-json\/wp\/v2\/product\/111744","targetHints":{"allow":["GET"]}}],"collection":[{"href":"https:\/\/gpl-love.com\/es\/wp-json\/wp\/v2\/product"}],"about":[{"href":"https:\/\/gpl-love.com\/es\/wp-json\/wp\/v2\/types\/product"}],"replies":[{"embeddable":true,"href":"https:\/\/gpl-love.com\/es\/wp-json\/wp\/v2\/comments?post=111744"}],"wp:featuredmedia":[{"embeddable":true,"href":"https:\/\/gpl-love.com\/es\/wp-json\/wp\/v2\/media\/168310"}],"wp:attachment":[{"href":"https:\/\/gpl-love.com\/es\/wp-json\/wp\/v2\/media?parent=111744"}],"wp:term":[{"taxonomy":"product_brand","embeddable":true,"href":"https:\/\/gpl-love.com\/es\/wp-json\/wp\/v2\/product_brand?post=111744"},{"taxonomy":"product_cat","embeddable":true,"href":"https:\/\/gpl-love.com\/es\/wp-json\/wp\/v2\/product_cat?post=111744"},{"taxonomy":"product_tag","embeddable":true,"href":"https:\/\/gpl-love.com\/es\/wp-json\/wp\/v2\/product_tag?post=111744"}],"curies":[{"name":"wp","href":"https:\/\/api.w.org\/{rel}","templated":true}]}}