{"id":111742,"date":"2025-02-04T00:00:00","date_gmt":"2025-02-04T05:00:00","guid":{"rendered":"http:\/\/gpl-love.com\/es\/producto\/thebuilt-construction-and-architecture-wordpress-theme\/"},"modified":"2026-04-10T11:27:39","modified_gmt":"2026-04-10T16:27:39","slug":"thebuilt-construction-and-architecture-wordpress-theme","status":"publish","type":"product","link":"https:\/\/gpl-love.com\/es\/producto\/thebuilt-construction-and-architecture-wordpress-theme\/","title":{"rendered":"TheBuilt Construction y Architecture WordPress Theme 2.6.2"},"content":{"rendered":"<h3>TheBuilt Construction y Architecture WordPress Theme Caracteristicas<\/h3>\n<p>TheBuilt Construction and Architecture WordPress Theme es una extensa herramienta de construcci\u00f3n de sitios web dise\u00f1ada espec\u00edficamente para las industrias de construcci\u00f3n y arquitectura. Este tema innovador cuenta con un creador de p\u00e1ginas de arrastrar y soltar notablemente f\u00e1cil de usar, que simplifica el proceso de creaci\u00f3n y personalizaci\u00f3n de p\u00e1ginas web, incluso para aquellos que carecen de experiencia t\u00e9cnica. Adem\u00e1s, TheBuilt ofrece una gran cantidad de plantillas y demostraciones preconstruidas, lo que permite a los usuarios embarcarse r\u00e1pidamente en su viaje de creaci\u00f3n de sitios web. En particular, este tema es totalmente receptivo en todos los dispositivos, garantizando una experiencia de usuario perfecta e inmersiva. Adem\u00e1s, TheBuilt incorpora caracter\u00edsticas avanzadas, incluida la integraci\u00f3n de Google Maps, las carteras de proyectos y un sistema de reserva integral. Al aprovechar el poder de la construcci\u00f3n, la construcci\u00f3n y la arquitectura pueden establecer sin esfuerzo una presencia en l\u00ednea profesional y funcional, cautivando efectivamente a los clientes y facilitando la expansi\u00f3n empresarial sostenible.<\/p>\n<ul>\n<li>Un dise\u00f1o moderno y elegante que se adapta perfectamente a la industria de la construcci\u00f3n y la arquitectura.<\/li>\n<li>Totalmente receptivo y amigable con los dispositivos m\u00f3viles, asegurando que su sitio web se vea muy bien en cualquier dispositivo.<\/li>\n<li>Personalizaci\u00f3n f\u00e1cil de varios elementos de dise\u00f1o, incluidos colores, fuentes y dise\u00f1o utilizando el creador de p\u00e1ginas de arrastrar y soltar.<\/li>\n<li>M\u00faltiples plantillas de p\u00e1gina preconstruidas que incluyen sobre, servicios, proyectos y p\u00e1ginas de contacto.<\/li>\n<li>Se integra con complementos populares de WordPress como WooCommerce, Yoast SEO y WPML para su mayor funcionalidad y flexibilidad.<\/li>\n<li>Opciones de cartera incorporadas y galer\u00eda para mostrar su trabajo y proyectos.<\/li>\n<li>Panel de opciones de temas avanzados para una f\u00e1cil personalizaci\u00f3n y control de su sitio web.<\/li>\n<li>Tiempos de carga r\u00e1pidas y optimizado para estrategias de SEO para aumentar su presencia y clasificaci\u00f3n en l\u00ednea.<\/li>\n<li>El apoyo dedicado y profesional de los desarrolladores de temas para garantizar una experiencia suave y sin problemas.<\/li>\n<\/ul>\n","protected":false},"excerpt":{"rendered":"<p>TheBuilt es un tema de WordPress extremadamente vers\u00e1til y altamente adaptable que ha sido meticulosamente elaborado para satisfacer las necesidades espec\u00edficas de los sitios web de construcci\u00f3n y arquitectura. Est\u00e1 lleno de una impresionante variedad de elementos visualmente cautivadores que est\u00e1n obligados a cautivar y hipnotizar a su audiencia. Adem\u00e1s, su constructor de p\u00e1ginas de arrastrar y soltar f\u00e1cilmente con usuarios le otorga la libertad de crear sitios web sin esfuerzo que sean realmente \u00fanicos y cautivadores, lo que le permite mostrar efectivamente su extensa cartera y una amplia gama de servicios. El dise\u00f1o receptivo de TheBuilt asegura que su sitio web se adapte perfectamente a cualquier tama\u00f1o de pantalla, garantizando una experiencia de usuario \u00f3ptima y visualmente agradable. Adem\u00e1s, su integraci\u00f3n perfecta con complementos populares como WooCommerce y WPML mejora a\u00fan m\u00e1s su funcionalidad y versatilidad, abriendo una gran cantidad de posibilidades para expandir y elevar su negocio en l\u00ednea. Independientemente de si usted es un contratista experimentado, un arquitecto consumado o un ingeniero talentoso, seleccionando TheBuilt como la columna vertebral de su presencia en l\u00ednea, sin duda, demostrar\u00e1 ser una decisi\u00f3n excepcional y sabia.<\/p>\n","protected":false},"featured_media":167720,"comment_status":"open","ping_status":"open","template":"","meta":[],"product_brand":[2337],"product_cat":[1381,1237,1238],"product_tag":[1391],"class_list":{"0":"post-111742","1":"product","2":"type-product","3":"status-publish","4":"has-post-thumbnail","6":"product_brand-themeforest","7":"product_cat-bienes-raices","8":"product_cat-temas","9":"product_cat-wordpress-temas","10":"product_tag-themeforest","11":"member-discount","12":"discount-restricted","14":"first","15":"instock","16":"sale","17":"downloadable","18":"virtual","19":"sold-individually","20":"purchasable","21":"product-type-simple"},"_links":{"self":[{"href":"https:\/\/gpl-love.com\/es\/wp-json\/wp\/v2\/product\/111742","targetHints":{"allow":["GET"]}}],"collection":[{"href":"https:\/\/gpl-love.com\/es\/wp-json\/wp\/v2\/product"}],"about":[{"href":"https:\/\/gpl-love.com\/es\/wp-json\/wp\/v2\/types\/product"}],"replies":[{"embeddable":true,"href":"https:\/\/gpl-love.com\/es\/wp-json\/wp\/v2\/comments?post=111742"}],"wp:featuredmedia":[{"embeddable":true,"href":"https:\/\/gpl-love.com\/es\/wp-json\/wp\/v2\/media\/167720"}],"wp:attachment":[{"href":"https:\/\/gpl-love.com\/es\/wp-json\/wp\/v2\/media?parent=111742"}],"wp:term":[{"taxonomy":"product_brand","embeddable":true,"href":"https:\/\/gpl-love.com\/es\/wp-json\/wp\/v2\/product_brand?post=111742"},{"taxonomy":"product_cat","embeddable":true,"href":"https:\/\/gpl-love.com\/es\/wp-json\/wp\/v2\/product_cat?post=111742"},{"taxonomy":"product_tag","embeddable":true,"href":"https:\/\/gpl-love.com\/es\/wp-json\/wp\/v2\/product_tag?post=111742"}],"curies":[{"name":"wp","href":"https:\/\/api.w.org\/{rel}","templated":true}]}}