{"id":111739,"date":"2024-12-20T00:00:00","date_gmt":"2024-12-20T05:00:00","guid":{"rendered":"http:\/\/gpl-love.com\/es\/producto\/boosted-elements-page-builder-addon-for-elementor\/"},"modified":"2026-03-09T07:21:52","modified_gmt":"2026-03-09T12:21:52","slug":"boosted-elements-page-builder-addon-for-elementor","status":"publish","type":"product","link":"https:\/\/gpl-love.com\/es\/producto\/boosted-elements-page-builder-addon-for-elementor\/","title":{"rendered":"Boosted Elements Page Builder Addon para Elementor 6.3"},"content":{"rendered":"<h3>Boosted Elements Page Builder Addon para Elementor Caracteristicas<\/h3>\n<p>El complemento del constructor de p\u00e1ginas de elementos aumentados para Elementor, ampliamente reconocido como una herramienta potente y eficiente, mejora significativamente la funcionalidad y las capacidades de Elementor, un constructor de p\u00e1ginas inmensamente popular dise\u00f1ado espec\u00edficamente para WordPress. Con una extensa gama de widgets y m\u00f3dulos innovadores a su disposici\u00f3n, este notable complemento permite a los usuarios crear sitios web visualmente atractivos y altamente funcionales sin esfuerzo. Este paquete completo cuenta con m\u00e1s de 30 widgets nuevos, incluidos, entre otros, tablas de precios, contadores, testimonios y galer\u00edas de im\u00e1genes, otorgando a los usuarios una flexibilidad incomparable en la personalizaci\u00f3n de sus sitios web para alinearse con sus preferencias y requisitos \u00fanicos. Con una navegaci\u00f3n f\u00e1cil de usar y un impresionante nivel de adaptabilidad, los elementos impulsados \u200b\u200batraen a un p\u00fablico amplio, incluidos desarrolladores web, dise\u00f1adores y due\u00f1os de negocios que buscan construir sitios web de grado profesional r\u00e1pido y f\u00e1cilmente que supere sin esfuerzo la competencia. En resumen, la invaluable adici\u00f3n de elementos impulsados \u200b\u200bal arsenal de cualquier usuario de elemento los equipa con los instrumentos necesarios para construir sitios web impresionantes que se distinguen sin esfuerzo en un paisaje digital saturado.<\/p>\n<ul>\n<li>Agrega capacidades avanzadas de construcci\u00f3n de p\u00e1ginas a la popular plataforma Elementor<\/li>\n<li>Incluye m\u00e1s de 30 elementos \u00fanicos para crear p\u00e1ginas din\u00e1micas personalizadas<\/li>\n<li>Interfaz intuitiva de arrastrar y soltar para una f\u00e1cil construcci\u00f3n de p\u00e1ginas<\/li>\n<li>Opciones de estilo avanzado para el control de dise\u00f1o completo<\/li>\n<li>Compatible con cualquier tema de WordPress<\/li>\n<li>Incluye plantillas predise\u00f1adas para impulsar sus dise\u00f1os<\/li>\n<li>Construido para la velocidad y el rendimiento, optimizando los tiempos de carga de su sitio web<\/li>\n<li>Actualizaciones y soporte regulares para la compatibilidad futura<\/li>\n<li>No es necesario codificar, perfecto para cualquier nivel de habilidad<\/li>\n<li>Opciones de precios asequibles con una garant\u00eda de devoluci\u00f3n de dinero de 14 d\u00edas<\/li>\n<\/ul>\n","protected":false},"excerpt":{"rendered":"<p>Aumente la funcionalidad de su sitio web con el complemento de constructor de p\u00e1ginas de elementos impulsados \u200b\u200bpara Elementor. Este complemento est\u00e1 dise\u00f1ado espec\u00edficamente para mejorar las capacidades de su creador de p\u00e1ginas Elementor, llevando el dise\u00f1o de su sitio web a otro nivel. El complemento de elementos impulsados \u200b\u200bes un conjunto de herramientas de caracter\u00edsticas y beneficios potentes que hacen que la creaci\u00f3n del sitio web sea m\u00e1s f\u00e1cil y eficiente. Con este complemento, puede extender su control creativo, haciendo que su sitio web se destaque entre la multitud. Ya sea que sea un dise\u00f1ador web novato o experimentado, el complemento de constructor de p\u00e1ginas de elementos impulsados \u200b\u200bpara Elementor es una excelente herramienta para agregar a su repertorio. Haga de su sitio web una poderosa plataforma digital con este complemento robusto.<\/p>\n","protected":false},"featured_media":165541,"comment_status":"open","ping_status":"open","template":"","meta":[],"product_brand":[2339],"product_cat":[1214,1206,1211],"product_tag":[1256],"class_list":{"0":"post-111739","1":"product","2":"type-product","3":"status-publish","4":"has-post-thumbnail","6":"product_brand-codecanyon","7":"product_cat-personalizacion","8":"product_cat-plugins","9":"product_cat-wordpress-plugins","10":"product_tag-codecanyon","11":"member-discount","12":"discount-restricted","14":"first","15":"instock","16":"sale","17":"downloadable","18":"virtual","19":"sold-individually","20":"purchasable","21":"product-type-simple"},"_links":{"self":[{"href":"https:\/\/gpl-love.com\/es\/wp-json\/wp\/v2\/product\/111739","targetHints":{"allow":["GET"]}}],"collection":[{"href":"https:\/\/gpl-love.com\/es\/wp-json\/wp\/v2\/product"}],"about":[{"href":"https:\/\/gpl-love.com\/es\/wp-json\/wp\/v2\/types\/product"}],"replies":[{"embeddable":true,"href":"https:\/\/gpl-love.com\/es\/wp-json\/wp\/v2\/comments?post=111739"}],"wp:featuredmedia":[{"embeddable":true,"href":"https:\/\/gpl-love.com\/es\/wp-json\/wp\/v2\/media\/165541"}],"wp:attachment":[{"href":"https:\/\/gpl-love.com\/es\/wp-json\/wp\/v2\/media?parent=111739"}],"wp:term":[{"taxonomy":"product_brand","embeddable":true,"href":"https:\/\/gpl-love.com\/es\/wp-json\/wp\/v2\/product_brand?post=111739"},{"taxonomy":"product_cat","embeddable":true,"href":"https:\/\/gpl-love.com\/es\/wp-json\/wp\/v2\/product_cat?post=111739"},{"taxonomy":"product_tag","embeddable":true,"href":"https:\/\/gpl-love.com\/es\/wp-json\/wp\/v2\/product_tag?post=111739"}],"curies":[{"name":"wp","href":"https:\/\/api.w.org\/{rel}","templated":true}]}}