{"id":111737,"date":"2025-09-29T00:00:00","date_gmt":"2025-09-29T05:00:00","guid":{"rendered":"http:\/\/gpl-love.com\/es\/producto\/total-responsive-multi-purpose-wordpress-theme\/"},"modified":"2026-04-10T11:28:57","modified_gmt":"2026-04-10T16:28:57","slug":"total-responsive-multi-purpose-wordpress-theme","status":"publish","type":"product","link":"https:\/\/gpl-love.com\/es\/producto\/total-responsive-multi-purpose-wordpress-theme\/","title":{"rendered":"Total Responsive Multi-Purpose WordPress Theme 6.4.2"},"content":{"rendered":"<h3>Total Responsive Multi-Purpose WordPress Theme Caracteristicas<\/h3>\n<p>El tema de WordPress multiprop\u00f3sito total receptivo es un tema incre\u00edblemente vers\u00e1til y contempor\u00e1neo que es ideal para una variedad diversa de proyectos de sitios web, que atiende a una amplia gama de necesidades y requisitos. Lo que distingue a este tema es su expansiva selecci\u00f3n de plantillas y dise\u00f1os predise\u00f1ados, ofreciendo a los usuarios una amplia gama de opciones para elegir. Adem\u00e1s, para aquellos que buscan un toque m\u00e1s personalizado, el tema proporciona opciones de personalizaci\u00f3n avanzadas que permiten a los usuarios crear una apariencia y sensaci\u00f3n verdaderamente \u00fanica y distintiva para sus sitios web.<\/p>\n<p>Una de las caracter\u00edsticas destacadas del tema total es su capacidad de respuesta completa, asegurando que su sitio web parezca impresionante y visualmente atractivo en cualquier dispositivo, ya sea una computadora de escritorio, tableta o tel\u00e9fono inteligente. Adem\u00e1s, este tema est\u00e1 equipado con una gran cantidad de caracter\u00edsticas notables que mejoran su funcionalidad y experiencia del usuario. Por ejemplo, la inclusi\u00f3n de los constructores de p\u00e1gina de arrastrar y soltar permite a los usuarios la capacidad de dise\u00f1ar y estructurar sin esfuerzo su sitio web a su gusto, sin la necesidad de codificar el conocimiento o la experiencia.<\/p>\n<p>Adem\u00e1s, el tema total se integra perfectamente con WooCommerce, la plataforma l\u00edder de comercio electr\u00f3nico, lo que permite a los usuarios crear y administrar sin esfuerzo sus tiendas en l\u00ednea. Esta integraci\u00f3n facilita la gesti\u00f3n fluida y eficiente de las ventas y las transacciones, proporcionando a los usuarios una experiencia de comercio electr\u00f3nico sin problemas y sin problemas.<\/p>\n<p>Adem\u00e1s de su impresionante variedad de caracter\u00edsticas, el tema total tambi\u00e9n pone un fuerte \u00e9nfasis en la optimizaci\u00f3n de motores de b\u00fasqueda (SEO). Esto significa que su sitio web estar\u00e1 optimizado para clasificarse m\u00e1s alto en las p\u00e1ginas de resultados del motor de b\u00fasqueda, aumentando su visibilidad y atrayendo m\u00e1s tr\u00e1fico org\u00e1nico. Al garantizar que los motores de b\u00fasqueda sean f\u00e1cilmente descubiertos de su sitio web, puede aumentar significativamente su presencia en l\u00ednea y llegar a un p\u00fablico m\u00e1s amplio.<\/p>\n<p>Con el tema de WordPress multiprop\u00f3sito total sensible, las posibilidades son pr\u00e1cticamente ilimitadas. Al aprovechar el poder de este tema, puede crear sin esfuerzo un sitio web profesional y pulido que no solo cautive e involucre a sus visitantes, sino que tambi\u00e9n lo ayude a lograr sus objetivos y aspiraciones en l\u00ednea.<\/p>\n<ul>\n<li>Un tema de WordPress vers\u00e1til y visualmente impresionante dise\u00f1ado para cualquier tipo de sitio web.<\/li>\n<li>El dise\u00f1o totalmente receptivo asegura que su sitio web se vea genial en cualquier dispositivo, desde escritorios hasta tel\u00e9fonos inteligentes.<\/li>\n<li>Las opciones de personalizaci\u00f3n f\u00e1cil de usar le permiten adaptar el aspecto de su sitio para que se ajuste a su marca.<\/li>\n<li>Incluye una amplia gama de plantillas de p\u00e1gina preconstruidas, dise\u00f1os y widgets para ayudarlo a crear su sitio web perfecto de manera r\u00e1pida y f\u00e1cil.<\/li>\n<li>El soporte incorporado para complementos populares como WooCommerce, el Formulario de contacto 7 y el constructor de p\u00e1ginas de WPBakery significa que puede agregar caracter\u00edsticas potentes a su sitio con solo unos pocos clics.<\/li>\n<li>El tema est\u00e1 optimizado para la velocidad y el rendimiento, asegurando que sus visitantes tengan una experiencia de navegaci\u00f3n r\u00e1pida y perfecta.<\/li>\n<li>Incluye una amplia documentaci\u00f3n y apoyo de un equipo dedicado de expertos para ayudarlo a aprovechar al m\u00e1ximo el tema.<\/li>\n<\/ul>\n","protected":false},"excerpt":{"rendered":"<p>La entrada es un tema incre\u00edblemente vers\u00e1til y altamente receptivo que est\u00e1 espec\u00edficamente dise\u00f1ado para WordPress, y posee la notable capacidad para atender a todos los fines, sin importar cu\u00e1n diversos puedan ser. Este tema excepcional cuenta con una extensa gama de opciones y plantillas que se pueden personalizar en un grado sorprendente, lo que le permite elaborar un sitio web que realmente encarna la personalidad \u00fanica de su marca. Ya sea que su intenci\u00f3n sea establecer una tienda de comercio electr\u00f3nico cautivadora o un blog que invita a la reflexi\u00f3n, la informaci\u00f3n deber\u00eda ser indiscutiblemente su elecci\u00f3n, ya que garantiza la presentaci\u00f3n \u00f3ptima de su contenido y productos al iluminarlos de la luz m\u00e1s favorable que se puede concebir. Adem\u00e1s, la entrada exuda sin esfuerzo un aura de sofisticaci\u00f3n y contemporaneidad, lo que lo convierte en una selecci\u00f3n impecable para las empresas de cualquier magnitud y para las personas que anhelan un tema de WordPress amigable y notablemente flexible que se adapta perfectamente a los requisitos de cualquier dispositivo. Por lo tanto, al aprovechar las capacidades transformadoras de la entrada, puede crear con \u00e9xito una experiencia de usuario incomparable y al mismo tiempo garantizar que su sitio web permanezca perfectamente adaptable a una amplia gama de dispositivos tecnol\u00f3gicos.<\/p>\n","protected":false},"featured_media":167838,"comment_status":"open","ping_status":"open","template":"","meta":[],"product_brand":[2337],"product_cat":[1239,1237,1238],"product_tag":[1391],"class_list":{"0":"post-111737","1":"product","2":"type-product","3":"status-publish","4":"has-post-thumbnail","6":"product_brand-themeforest","7":"product_cat-de-multiples-fines","8":"product_cat-temas","9":"product_cat-wordpress-temas","10":"product_tag-themeforest","11":"member-discount","12":"discount-restricted","14":"first","15":"instock","16":"sale","17":"downloadable","18":"virtual","19":"sold-individually","20":"purchasable","21":"product-type-simple"},"_links":{"self":[{"href":"https:\/\/gpl-love.com\/es\/wp-json\/wp\/v2\/product\/111737","targetHints":{"allow":["GET"]}}],"collection":[{"href":"https:\/\/gpl-love.com\/es\/wp-json\/wp\/v2\/product"}],"about":[{"href":"https:\/\/gpl-love.com\/es\/wp-json\/wp\/v2\/types\/product"}],"replies":[{"embeddable":true,"href":"https:\/\/gpl-love.com\/es\/wp-json\/wp\/v2\/comments?post=111737"}],"wp:featuredmedia":[{"embeddable":true,"href":"https:\/\/gpl-love.com\/es\/wp-json\/wp\/v2\/media\/167838"}],"wp:attachment":[{"href":"https:\/\/gpl-love.com\/es\/wp-json\/wp\/v2\/media?parent=111737"}],"wp:term":[{"taxonomy":"product_brand","embeddable":true,"href":"https:\/\/gpl-love.com\/es\/wp-json\/wp\/v2\/product_brand?post=111737"},{"taxonomy":"product_cat","embeddable":true,"href":"https:\/\/gpl-love.com\/es\/wp-json\/wp\/v2\/product_cat?post=111737"},{"taxonomy":"product_tag","embeddable":true,"href":"https:\/\/gpl-love.com\/es\/wp-json\/wp\/v2\/product_tag?post=111737"}],"curies":[{"name":"wp","href":"https:\/\/api.w.org\/{rel}","templated":true}]}}