{"id":111733,"date":"2025-05-13T00:00:00","date_gmt":"2025-05-13T05:00:00","guid":{"rendered":"http:\/\/gpl-love.com\/es\/producto\/content-views-pro-wordpress-grid-plugin\/"},"modified":"2026-03-09T08:27:22","modified_gmt":"2026-03-09T13:27:22","slug":"content-views-pro-wordpress-grid-plugin","status":"publish","type":"product","link":"https:\/\/gpl-love.com\/es\/producto\/content-views-pro-wordpress-grid-plugin\/","title":{"rendered":"Content Views Pro 7.2.2"},"content":{"rendered":"<h3>Content Views Pro Caracteristicas<\/h3>\n<p>Content Views Pro es un complemento de WordPress notablemente robusto, dise\u00f1ado espec\u00edficamente para capacitar a los usuarios con la capacidad de exhibir y organizar el contenido de su sitio web en una variedad de vistas personalizables. A trav\u00e9s de la utilizaci\u00f3n de las vistas de contenido Pro, las personas pueden fabricar sin esfuerzo la red, la lista y las vistas de la tabla que acent\u00faan enf\u00e1ticamente su contenido al tiempo que facilitan la navegaci\u00f3n sin problemas para los visitantes. Este complemento cuenta con un extenso repertorio de caracter\u00edsticas y opciones sofisticadas, que abarcan los campos personalizados, los mecanismos de filtro y clasificaci\u00f3n, as\u00ed como una integraci\u00f3n perfecta con los populares constructores de p\u00e1ginas de WordPress. Ya sea que su objetivo principal es mostrar elocuentemente las publicaciones de su blog, elementos de cartera o productos, Content Views Pro surge como un activo incomparable que amplificar\u00e1 sustancialmente la experiencia general del usuario y fomenta los niveles de participaci\u00f3n elevados en su estimado sitio web.<\/p>\n<ul>\n<li>Potente complemento de WordPress para crear listados de publicaci\u00f3n y p\u00e1gina personalizados<\/li>\n<li>Muestra f\u00e1cilmente contenido en diferentes estilos, incluida la cuadr\u00edcula, la lista y el control deslizante<\/li>\n<li>Filtrar y clasificar contenido basado en varios criterios<\/li>\n<li>Soporte incorporado para campos y taxonom\u00edas personalizados<\/li>\n<li>Integraci\u00f3n con complementos populares como WooCommerce y Calendario de eventos<\/li>\n<li>Sistema de almacenamiento de almacenamiento avanzado para mejorar el rendimiento<\/li>\n<li>Dise\u00f1o receptivo para una visualizaci\u00f3n \u00f3ptima en todos los dispositivos<\/li>\n<li>Interfaz intuitiva de arrastrar y soltar para una f\u00e1cil personalizaci\u00f3n<\/li>\n<li>Opci\u00f3n para mostrar contenido por categor\u00eda, etiqueta, autor y m\u00e1s<\/li>\n<li>Opciones de visualizaci\u00f3n de publicaci\u00f3n\/p\u00e1gina \u00fanica y m\u00faltiples<\/li>\n<li>Documentaci\u00f3n integral y excelente atenci\u00f3n al cliente<\/li>\n<\/ul>\n","protected":false},"excerpt":{"rendered":"<p>Content Views Pro es un complemento notablemente robusto que ofrece una variedad de caracter\u00edsticas dise\u00f1adas para elevar la presentaci\u00f3n y administraci\u00f3n del contenido de su sitio de WordPress. Al emplear esta herramienta altamente eficiente, est\u00e1 facultado para generar sin esfuerzo cuadr\u00edculas y listas que consisten en publicaciones, p\u00e1ginas e incluso tipos de publicaciones personalizadas. Adem\u00e1s, proporciona la conveniencia del filtrado y clasificaci\u00f3n de contenido sin esfuerzo, as\u00ed como la capacidad de personalizar perfectamente sus dise\u00f1os. Independientemente de si est\u00e1 operando un blog, un sitio de noticias o una tienda en l\u00ednea, las capacidades transformadoras de las vistas al contenido Pro indudablemente revolucionar\u00e1n la manera en que se exhibe su contenido, lo que resulta en una apariencia impecablemente cohesiva y profesional que cautiva a su audiencia y finalmente fomenta conversiones mejoradas. Despedirse de las pantallas de contenido desorganizadas e ineficaces, y marc\u00f3 el comienzo de una nueva era de experiencia mejorada del usuario con el notable contenido Vistas Pro.<\/p>\n","protected":false},"featured_media":168348,"comment_status":"open","ping_status":"open","template":"","meta":[],"product_brand":[2611],"product_cat":[1214,1206,1211],"product_tag":[1794],"class_list":{"0":"post-111733","1":"product","2":"type-product","3":"status-publish","4":"has-post-thumbnail","6":"product_brand-content-views","7":"product_cat-personalizacion","8":"product_cat-plugins","9":"product_cat-wordpress-plugins","10":"product_tag-content-views","11":"member-discount","12":"discount-restricted","14":"first","15":"instock","16":"sale","17":"downloadable","18":"virtual","19":"sold-individually","20":"purchasable","21":"product-type-simple"},"_links":{"self":[{"href":"https:\/\/gpl-love.com\/es\/wp-json\/wp\/v2\/product\/111733","targetHints":{"allow":["GET"]}}],"collection":[{"href":"https:\/\/gpl-love.com\/es\/wp-json\/wp\/v2\/product"}],"about":[{"href":"https:\/\/gpl-love.com\/es\/wp-json\/wp\/v2\/types\/product"}],"replies":[{"embeddable":true,"href":"https:\/\/gpl-love.com\/es\/wp-json\/wp\/v2\/comments?post=111733"}],"wp:featuredmedia":[{"embeddable":true,"href":"https:\/\/gpl-love.com\/es\/wp-json\/wp\/v2\/media\/168348"}],"wp:attachment":[{"href":"https:\/\/gpl-love.com\/es\/wp-json\/wp\/v2\/media?parent=111733"}],"wp:term":[{"taxonomy":"product_brand","embeddable":true,"href":"https:\/\/gpl-love.com\/es\/wp-json\/wp\/v2\/product_brand?post=111733"},{"taxonomy":"product_cat","embeddable":true,"href":"https:\/\/gpl-love.com\/es\/wp-json\/wp\/v2\/product_cat?post=111733"},{"taxonomy":"product_tag","embeddable":true,"href":"https:\/\/gpl-love.com\/es\/wp-json\/wp\/v2\/product_tag?post=111733"}],"curies":[{"name":"wp","href":"https:\/\/api.w.org\/{rel}","templated":true}]}}