{"id":111731,"date":"2021-03-21T00:00:00","date_gmt":"2021-03-21T05:00:00","guid":{"rendered":"http:\/\/gpl-love.com\/es\/producto\/mega-wordpress-bundle-by-coderevolution\/"},"modified":"2026-03-09T07:49:44","modified_gmt":"2026-03-09T12:49:44","slug":"mega-wordpress-bundle-by-coderevolution","status":"publish","type":"product","link":"https:\/\/gpl-love.com\/es\/producto\/mega-wordpress-bundle-by-coderevolution\/","title":{"rendered":"Mega WordPress Bundle por CodeRevolution 7.2"},"content":{"rendered":"<h3>Mega WordPress Bundle por CodeRevolution Caracteristicas<\/h3>\n<p>El Mega WordPress Bundle, desarrollado por CodeRevolution, es una extensa colecci\u00f3n que abarca una variedad diversa de complementos, temas y plantillas, todas meticulosamente dise\u00f1adas para aumentar la funcionalidad y el atractivo visual de los sitios web de WordPress. Con una asamblea impresionante de m\u00e1s de 30 complementos premium, 20 temas premium y una asombrosa cantidad de 1,000 plantillas predise\u00f1adas, este paquete ofrece un inmenso valor a los propietarios del sitio web que anhelan elevar su presencia en l\u00ednea. Desde las capacidades de intercambio social de vanguardia hasta dise\u00f1os que responden sin problemas, el Mega WordPress Bundle abarca un conjunto integral de herramientas que satisfacen las necesidades de los usuarios de WordPress novatos y experimentados, asegurando inequ\u00edvocamente la creaci\u00f3n de un sitio web distintivo y cautivador que se distingue sin esfuerzo de los esfuerzos de los esfuerzos de los esfuerzos de separaci\u00f3n de los esfuerzos de separaci\u00f3n de los esfuerzos de separaci\u00f3n de los esfuerzos. El vasto panorama digital.<\/p>\n<ul>\n<li>Incluye 29 complementos de WordPress premium para la optimizaci\u00f3n y personalizaci\u00f3n del sitio web<\/li>\n<li>Le ahorra m\u00e1s de $ 1000 en comparaci\u00f3n con la compra de cada complemento individualmente<\/li>\n<li>Actualizaciones regulares y nuevos lanzamientos de complementos incluidos de forma gratuita durante 1 a\u00f1o despu\u00e9s de la compra<\/li>\n<li>Interfaces f\u00e1ciles de usar y procesos de instalaci\u00f3n y configuraci\u00f3n f\u00e1ciles<\/li>\n<li>Compatible con las \u00faltimas tecnolog\u00edas de WordPress y Web<\/li>\n<li>Los complementos cubren diferentes campos, incluidos SEO, redes sociales, marketing de afiliaci\u00f3n, automatizaci\u00f3n y monetizaci\u00f3n de sitios web<\/li>\n<li>Viene con documentaci\u00f3n detallada y atenci\u00f3n al cliente para cualquier problema o pregunta.<\/li>\n<li>Propiedad de por vida de todos los complementos y acceso a descuentos y promociones futuros<\/li>\n<li>Perfecto para propietarios de sitios web, blogueros, vendedores y desarrolladores que buscan una soluci\u00f3n integral y rentable de WordPress.<\/li>\n<\/ul>\n","protected":false},"excerpt":{"rendered":"<p>El Mega WordPress Bundle, desarrollado por CodeRevolution, es un paquete que abarca todo lo que comprende una gran cantidad de herramientas y complementos indispensables que no solo aumentan la funcionalidad y el rendimiento de su sitio web de WordPress, sino que tambi\u00e9n amplifican significativamente su eficiencia general. Este extenso paquete abarca un asombroso total de 53 complementos excepcionalmente bien considerados, que abarcan un amplio espectro de funcionalidades, como la optimizaci\u00f3n de SEO, la integraci\u00f3n perfecta con diversas plataformas de redes sociales, medidas de seguridad de sitios web hol\u00edsticas, sistemas de gesti\u00f3n de contenido eficientes y una abundancia de Otras caracter\u00edsticas notables. Al aprovechar este notable ensamblaje, obtiene la invaluable capacidad de adaptar sin esfuerzo su sitio web para alinearse con precisi\u00f3n con sus distintos requisitos, lo que le permite elevar de manera efectiva su presencia en l\u00ednea y afirmar su huella digital con la mayor facilidad. En consecuencia, el Mega WordPress Bundle est\u00e1 dise\u00f1ado inequ\u00edvocamente para propietarios de sitios web, blogueros y desarrolladores que aspiran ardientemente mejorar sus dominios digitales de manera perfecta y sin problemas.<\/p>\n","protected":false},"featured_media":166735,"comment_status":"open","ping_status":"open","template":"","meta":[],"product_brand":[2339],"product_cat":[1214,1206,1211],"product_tag":[1256],"class_list":{"0":"post-111731","1":"product","2":"type-product","3":"status-publish","4":"has-post-thumbnail","6":"product_brand-codecanyon","7":"product_cat-personalizacion","8":"product_cat-plugins","9":"product_cat-wordpress-plugins","10":"product_tag-codecanyon","11":"member-discount","12":"discount-restricted","14":"first","15":"instock","16":"sale","17":"downloadable","18":"virtual","19":"sold-individually","20":"purchasable","21":"product-type-simple"},"_links":{"self":[{"href":"https:\/\/gpl-love.com\/es\/wp-json\/wp\/v2\/product\/111731","targetHints":{"allow":["GET"]}}],"collection":[{"href":"https:\/\/gpl-love.com\/es\/wp-json\/wp\/v2\/product"}],"about":[{"href":"https:\/\/gpl-love.com\/es\/wp-json\/wp\/v2\/types\/product"}],"replies":[{"embeddable":true,"href":"https:\/\/gpl-love.com\/es\/wp-json\/wp\/v2\/comments?post=111731"}],"wp:featuredmedia":[{"embeddable":true,"href":"https:\/\/gpl-love.com\/es\/wp-json\/wp\/v2\/media\/166735"}],"wp:attachment":[{"href":"https:\/\/gpl-love.com\/es\/wp-json\/wp\/v2\/media?parent=111731"}],"wp:term":[{"taxonomy":"product_brand","embeddable":true,"href":"https:\/\/gpl-love.com\/es\/wp-json\/wp\/v2\/product_brand?post=111731"},{"taxonomy":"product_cat","embeddable":true,"href":"https:\/\/gpl-love.com\/es\/wp-json\/wp\/v2\/product_cat?post=111731"},{"taxonomy":"product_tag","embeddable":true,"href":"https:\/\/gpl-love.com\/es\/wp-json\/wp\/v2\/product_tag?post=111731"}],"curies":[{"name":"wp","href":"https:\/\/api.w.org\/{rel}","templated":true}]}}