{"id":111729,"date":"2025-08-03T00:00:00","date_gmt":"2025-08-03T05:00:00","guid":{"rendered":"http:\/\/gpl-love.com\/es\/producto\/swape-app-showcase-and-app-store-wordpress-theme\/"},"modified":"2026-04-10T11:27:04","modified_gmt":"2026-04-10T16:27:04","slug":"swape-app-showcase-and-app-store-wordpress-theme","status":"publish","type":"product","link":"https:\/\/gpl-love.com\/es\/producto\/swape-app-showcase-and-app-store-wordpress-theme\/","title":{"rendered":"Swape App Showcase y App Store WordPress Theme 2.3"},"content":{"rendered":"<h3>Swape App Showcase y App Store WordPress Theme Caracteristicas<\/h3>\n<p>El tema Swape App Showcase y la App Store WordPress es una soluci\u00f3n integral que satisface las necesidades de las empresas y desarrolladores que desean presentar sus aplicaciones m\u00f3viles. Ofrece un dise\u00f1o elegante y contempor\u00e1neo, meticulosamente elaborado para exhibir aplicaciones m\u00f3viles de manera sofisticada y refinada. Swape ofrece una amplia gama de plantillas predise\u00f1adas, animaciones cautivadoras y widgets vers\u00e1tiles que pueden personalizarse sin esfuerzo para alinearse perfectamente con los distintos requisitos de su aplicaci\u00f3n. Adem\u00e1s, Swape cuenta con un dise\u00f1o de App Store que facilita la creaci\u00f3n de un mercado integral de aplicaciones m\u00f3viles que es f\u00e1cil de usar y visualmente cautivadora. Al emplear SWAPE, podr\u00e1 promocionar f\u00e1cilmente sus aplicaciones m\u00f3viles y aumentar la cantidad de descargas, todo al tiempo que mejora su presencia en l\u00ednea.<\/p>\n<ul>\n<li>Opciones de dise\u00f1o personalizables para un sitio web \u00fanico de exhibici\u00f3n de aplicaciones<\/li>\n<li>Interfaz de usuario intuitiva para una f\u00e1cil navegaci\u00f3n y exhibici\u00f3n de aplicaciones<\/li>\n<li>Integraci\u00f3n con la tienda de aplicaciones para sincronizar y actualizar la aplicaci\u00f3n sin problemas<\/li>\n<li>Dise\u00f1o receptivo para una visualizaci\u00f3n optimizada en todos los dispositivos<\/li>\n<li>Caracter\u00edsticas de optimizaci\u00f3n de motores de b\u00fasqueda incorporados para una mayor visibilidad en l\u00ednea<\/li>\n<li>Compatibilidad con complementos populares de WordPress para una funcionalidad adicional<\/li>\n<li>Se incluy\u00f3 documentaci\u00f3n y soporte para una f\u00e1cil configuraci\u00f3n y soluci\u00f3n de problemas<\/li>\n<li>Opciones de color ilimitadas y opciones de fuentes para marca personalizada<\/li>\n<li>Integraci\u00f3n de redes sociales incorporadas para un mayor intercambio y compromiso<\/li>\n<\/ul>\n","protected":false},"excerpt":{"rendered":"<p>El tema Swape App Showcase y App Store WordPress se presenta como la mejor respuesta a su necesidad de una plataforma para exhibir y vender sus aplicaciones m\u00f3viles o web. Este notable tema ha sido dise\u00f1ado espec\u00edficamente para cautivar y cautivar la atenci\u00f3n de los clientes potenciales ofreci\u00e9ndoles una variedad de exhibiciones de galer\u00eda visualmente impresionantes, widgets interactivos e integraci\u00f3n completa con el muy aclamado WooCommerce. Adem\u00e1s, este tema cuenta con una gran cantidad de opciones de personalizaci\u00f3n que le permiten exhibir sin esfuerzo las caracter\u00edsticas clave, revisiones, detalles de precios y mucho m\u00e1s. Adem\u00e1s, vale la pena mencionar que este tema es totalmente receptivo y meticulosamente optimizado para los motores de b\u00fasqueda, lo que garantiza que su aplicaci\u00f3n no solo se destaque sino que tambi\u00e9n llegue a una audiencia m\u00e1s amplia. Con las capacidades extraordinarias de Swape, tiene la capacidad de elevar su tienda de aplicaciones a alturas sin precedentes, lo que finalmente conduce a un aumento sustancial en sus ganancias.<\/p>\n","protected":false},"featured_media":167676,"comment_status":"open","ping_status":"open","template":"","meta":[],"product_brand":[2337],"product_cat":[1267,1237,1238],"product_tag":[1391],"class_list":{"0":"post-111729","1":"product","2":"type-product","3":"status-publish","4":"has-post-thumbnail","6":"product_brand-themeforest","7":"product_cat-creativo","8":"product_cat-temas","9":"product_cat-wordpress-temas","10":"product_tag-themeforest","11":"member-discount","12":"discount-restricted","14":"first","15":"instock","16":"sale","17":"downloadable","18":"virtual","19":"sold-individually","20":"purchasable","21":"product-type-simple"},"_links":{"self":[{"href":"https:\/\/gpl-love.com\/es\/wp-json\/wp\/v2\/product\/111729","targetHints":{"allow":["GET"]}}],"collection":[{"href":"https:\/\/gpl-love.com\/es\/wp-json\/wp\/v2\/product"}],"about":[{"href":"https:\/\/gpl-love.com\/es\/wp-json\/wp\/v2\/types\/product"}],"replies":[{"embeddable":true,"href":"https:\/\/gpl-love.com\/es\/wp-json\/wp\/v2\/comments?post=111729"}],"wp:featuredmedia":[{"embeddable":true,"href":"https:\/\/gpl-love.com\/es\/wp-json\/wp\/v2\/media\/167676"}],"wp:attachment":[{"href":"https:\/\/gpl-love.com\/es\/wp-json\/wp\/v2\/media?parent=111729"}],"wp:term":[{"taxonomy":"product_brand","embeddable":true,"href":"https:\/\/gpl-love.com\/es\/wp-json\/wp\/v2\/product_brand?post=111729"},{"taxonomy":"product_cat","embeddable":true,"href":"https:\/\/gpl-love.com\/es\/wp-json\/wp\/v2\/product_cat?post=111729"},{"taxonomy":"product_tag","embeddable":true,"href":"https:\/\/gpl-love.com\/es\/wp-json\/wp\/v2\/product_tag?post=111729"}],"curies":[{"name":"wp","href":"https:\/\/api.w.org\/{rel}","templated":true}]}}