{"id":111727,"date":"2024-07-13T00:00:00","date_gmt":"2024-07-13T05:00:00","guid":{"rendered":"http:\/\/gpl-love.com\/es\/producto\/ajax-login-and-registration-modal-popup-pro\/"},"modified":"2026-03-09T07:17:22","modified_gmt":"2026-03-09T12:17:22","slug":"ajax-login-and-registration-modal-popup-pro","status":"publish","type":"product","link":"https:\/\/gpl-love.com\/es\/producto\/ajax-login-and-registration-modal-popup-pro\/","title":{"rendered":"AJAX Login y Registration Modal Popup Pro 2.18"},"content":{"rendered":"<h3>AJAX Login y Registration Modal Popup Pro Caracteristicas<\/h3>\n<p>La ventana emergente modal de inicio de sesi\u00f3n y registro de AJAX presenta una soluci\u00f3n sin precedentes por la cual los propietarios de sitios web pueden incorporar una ventana emergente de inicio de sesi\u00f3n y registro que exuda profesionalismo en su estimado sitio web. Aprovechando la destreza de la tecnolog\u00eda Ajax, los usuarios tienen la conveniencia de iniciar o registrarse sin esfuerzo sin la necesidad de navegar lejos de la p\u00e1gina actual que est\u00e1n navegando. Esta caracter\u00edstica excepcional no solo aumenta la experiencia del usuario, sino que tambi\u00e9n fortalece la seguridad del sitio web al frustrar efectivamente el acceso no autorizado. Adem\u00e1s, este ingenioso complemento cuenta con un notable nivel de personalizaci\u00f3n, que ofrece una amplia gama de alternativas de dise\u00f1o que se alinean perfectamente con la marca distintiva del sitio web. En resumen, la ventana emergente modal de inicio de sesi\u00f3n y registro de AJAX sirve indudablemente como un instrumento indispensable para cualquier propietario del sitio web m\u00e1s exigente con la intenci\u00f3n de elevar la experiencia del usuario y al mismo tiempo reforzar la impregnaci\u00f3n de su estimado sitio web.<\/p>\n<ul>\n<li>Popup modal de inicio de sesi\u00f3n y registro con AJAX para sitios web<\/li>\n<li>Proporciona una experiencia de inicio de sesi\u00f3n\/registro perfecta y f\u00e1cil de usar para sus visitantes<\/li>\n<li>Permite a los usuarios registrarse e iniciar sesi\u00f3n sin dejar la p\u00e1gina actual<\/li>\n<li>Dise\u00f1o personalizable para que coincida con la marca de su sitio web<\/li>\n<li>Funcionales de inicio de sesi\u00f3n\/registro m\u00faltiples compatibles con el inicio de sesi\u00f3n de las redes sociales y la protecci\u00f3n de seguridad de Captcha<\/li>\n<li>Proceso de instalaci\u00f3n f\u00e1cil sin codificaci\u00f3n requerida<\/li>\n<li>Dise\u00f1o receptivo adecuado para dispositivos de escritorio y m\u00f3viles<\/li>\n<li>Opci\u00f3n para agregar campos personalizados al formulario de registro para recopilar informaci\u00f3n adicional<\/li>\n<li>Proporciona an\u00e1lisis detallados e ideas sobre los datos del comportamiento del usuario y el registro<\/li>\n<li>Sistema de administraci\u00f3n de usuarios incorporado para manejar y monitorear cuentas de usuario<\/li>\n<li>Actualizaciones regulares y atenci\u00f3n al cliente disponibles<\/li>\n<\/ul>\n","protected":false},"excerpt":{"rendered":"<p>Experimente un proceso de inicio de sesi\u00f3n y registro m\u00e1s suave, m\u00e1s r\u00e1pido y m\u00e1s f\u00e1cil de usar con AJAX Iniciar sesi\u00f3n y registro POMPUP MODAL POMPER. Esta herramienta web avanzada presenta un poderoso inicio de sesi\u00f3n de AJAX que elimina eficientemente las recargas de la p\u00e1gina, ahorrando tiempo a sus usuarios y mejorando su experiencia de navegaci\u00f3n general. Con la ventana emergente modal f\u00e1cil de usar, los registros y los firmantes se hacen sin esfuerzo, lo que permite a sus usuarios acceder r\u00e1pidamente a las funciones de su sitio. La versi\u00f3n Pro tambi\u00e9n ofrece caracter\u00edsticas de seguridad mejoradas, asegurando que los datos de sus usuarios est\u00e9n almacenados y protegidos de forma segura. Experimente el proceso de inicio de sesi\u00f3n y registro de grado profesional, sin costura y eficiente con AJAX inicio de sesi\u00f3n y registro de ventana emergente modal.<\/p>\n","protected":false},"featured_media":165339,"comment_status":"open","ping_status":"open","template":"","meta":[],"product_brand":[2359],"product_cat":[1214,1206,1211],"product_tag":[1793],"class_list":{"0":"post-111727","1":"product","2":"type-product","3":"status-publish","4":"has-post-thumbnail","6":"product_brand-maxim-kaminsky","7":"product_cat-personalizacion","8":"product_cat-plugins","9":"product_cat-wordpress-plugins","10":"product_tag-maxim-kaminsky","11":"member-discount","12":"discount-restricted","14":"first","15":"instock","16":"sale","17":"downloadable","18":"virtual","19":"sold-individually","20":"purchasable","21":"product-type-simple"},"_links":{"self":[{"href":"https:\/\/gpl-love.com\/es\/wp-json\/wp\/v2\/product\/111727","targetHints":{"allow":["GET"]}}],"collection":[{"href":"https:\/\/gpl-love.com\/es\/wp-json\/wp\/v2\/product"}],"about":[{"href":"https:\/\/gpl-love.com\/es\/wp-json\/wp\/v2\/types\/product"}],"replies":[{"embeddable":true,"href":"https:\/\/gpl-love.com\/es\/wp-json\/wp\/v2\/comments?post=111727"}],"wp:featuredmedia":[{"embeddable":true,"href":"https:\/\/gpl-love.com\/es\/wp-json\/wp\/v2\/media\/165339"}],"wp:attachment":[{"href":"https:\/\/gpl-love.com\/es\/wp-json\/wp\/v2\/media?parent=111727"}],"wp:term":[{"taxonomy":"product_brand","embeddable":true,"href":"https:\/\/gpl-love.com\/es\/wp-json\/wp\/v2\/product_brand?post=111727"},{"taxonomy":"product_cat","embeddable":true,"href":"https:\/\/gpl-love.com\/es\/wp-json\/wp\/v2\/product_cat?post=111727"},{"taxonomy":"product_tag","embeddable":true,"href":"https:\/\/gpl-love.com\/es\/wp-json\/wp\/v2\/product_tag?post=111727"}],"curies":[{"name":"wp","href":"https:\/\/api.w.org\/{rel}","templated":true}]}}