{"id":111725,"date":"2022-01-19T00:00:00","date_gmt":"2022-01-19T05:00:00","guid":{"rendered":"http:\/\/gpl-love.com\/es\/producto\/imevent-conference-meetup-wordpress-theme\/"},"modified":"2026-03-13T17:22:32","modified_gmt":"2026-03-13T22:22:32","slug":"imevent-conference-meetup-wordpress-theme","status":"publish","type":"product","link":"https:\/\/gpl-love.com\/es\/producto\/imevent-conference-meetup-wordpress-theme\/","title":{"rendered":"ImEvent Conference Meetup WordPress Theme 3.3.3"},"content":{"rendered":"<h3>ImEvent Conference Meetup WordPress Theme Caracteristicas<\/h3>\n<p>El tema de WordPress de la Conferencia IMevent es una herramienta incre\u00edblemente vers\u00e1til y multifuncional que ha sido dise\u00f1ada y meticulosamente dise\u00f1ada para atender espec\u00edficamente al intrincado y complejo mundo de la gesti\u00f3n de eventos. Con su extensa y amplia variedad de caracter\u00edsticas y funcionalidades personalizables, este tema tiene la capacidad incomparable de adaptarse y ajustarse sin esfuerzo a los requisitos \u00fanicos e individuales de cualquier evento o conferencia, independientemente de su tama\u00f1o, alcance o naturaleza. Integrando perfectamente una combinaci\u00f3n perfecta de facilidad de uso y facilidad de uso, el tema impulsa sin esfuerzo a los organizadores del evento a crear y administrar y administrar y administrar una plataforma de registro de eventos integral y integral, facilitando sin esfuerzo el proceso de boletos y programaci\u00f3n. Adem\u00e1s, este tema tambi\u00e9n cuenta con una amplia y diversa gama de opciones y opciones de dise\u00f1o, lo que permite a los usuarios crear sitios web visualmente impresionantes y cautivadores que promueven y anuncian efectivamente sus eventos, capturando efectivamente el inter\u00e9s y la atenci\u00f3n de los posibles asistentes y participantes. En consecuencia, no hace falta decir que el tema de WordPress de la Conferencia IMevent es una soluci\u00f3n excepcionalmente confiable y confiable para los planificadores y organizadores de eventos que buscan un medio directo y altamente efectivo para administrar y supervisar todas las facetas y aspectos de sus eventos en un conveniente y configuraci\u00f3n en l\u00ednea optimizada.<\/p>\n<ul>\n<li>Dise\u00f1o receptivo que funciona en todos los dispositivos<\/li>\n<li>Dise\u00f1o limpio y moderno para un aspecto profesional<\/li>\n<li>M\u00faltiples opciones de p\u00e1gina de inicio y encabezado para versatilidad<\/li>\n<li>Sistema avanzado de gesti\u00f3n de eventos para una organizaci\u00f3n f\u00e1cil<\/li>\n<li>Opciones de registro m\u00faltiples para los asistentes<\/li>\n<li>Gesti\u00f3n de altavoces y programas para una f\u00e1cil planificaci\u00f3n<\/li>\n<li>Opciones de personalizaci\u00f3n f\u00e1ciles para la marca<\/li>\n<li>Integraci\u00f3n de las redes sociales para una f\u00e1cil promoci\u00f3n<\/li>\n<li>Traducci\u00f3n y apoyo WPML para eventos internacionales<\/li>\n<li>Instalaci\u00f3n de un solo clic para una f\u00e1cil configuraci\u00f3n<\/li>\n<\/ul>\n","protected":false},"excerpt":{"rendered":"<p>El tema de WordPress de la Conferencia IMevent se presenta como una soluci\u00f3n ideal e integral adaptada espec\u00edficamente para organizadores de eventos, anfitriones de conferencias y grupos de reuniones que buscan un sitio web sofisticado y profesional. Con una gran cantidad de caracter\u00edsticas robustas, este tema se ha dise\u00f1ado meticulosamente con la m\u00e1xima consideraci\u00f3n para la participaci\u00f3n del usuario y la navegaci\u00f3n perfecta, incorporando a la perfecci\u00f3n las tendencias de dise\u00f1o contempor\u00e1neas para garantizar que su sitio web realmente se destaque entre la multitud. Adem\u00e1s, su panel de control vers\u00e1til y din\u00e1mico le permite la capacidad de personalizar sin esfuerzo todos y cada uno de los aspectos de su sitio, desde los esquemas de color vibrantes hasta las opciones de fuente precisas, lo que lo convierte en una opci\u00f3n verdaderamente impecable para las empresas de todas las magnitudes. Independientemente de si est\u00e1 organizando un evento exclusivo de una sola vez o administrando diligentemente un grupo de reuniones recurrente y cada vez mayor, el tema de WordPress de la Conferencia IMevent de la Conferencia IMEVENT, personificadamente personifica la soluci\u00f3n definitiva y que est\u00e1 anhelando establecer y establecer un sin esfuerzo para establecer y establecer un sin esfuerzo. presencia en l\u00ednea impecable.<\/p>\n","protected":false},"featured_media":166459,"comment_status":"open","ping_status":"open","template":"","meta":[],"product_brand":[2337],"product_cat":[1267,1237,1238],"product_tag":[1391],"class_list":{"0":"post-111725","1":"product","2":"type-product","3":"status-publish","4":"has-post-thumbnail","6":"product_brand-themeforest","7":"product_cat-creativo","8":"product_cat-temas","9":"product_cat-wordpress-temas","10":"product_tag-themeforest","11":"member-discount","12":"discount-restricted","14":"first","15":"instock","16":"sale","17":"downloadable","18":"virtual","19":"sold-individually","20":"purchasable","21":"product-type-simple"},"_links":{"self":[{"href":"https:\/\/gpl-love.com\/es\/wp-json\/wp\/v2\/product\/111725","targetHints":{"allow":["GET"]}}],"collection":[{"href":"https:\/\/gpl-love.com\/es\/wp-json\/wp\/v2\/product"}],"about":[{"href":"https:\/\/gpl-love.com\/es\/wp-json\/wp\/v2\/types\/product"}],"replies":[{"embeddable":true,"href":"https:\/\/gpl-love.com\/es\/wp-json\/wp\/v2\/comments?post=111725"}],"wp:featuredmedia":[{"embeddable":true,"href":"https:\/\/gpl-love.com\/es\/wp-json\/wp\/v2\/media\/166459"}],"wp:attachment":[{"href":"https:\/\/gpl-love.com\/es\/wp-json\/wp\/v2\/media?parent=111725"}],"wp:term":[{"taxonomy":"product_brand","embeddable":true,"href":"https:\/\/gpl-love.com\/es\/wp-json\/wp\/v2\/product_brand?post=111725"},{"taxonomy":"product_cat","embeddable":true,"href":"https:\/\/gpl-love.com\/es\/wp-json\/wp\/v2\/product_cat?post=111725"},{"taxonomy":"product_tag","embeddable":true,"href":"https:\/\/gpl-love.com\/es\/wp-json\/wp\/v2\/product_tag?post=111725"}],"curies":[{"name":"wp","href":"https:\/\/api.w.org\/{rel}","templated":true}]}}