{"id":111723,"date":"2022-06-01T00:00:00","date_gmt":"2022-06-01T05:00:00","guid":{"rendered":"http:\/\/gpl-love.com\/es\/producto\/pearl-corporate-business-wordpress-theme\/"},"modified":"2026-04-10T11:21:22","modified_gmt":"2026-04-10T16:21:22","slug":"pearl-corporate-business-wordpress-theme","status":"publish","type":"product","link":"https:\/\/gpl-love.com\/es\/producto\/pearl-corporate-business-wordpress-theme\/","title":{"rendered":"Pearl Corporate Business WordPress Theme 3.3.3"},"content":{"rendered":"<h3>Pearl Corporate Business WordPress Theme Caracteristicas<\/h3>\n<p>El tema de Pearl Corporate Business WordPress es un tema incre\u00edblemente robusto y multifac\u00e9tico que cuenta con una gran cantidad de caracter\u00edsticas y opciones de personalizaci\u00f3n especialmente adaptadas para adaptarse a las empresas de todas las escalas. Con su dise\u00f1o contempor\u00e1neo y muy f\u00e1cil de usar, este tema demuestra ser una opci\u00f3n ideal para elaborar una presencia en l\u00ednea sofisticada y cautivadora para su estimado negocio. Adem\u00e1s, este tema incluye una mir\u00edada de dise\u00f1os y plantillas predise\u00f1ados que facilitan una iniciaci\u00f3n suave y perfecta de su sitio web. Adem\u00e1s, tiene la libertad de personalizar el tema de acuerdo con el esquema de color distintivo de su marca y el estilo general. Adem\u00e1s, el creador de p\u00e1ginas de arrastrar y soltar incorporado le permite fabricar p\u00e1ginas web distintivas y convincentes para su sitio web con la m\u00e1xima facilidad. Vale la pena se\u00f1alar que el dise\u00f1o receptivo de este tema y las caracter\u00edsticas amigables con SEO lo convierten en una selecci\u00f3n excepcional para cualquier negocio que se esfuerce por establecer una presencia en l\u00ednea robusta y notable.<\/p>\n<ul>\n<li>Tema premium de WordPress dise\u00f1ado para sitios web corporativos y de negocios<\/li>\n<li>7 tipos de publicaciones personalizadas, incluidas carteras, servicios y testimonios de clientes<\/li>\n<li>Totalmente personalizable con m\u00faltiples esquemas de color e integraci\u00f3n de Google Fonts<\/li>\n<li>El dise\u00f1o receptivo garantiza una experiencia de usuario perfecta en cualquier dispositivo<\/li>\n<li>Construido con velocidad y optimizaci\u00f3n de SEO en mente para un rendimiento \u00f3ptimo del sitio web<\/li>\n<li>La importaci\u00f3n de demostraci\u00f3n de un solo clic para configurar r\u00e1pidamente y personalizar su sitio web<\/li>\n<li>Se integra con complementos populares como WooCommerce y el Formulario de contacto 7 para una funcionalidad adicional<\/li>\n<li>Equipo de apoyo dedicado para ayudar con cualquier pregunta o problema<\/li>\n<\/ul>\n","protected":false},"excerpt":{"rendered":"<p>El tema de WordPress empresarial de Pearl Corporate es un dise\u00f1o exquisito y sofisticado que atiende a las empresas de diferentes escalas, que abarca una amplia gama de tama\u00f1os. Con un dise\u00f1o pr\u00edstino y contempor\u00e1neo, este tema es el ep\u00edtome de la perfecci\u00f3n cuando se trata de mostrar los productos y servicios que ofrece su estimada compa\u00f1\u00eda. Imbuido de la capacidad excepcional para personalizar las secciones, un constructor de p\u00e1ginas de arrastre y suelto intuitivo, as\u00ed como una gran cantidad de p\u00e1ginas y dise\u00f1os preconstruidos y dise\u00f1os meticulosamente elaborados para elevar el atractivo visual de su sitio web, este tema es una joya absoluta. Adem\u00e1s, est\u00e1 equipado con plena capacidad de respuesta y optimizaci\u00f3n para los motores de b\u00fasqueda, asegurando que su sitio web exude excelencia en cualquier dispositivo y asegure una posici\u00f3n prominente en las clasificaciones de b\u00fasqueda de Google. Prep\u00e1rese para un salto monumental en la trayectoria de su negocio con el extraordinario tema de WordPress de Negocios Corporativos Pearl.<\/p>\n","protected":false},"featured_media":167180,"comment_status":"open","ping_status":"open","template":"","meta":[],"product_brand":[2337],"product_cat":[1307,1237,1238],"product_tag":[1391],"class_list":{"0":"post-111723","1":"product","2":"type-product","3":"status-publish","4":"has-post-thumbnail","6":"product_brand-themeforest","7":"product_cat-negocio-wordpress-temas","8":"product_cat-temas","9":"product_cat-wordpress-temas","10":"product_tag-themeforest","11":"member-discount","12":"discount-restricted","14":"first","15":"instock","16":"sale","17":"downloadable","18":"virtual","19":"sold-individually","20":"purchasable","21":"product-type-simple"},"_links":{"self":[{"href":"https:\/\/gpl-love.com\/es\/wp-json\/wp\/v2\/product\/111723","targetHints":{"allow":["GET"]}}],"collection":[{"href":"https:\/\/gpl-love.com\/es\/wp-json\/wp\/v2\/product"}],"about":[{"href":"https:\/\/gpl-love.com\/es\/wp-json\/wp\/v2\/types\/product"}],"replies":[{"embeddable":true,"href":"https:\/\/gpl-love.com\/es\/wp-json\/wp\/v2\/comments?post=111723"}],"wp:featuredmedia":[{"embeddable":true,"href":"https:\/\/gpl-love.com\/es\/wp-json\/wp\/v2\/media\/167180"}],"wp:attachment":[{"href":"https:\/\/gpl-love.com\/es\/wp-json\/wp\/v2\/media?parent=111723"}],"wp:term":[{"taxonomy":"product_brand","embeddable":true,"href":"https:\/\/gpl-love.com\/es\/wp-json\/wp\/v2\/product_brand?post=111723"},{"taxonomy":"product_cat","embeddable":true,"href":"https:\/\/gpl-love.com\/es\/wp-json\/wp\/v2\/product_cat?post=111723"},{"taxonomy":"product_tag","embeddable":true,"href":"https:\/\/gpl-love.com\/es\/wp-json\/wp\/v2\/product_tag?post=111723"}],"curies":[{"name":"wp","href":"https:\/\/api.w.org\/{rel}","templated":true}]}}