{"id":111722,"date":"2024-09-11T00:00:00","date_gmt":"2024-09-11T05:00:00","guid":{"rendered":"http:\/\/gpl-love.com\/es\/producto\/darna-building-and-construction-wordpress-theme\/"},"modified":"2026-03-13T17:19:02","modified_gmt":"2026-03-13T22:19:02","slug":"darna-building-and-construction-wordpress-theme","status":"publish","type":"product","link":"https:\/\/gpl-love.com\/es\/producto\/darna-building-and-construction-wordpress-theme\/","title":{"rendered":"Darna Building y Construction WordPress Theme 1.4.0"},"content":{"rendered":"<h3>Darna Building y Construction WordPress Theme Caracteristicas<\/h3>\n<p>El tema de WordPress Building and Construction Darna ofrece una soluci\u00f3n integral e innovadora a las personas que buscan establecer un sitio web profesional y din\u00e1mico para su empresa de construcci\u00f3n o construcci\u00f3n. Con un dise\u00f1o elegante y contempor\u00e1neo, este tema seguramente captar\u00e1 la atenci\u00f3n de la clientela potencial. Est\u00e1 equipado con funcionalidades avanzadas y opciones de personalizaci\u00f3n, que abarca dise\u00f1os predise\u00f1ados, una multitud de esquemas de color y numerosas plantillas de p\u00e1gina. Adem\u00e1s, este tema incorpora un constructor de p\u00e1ginas de arrastrar y soltar f\u00e1cilmente de usar, facilitando la creaci\u00f3n de p\u00e1ginas personalizadas incluso para aquellos sin experiencia en codificaci\u00f3n. Debido a su dise\u00f1o receptivo, el tema de WordPress de construcci\u00f3n y construcci\u00f3n de Darna asegura que su sitio web exude excelencia en cualquier dispositivo digital. En general, este tema constituye una opci\u00f3n excepcional para las personas que buscan establecer una presencia en l\u00ednea formidable para su construcci\u00f3n o empresa de construcci\u00f3n.<\/p>\n<ul>\n<li>Tema de WordPress altamente personalizable y vers\u00e1til dise\u00f1ado espec\u00edficamente para empresas de construcci\u00f3n y construcci\u00f3n<\/li>\n<li>El panel de opciones de temas avanzados permite una f\u00e1cil personalizaci\u00f3n de fuentes, colores, dise\u00f1os y m\u00e1s<\/li>\n<li>El dise\u00f1o totalmente receptivo garantiza que su sitio web se vea genial en todos los dispositivos, incluidos los inform\u00e1ticos, las computadoras port\u00e1tiles, las tabletas y los tel\u00e9fonos inteligentes.<\/li>\n<li>Las caracter\u00edsticas amigables con SEO ayudan a su sitio web a clasificar m\u00e1s alto en los resultados de los motores de b\u00fasqueda y atraer m\u00e1s visitantes<\/li>\n<li>Compatible con una amplia gama de complementos populares, lo que facilita agregar caracter\u00edsticas como formularios de contacto, galer\u00edas y controles deslizantes<\/li>\n<li>Incluye p\u00e1ginas preconstruidas para secciones comunes de un sitio web de construcci\u00f3n y construcci\u00f3n, como servicios, proyectos, miembros del equipo y testimonios<\/li>\n<li>La funci\u00f3n de importaci\u00f3n de demostraci\u00f3n de un solo clic le permite configurar r\u00e1pidamente su sitio web con contenido de demostraci\u00f3n que se puede personalizar f\u00e1cilmente a sus necesidades<\/li>\n<li>Actualizaciones de temas regulares y equipo de soporte dedicado asegurarse de que su sitio web se mantenga actualizado y funcionando sin problemas<\/li>\n<li>La tarifa de compra \u00fanica le brinda acceso de por vida a actualizaciones y soporte de temas<\/li>\n<li>Construido con un c\u00f3digo limpio y bien documentado que es f\u00e1cil de entender y modificar si es necesario<\/li>\n<\/ul>\n","protected":false},"excerpt":{"rendered":"<p>Presentando el tema de WordPress de la construcci\u00f3n y construcci\u00f3n de Darna, la soluci\u00f3n digital perfecta para empresarios en la industria de la construcci\u00f3n. Este tema est\u00e1 dise\u00f1ado con la \u00faltima tecnolog\u00eda e incluye caracter\u00edsticas de primer nivel que hacen que su sitio web se destaque, como un dise\u00f1o receptivo, compatibilidad con el navegador y una gran cantidad de opciones de personalizaci\u00f3n. Con Darna, puede mostrar sus proyectos de construcci\u00f3n, servicios y equipo profesional, creando una presencia efectiva en l\u00ednea que puede ayudar a atraer clientes potenciales. Adem\u00e1s, el tema est\u00e1 totalmente optimizado por SEO, asegurando que su sitio obtenga la m\u00e1xima visibilidad en los motores de b\u00fasqueda. Darna tambi\u00e9n incluye una interfaz f\u00e1cil de usar y una documentaci\u00f3n detallada, lo que facilita incluso a los principiantes de WordPress configurar y administrar su sitio web. Aumente su negocio e impresione a sus clientes con el tema de WordPress de construcci\u00f3n y construcci\u00f3n de Darna.<\/p>\n","protected":false},"featured_media":165750,"comment_status":"open","ping_status":"open","template":"","meta":[],"product_brand":[2337],"product_cat":[1381,1237,1238],"product_tag":[1391],"class_list":{"0":"post-111722","1":"product","2":"type-product","3":"status-publish","4":"has-post-thumbnail","6":"product_brand-themeforest","7":"product_cat-bienes-raices","8":"product_cat-temas","9":"product_cat-wordpress-temas","10":"product_tag-themeforest","11":"member-discount","12":"discount-restricted","14":"first","15":"instock","16":"sale","17":"downloadable","18":"virtual","19":"sold-individually","20":"purchasable","21":"product-type-simple"},"_links":{"self":[{"href":"https:\/\/gpl-love.com\/es\/wp-json\/wp\/v2\/product\/111722","targetHints":{"allow":["GET"]}}],"collection":[{"href":"https:\/\/gpl-love.com\/es\/wp-json\/wp\/v2\/product"}],"about":[{"href":"https:\/\/gpl-love.com\/es\/wp-json\/wp\/v2\/types\/product"}],"replies":[{"embeddable":true,"href":"https:\/\/gpl-love.com\/es\/wp-json\/wp\/v2\/comments?post=111722"}],"wp:featuredmedia":[{"embeddable":true,"href":"https:\/\/gpl-love.com\/es\/wp-json\/wp\/v2\/media\/165750"}],"wp:attachment":[{"href":"https:\/\/gpl-love.com\/es\/wp-json\/wp\/v2\/media?parent=111722"}],"wp:term":[{"taxonomy":"product_brand","embeddable":true,"href":"https:\/\/gpl-love.com\/es\/wp-json\/wp\/v2\/product_brand?post=111722"},{"taxonomy":"product_cat","embeddable":true,"href":"https:\/\/gpl-love.com\/es\/wp-json\/wp\/v2\/product_cat?post=111722"},{"taxonomy":"product_tag","embeddable":true,"href":"https:\/\/gpl-love.com\/es\/wp-json\/wp\/v2\/product_tag?post=111722"}],"curies":[{"name":"wp","href":"https:\/\/api.w.org\/{rel}","templated":true}]}}