{"id":111720,"date":"2025-07-23T00:00:00","date_gmt":"2025-07-23T05:00:00","guid":{"rendered":"http:\/\/gpl-love.com\/es\/producto\/generatepress-premium-responsive-wordpress-theme\/"},"modified":"2026-03-09T07:37:16","modified_gmt":"2026-03-09T12:37:16","slug":"generatepress-premium-responsive-wordpress-theme","status":"publish","type":"product","link":"https:\/\/gpl-love.com\/es\/producto\/generatepress-premium-responsive-wordpress-theme\/","title":{"rendered":"GeneratePress Premium Addon 2.5.5"},"content":{"rendered":"<h3>GeneratePress Premium Addon Caracteristicas<\/h3>\n<p>GeneratePress Premium Addon, un complemento de WordPress altamente efectivo, ofrece a los usuarios una amplia gama de caracter\u00edsticas y funcionalidad avanzadas para mejorar significativamente el dise\u00f1o y el rendimiento general de su sitio web. Este complemento incre\u00edblemente vers\u00e1til otorga a los usuarios acceso sin restricciones a una vasta biblioteca de plantillas preconstruidas y widgets personalizados, junto con la oferta de tipograf\u00eda y opciones de color avanzadas, im\u00e1genes de fondo y constructores de p\u00e1ginas. Gracias a su interfaz f\u00e1cil de usar y controles excepcionalmente intuitivos, el complemento GenerApress Premium faculta a los usuarios para personalizar sin esfuerzo cada aspecto de su sitio web, desde el dise\u00f1o y el dise\u00f1o hasta el contenido y la funcionalidad. Independientemente de si posee una experiencia limitada o es un usuario experimentado de WordPress, este complemento sirve indudablemente como una herramienta indispensable para cualquier persona que se esfuerce por crear un sitio web que sea profesional y cautivador. En consecuencia, si est\u00e1 en busca de un complemento de WordPress excepcionalmente potente y vers\u00e1til capaz de impulsar su sitio web a alturas incomparables, entonces no necesita ver m\u00e1s all\u00e1 del complemento Premium de GeneratePress altamente impresionante.<\/p>\n<ul>\n<li>Extiende la funcionalidad del tema GenerApress<\/li>\n<li>Agrega caracter\u00edsticas adicionales y opciones de personalizaci\u00f3n<\/li>\n<li>Incluye 14 nuevos m\u00f3dulos para crear dise\u00f1os y dise\u00f1os personalizados.<\/li>\n<li>Permite un mayor control sobre la tipograf\u00eda y las opciones de fuentes.<\/li>\n<li>Agrega opciones avanzadas de encabezado y pie de p\u00e1gina para una mayor flexibilidad de dise\u00f1o<\/li>\n<li>Incluye soporte de WooCommerce para tiendas en l\u00ednea<\/li>\n<li>Proporciona acceso a una creciente biblioteca de plantillas y dise\u00f1os preconstruidos<\/li>\n<li>Compatible con constructores de p\u00e1ginas populares como Elementor y Beaver Builder<\/li>\n<li>Ofrece etiqueta blanca para agencias y desarrolladores<\/li>\n<li>Pago \u00fanico por actualizaciones y soporte de por vida<\/li>\n<\/ul>\n","protected":false},"excerpt":{"rendered":"<p>El complemento GenerApRess Premium, una herramienta robusta meticulosamente dise\u00f1ada para amplificar las capacidades de su sitio web construidas sobre el estimado tema GenerApress, presenta una matriz de opciones de personalizaci\u00f3n sofisticadas y atributos complementarios que abarcan la tipograf\u00eda de cine, la integraci\u00f3n sin coser con WooOcommerce, un encabezado y un pie de p\u00e1gina y un pie de p\u00e1gina. constructor, y una variedad de otras caracter\u00edsticas notables. Al aprovechar el potencial de este complemento extraordinario, puede impulsar sin esfuerzo su sitio web a alturas desconocidas y forjar una experiencia de usuario incomparable que se alinee impecablemente con sus requisitos espec\u00edficos. Adem\u00e1s, la instalaci\u00f3n y la utilizaci\u00f3n de este complemento extraordinario son incre\u00edblemente f\u00e1ciles de usar, reforzados por actualizaciones frecuentes y atenci\u00f3n al cliente inquebrantable de la m\u00e1xima calidad.<\/p>\n","protected":false},"featured_media":166195,"comment_status":"open","ping_status":"open","template":"","meta":[],"product_brand":[2463],"product_cat":[1214,1206,1211],"product_tag":[1792],"class_list":{"0":"post-111720","1":"product","2":"type-product","3":"status-publish","4":"has-post-thumbnail","6":"product_brand-generatepress","7":"product_cat-personalizacion","8":"product_cat-plugins","9":"product_cat-wordpress-plugins","10":"product_tag-generatepress","11":"member-discount","12":"discount-restricted","14":"first","15":"instock","16":"sale","17":"downloadable","18":"virtual","19":"sold-individually","20":"purchasable","21":"product-type-simple"},"_links":{"self":[{"href":"https:\/\/gpl-love.com\/es\/wp-json\/wp\/v2\/product\/111720","targetHints":{"allow":["GET"]}}],"collection":[{"href":"https:\/\/gpl-love.com\/es\/wp-json\/wp\/v2\/product"}],"about":[{"href":"https:\/\/gpl-love.com\/es\/wp-json\/wp\/v2\/types\/product"}],"replies":[{"embeddable":true,"href":"https:\/\/gpl-love.com\/es\/wp-json\/wp\/v2\/comments?post=111720"}],"wp:featuredmedia":[{"embeddable":true,"href":"https:\/\/gpl-love.com\/es\/wp-json\/wp\/v2\/media\/166195"}],"wp:attachment":[{"href":"https:\/\/gpl-love.com\/es\/wp-json\/wp\/v2\/media?parent=111720"}],"wp:term":[{"taxonomy":"product_brand","embeddable":true,"href":"https:\/\/gpl-love.com\/es\/wp-json\/wp\/v2\/product_brand?post=111720"},{"taxonomy":"product_cat","embeddable":true,"href":"https:\/\/gpl-love.com\/es\/wp-json\/wp\/v2\/product_cat?post=111720"},{"taxonomy":"product_tag","embeddable":true,"href":"https:\/\/gpl-love.com\/es\/wp-json\/wp\/v2\/product_tag?post=111720"}],"curies":[{"name":"wp","href":"https:\/\/api.w.org\/{rel}","templated":true}]}}