{"id":111718,"date":"2021-12-31T00:00:00","date_gmt":"2021-12-31T05:00:00","guid":{"rendered":"http:\/\/gpl-love.com\/es\/producto\/automotive-car-dealership-business-wordpress-theme\/"},"modified":"2026-03-13T17:16:08","modified_gmt":"2026-03-13T22:16:08","slug":"automotive-car-dealership-business-wordpress-theme","status":"publish","type":"product","link":"https:\/\/gpl-love.com\/es\/producto\/automotive-car-dealership-business-wordpress-theme\/","title":{"rendered":"Automotive Car Dealership Business WordPress Theme 12.5"},"content":{"rendered":"<h3>Automotive Car Dealership Business WordPress Theme Caracteristicas<\/h3>\n<p>El tema de WordPress de negocios de concesionarios automotrices, que es una plantilla de primer nivel, ha sido ingeniosamente elaborado para atender espec\u00edficamente a las necesidades y requisitos exigentes de los concesionarios de autom\u00f3viles, as\u00ed como a otros negocios automotrices. Con un dise\u00f1o exquisitamente moderno y elegante, este tema integra perfectamente una gran cantidad de caracter\u00edsticas de vanguardia que lo dejar\u00e1n completamente impresionado. Desde sus dise\u00f1os de p\u00e1gina de inicio altamente personalizables hasta su incomparable sistema de gesti\u00f3n de inventario de veh\u00edculos, sin mencionar sus convenientes filtros de b\u00fasqueda que facilitan la navegaci\u00f3n sin esfuerzo, este tema realmente lo tiene todo. Adem\u00e1s, ofrece una variedad de opciones de b\u00fasqueda avanzadas, mapas de ubicaci\u00f3n e incluso sistemas de reserva de citas, todos destinados a aumentar y elevar la experiencia general de sus clientes. Adem\u00e1s, es esencial resaltar el hecho de que este tema es totalmente receptivo y perfectamente compatible con una amplia gama de dispositivos, asegurando as\u00ed una interfaz de usuario mejorada y optimizada. En resumen, el tema de los negocios de concesionarios automotrices de WordPress de WordPress proporciona sin esfuerzo una soluci\u00f3n integral y que lo abarca para aquellos en busca de un medio para establecer una presencia en l\u00ednea altamente profesional y atractiva para su estimado negocio automotriz.<\/p>\n<ul>\n<li>Dise\u00f1o de sitios web profesional y pulido espec\u00edficamente dise\u00f1ado para empresas de concesionarios automotrices de autom\u00f3viles<\/li>\n<li>P\u00e1gina de inicio personalizable con Guilder intuitivo de la p\u00e1gina de arrastrar y soltar<\/li>\n<li>M\u00faltiples p\u00e1ginas y plantillas preconstruidas para necesidades comunes de concesionario, como listados de inventario y departamentos de servicio<\/li>\n<li>Funcionalidad avanzada de b\u00fasqueda y filtrado para una f\u00e1cil navegaci\u00f3n de veh\u00edculos<\/li>\n<li>Integraci\u00f3n con herramientas populares de terceros como Carfax y Kelley Blue Book<\/li>\n<li>Gesti\u00f3n de inventario automatizado y capacidades de importaci\u00f3n\/exportaci\u00f3n de veh\u00edculos<\/li>\n<li>Solicitud de cr\u00e9dito en l\u00ednea simple y segura Proceso de financiaci\u00f3n para clientes<\/li>\n<li>Dise\u00f1o amigable para dispositivos m\u00f3viles para navegar sin costuras en cualquier dispositivo<\/li>\n<li>SEO optimizado para mejorar la clasificaci\u00f3n de los motores de b\u00fasqueda y la visibilidad<\/li>\n<li>Construido en la plataforma de WordPress potente y f\u00e1cil de usar para una f\u00e1cil administraci\u00f3n y actualizaciones de sitios web.<\/li>\n<\/ul>\n","protected":false},"excerpt":{"rendered":"<p>Presentamos nuestro tema de WordPress de WordPress de concesionarios automotrices, una soluci\u00f3n perfecta para sus necesidades comerciales automotrices. Este tema est\u00e1 dise\u00f1ado espec\u00edficamente para concesionarios de autom\u00f3viles, empresas automotrices, servicios de alquiler de autom\u00f3viles y otras empresas relacionadas. Es un tema f\u00e1cil de usar y altamente personalizable que viene con una interfaz f\u00e1cil de usar, lo que hace que sea simple incluso para principiantes construir un sitio web profesional sin necesidad de habilidades de codificaci\u00f3n. El tema incluye funciones de b\u00fasqueda avanzadas, que permite a sus clientes encontrar el modelo de veh\u00edculo que est\u00e1n buscando en solo unos pocos clics. Es totalmente receptivo, asegurando que su sitio web se vea perfecto en cualquier dispositivo. Con su dise\u00f1o elegante y caracter\u00edsticas potentes, nuestro tema de WordPress de concesionario automotriz de concesionarios de autom\u00f3viles es una excelente opci\u00f3n para aumentar su presencia en l\u00ednea y atraer clientes potenciales.<\/p>\n","protected":false},"featured_media":165438,"comment_status":"open","ping_status":"open","template":"","meta":[],"product_brand":[2337],"product_cat":[1307,1237,1238],"product_tag":[1391],"class_list":{"0":"post-111718","1":"product","2":"type-product","3":"status-publish","4":"has-post-thumbnail","6":"product_brand-themeforest","7":"product_cat-negocio-wordpress-temas","8":"product_cat-temas","9":"product_cat-wordpress-temas","10":"product_tag-themeforest","11":"member-discount","12":"discount-restricted","14":"first","15":"instock","16":"sale","17":"downloadable","18":"virtual","19":"sold-individually","20":"purchasable","21":"product-type-simple"},"_links":{"self":[{"href":"https:\/\/gpl-love.com\/es\/wp-json\/wp\/v2\/product\/111718","targetHints":{"allow":["GET"]}}],"collection":[{"href":"https:\/\/gpl-love.com\/es\/wp-json\/wp\/v2\/product"}],"about":[{"href":"https:\/\/gpl-love.com\/es\/wp-json\/wp\/v2\/types\/product"}],"replies":[{"embeddable":true,"href":"https:\/\/gpl-love.com\/es\/wp-json\/wp\/v2\/comments?post=111718"}],"wp:featuredmedia":[{"embeddable":true,"href":"https:\/\/gpl-love.com\/es\/wp-json\/wp\/v2\/media\/165438"}],"wp:attachment":[{"href":"https:\/\/gpl-love.com\/es\/wp-json\/wp\/v2\/media?parent=111718"}],"wp:term":[{"taxonomy":"product_brand","embeddable":true,"href":"https:\/\/gpl-love.com\/es\/wp-json\/wp\/v2\/product_brand?post=111718"},{"taxonomy":"product_cat","embeddable":true,"href":"https:\/\/gpl-love.com\/es\/wp-json\/wp\/v2\/product_cat?post=111718"},{"taxonomy":"product_tag","embeddable":true,"href":"https:\/\/gpl-love.com\/es\/wp-json\/wp\/v2\/product_tag?post=111718"}],"curies":[{"name":"wp","href":"https:\/\/api.w.org\/{rel}","templated":true}]}}