{"id":111710,"date":"2021-09-18T00:00:00","date_gmt":"2021-09-18T05:00:00","guid":{"rendered":"http:\/\/gpl-love.com\/es\/producto\/bifrost-simple-elementor-wordpress-theme\/"},"modified":"2026-03-13T17:16:34","modified_gmt":"2026-03-13T22:16:34","slug":"bifrost-simple-elementor-wordpress-theme","status":"publish","type":"product","link":"https:\/\/gpl-love.com\/es\/producto\/bifrost-simple-elementor-wordpress-theme\/","title":{"rendered":"Bifrost Simple Elementor WordPress Theme 2.2.2"},"content":{"rendered":"<h3>Bifrost Simple Elementor WordPress Theme Caracteristicas<\/h3>\n<p>El tema Bifrost Simple El Elementor WordPress es una ejemplificaci\u00f3n ejemplar de un tema moderno y f\u00e1cil de usar que proporciona sin esfuerzo una experiencia de construcci\u00f3n de sitios web sin igual. En virtud de su constructor de p\u00e1ginas de Elementer y altamente vers\u00e1til y extremadamente intuitivo de Elementor, el proceso de crear un sitio web visualmente cautivador y est\u00e9ticamente agradable ha sido inmensamente simplificado y simplificado. Vale la pena mencionar que el tema simple de Bifrost tambi\u00e9n ofrece una amplia gama de plantillas y bloques meticulosamente predise\u00f1ados, lo que facilita un nivel de personalizaci\u00f3n y flexibilidad de dise\u00f1o sin precedentes, todo sin necesidad de conocimientos o experiencia de codificaci\u00f3n previa. Adem\u00e1s, este tema se jacta de ser totalmente receptivo, lo que garantiza que su sitio web se presentar\u00e1 constantemente de manera \u00f3ptima en todos los dispositivos y tama\u00f1os de pantalla. Adem\u00e1s, es imperativo resaltar que el tema Bifrost Simple El Elementor WordPress se ha optimizado meticulosamente para la optimizaci\u00f3n de motores de b\u00fasqueda (SEO), asegurando as\u00ed que su sitio web pueda alcanzar una clasificaci\u00f3n encomiable en varios motores de b\u00fasqueda. Dadas estas caracter\u00edsticas y atributos notables, queda muy claro que el tema Bifrost Simple Elementor WordPress es la soluci\u00f3n ideal para blogueros, trabajadores independientes y peque\u00f1as empresas que anhelan una presencia en l\u00ednea que es profesional y elegante.<\/p>\n<ul>\n<li>Dise\u00f1o limpio y moderno con una est\u00e9tica minimalista<\/li>\n<li>Totalmente personalizable con Elementor Page Builder<\/li>\n<li>Compatible con el editor de Gutenberg<\/li>\n<li>Responsable m\u00f3vil y optimizado para tiempos de carga de p\u00e1gina r\u00e1pidos<\/li>\n<li>Incluye una variedad de plantillas y p\u00e1ginas predise\u00f1adas para una f\u00e1cil configuraci\u00f3n<\/li>\n<li>SEO amigable con el marcado de esquema y c\u00f3digo optimizado<\/li>\n<li>Opciones incorporadas para la personalizaci\u00f3n de fuentes, colores y dise\u00f1o<\/li>\n<li>Importaci\u00f3n de demostraci\u00f3n de un solo clic para una configuraci\u00f3n r\u00e1pida<\/li>\n<li>Incluye complementos premium como Slider Revolution y Essential Grid<\/li>\n<li>Actualizaciones y apoyo regulares de desarrolladores experimentados.<\/li>\n<\/ul>\n","protected":false},"excerpt":{"rendered":"<p>Ingrese al mundo del dise\u00f1o de sitios web sin problemas con Bifrost, un tema simple de WordPress Elementor. Con Bifrost, puede crear, personalizar y iniciar su sitio web perfecto en poco tiempo, gracias a su interfaz f\u00e1cil de usar. Es perfecto para principiantes y profesionales por igual.<\/p>\n<p>Las caracter\u00edsticas avanzadas de Bifrost lo hacen destacar de otros temas de Elementor WordPress. Est\u00e1 dise\u00f1ado para optimizar su flujo de trabajo, lo que le permite crear dise\u00f1os \u00fanicos y receptivos sin ning\u00fan conocimiento de codificaci\u00f3n. Adem\u00e1s, es totalmente compatible con las \u00faltimas versiones de WordPress y Elementor. Esto significa que puede construir con confianza su sitio web, sabiendo que funcionar\u00e1 sin problemas en cualquier dispositivo o navegador.<\/p>\n<p>Uno de los beneficios clave de Bifrost es su multitud de opciones de personalizaci\u00f3n. Puede adaptar todos los aspectos de su sitio web, desde el dise\u00f1o y el esquema de color hasta las fuentes y los widgets. Esto garantiza que su sitio web realmente refleje su marca y personalidad.<\/p>\n<p>Pero eso no es todo. Bifrost tambi\u00e9n ofrece un rendimiento y velocidad superiores. Est\u00e1 construido con limpio<\/p>\n","protected":false},"featured_media":165476,"comment_status":"open","ping_status":"open","template":"","meta":[],"product_brand":[2337],"product_cat":[1267,1237,1238],"product_tag":[1391],"class_list":{"0":"post-111710","1":"product","2":"type-product","3":"status-publish","4":"has-post-thumbnail","6":"product_brand-themeforest","7":"product_cat-creativo","8":"product_cat-temas","9":"product_cat-wordpress-temas","10":"product_tag-themeforest","11":"member-discount","12":"discount-restricted","14":"first","15":"instock","16":"sale","17":"downloadable","18":"virtual","19":"sold-individually","20":"purchasable","21":"product-type-simple"},"_links":{"self":[{"href":"https:\/\/gpl-love.com\/es\/wp-json\/wp\/v2\/product\/111710","targetHints":{"allow":["GET"]}}],"collection":[{"href":"https:\/\/gpl-love.com\/es\/wp-json\/wp\/v2\/product"}],"about":[{"href":"https:\/\/gpl-love.com\/es\/wp-json\/wp\/v2\/types\/product"}],"replies":[{"embeddable":true,"href":"https:\/\/gpl-love.com\/es\/wp-json\/wp\/v2\/comments?post=111710"}],"wp:featuredmedia":[{"embeddable":true,"href":"https:\/\/gpl-love.com\/es\/wp-json\/wp\/v2\/media\/165476"}],"wp:attachment":[{"href":"https:\/\/gpl-love.com\/es\/wp-json\/wp\/v2\/media?parent=111710"}],"wp:term":[{"taxonomy":"product_brand","embeddable":true,"href":"https:\/\/gpl-love.com\/es\/wp-json\/wp\/v2\/product_brand?post=111710"},{"taxonomy":"product_cat","embeddable":true,"href":"https:\/\/gpl-love.com\/es\/wp-json\/wp\/v2\/product_cat?post=111710"},{"taxonomy":"product_tag","embeddable":true,"href":"https:\/\/gpl-love.com\/es\/wp-json\/wp\/v2\/product_tag?post=111710"}],"curies":[{"name":"wp","href":"https:\/\/api.w.org\/{rel}","templated":true}]}}