{"id":111708,"date":"2022-01-21T00:00:00","date_gmt":"2022-01-21T05:00:00","guid":{"rendered":"http:\/\/gpl-love.com\/es\/producto\/saaspot-saas-marketing-automation-wordpress-theme\/"},"modified":"2026-04-10T11:23:38","modified_gmt":"2026-04-10T16:23:38","slug":"saaspot-saas-marketing-automation-wordpress-theme","status":"publish","type":"product","link":"https:\/\/gpl-love.com\/es\/producto\/saaspot-saas-marketing-automation-wordpress-theme\/","title":{"rendered":"SaaSpot SaaS Marketing Automation WordPress Theme 1.8.8"},"content":{"rendered":"<h3>SaaSpot SaaS Marketing Automation WordPress Theme Caracteristicas<\/h3>\n<p>El tema de WordPress de automatizaci\u00f3n de marketing de Saaspot Saas surge como un instrumento formidable, que atiende a las empresas que albergan intenciones de racionalizar sus esfuerzos de marketing. Este tema presenta a las empresas la oportunidad de mecanizar sus procedimientos de comercializaci\u00f3n, facilitando as\u00ed la gesti\u00f3n y expansi\u00f3n de sus metodolog\u00edas de adquisici\u00f3n y retenci\u00f3n de clientes. Precisamente adaptado para las corporaciones SaaS, este tema abarca una variedad de funcionalidades para ayudar a las empresas a promover sus productos y servicios de manera efectiva. En virtud de su base en WordPress, la instalaci\u00f3n y la personalizaci\u00f3n de este tema se hacen factible sin esfuerzo. Con Saaspot a su disposici\u00f3n, las empresas pueden crear p\u00e1ginas de destino, dise\u00f1ar campa\u00f1as de correo electr\u00f3nico y mucho m\u00e1s, todo con facilidad incomparable, simplificando as\u00ed sus iniciativas de marketing y garantizando el compromiso efectivo de su audiencia prevista. Para resumir, Saaspot asume un papel indispensable para cualquier entidad SaaS, anhelando refinar sus estrategias de marketing e instigar un crecimiento sustancial.<\/p>\n<ul>\n<li>Dise\u00f1ado para la automatizaci\u00f3n del marketing<\/li>\n<li>Construido espec\u00edficamente para WordPress<\/li>\n<li>Incluye un creador de arrastre y ca\u00edda f\u00e1cil de usar<\/li>\n<li>Ofrece m\u00faltiples plantillas predise\u00f1adas<\/li>\n<li>Se integra con populares plataformas de marketing por correo electr\u00f3nico<\/li>\n<li>Incluye funciones de optimizaci\u00f3n de SEO<\/li>\n<li>Dise\u00f1o de respuesta m\u00f3vil<\/li>\n<li>Admite m\u00faltiples idiomas<\/li>\n<li>Ofrece funcionalidad de prueba A\/B incorporada<\/li>\n<li>Incluye la integraci\u00f3n de las redes sociales.<\/li>\n<\/ul>\n","protected":false},"excerpt":{"rendered":"<p>El tema de WordPress de automatizaci\u00f3n de marketing Saaspot SaaS posee una mir\u00edada de atributos altamente personalizables y receptivos. Se ha dise\u00f1ado espec\u00edficamente para satisfacer las necesidades de las compa\u00f1\u00edas de software de automatizaci\u00f3n de marketing que aspiran a establecer una presencia profesional en l\u00ednea. Con un dise\u00f1o elegante y una interfaz intuitiva, Saaspot le permite exhibir su producto de una manera que cautiva y finalmente convierta a los visitantes. Este tema va m\u00e1s all\u00e1 ofreciendo una extensa variedad de funcionalidades, que abarcan formularios de generaci\u00f3n de leads, plantillas de p\u00e1gina de destino predise\u00f1adas, tablas de precios integrales y una gran cantidad de otras caracter\u00edsticas impresionantes. En consecuencia, surge como la elecci\u00f3n por excelencia para cualquier empresa SaaS que busque expandir sus horizontes operativos.<\/p>\n","protected":false},"featured_media":167389,"comment_status":"open","ping_status":"open","template":"","meta":[],"product_brand":[2337],"product_cat":[1307,1237,1238],"product_tag":[1391],"class_list":{"0":"post-111708","1":"product","2":"type-product","3":"status-publish","4":"has-post-thumbnail","6":"product_brand-themeforest","7":"product_cat-negocio-wordpress-temas","8":"product_cat-temas","9":"product_cat-wordpress-temas","10":"product_tag-themeforest","11":"member-discount","12":"discount-restricted","14":"first","15":"instock","16":"sale","17":"downloadable","18":"virtual","19":"sold-individually","20":"purchasable","21":"product-type-simple"},"_links":{"self":[{"href":"https:\/\/gpl-love.com\/es\/wp-json\/wp\/v2\/product\/111708","targetHints":{"allow":["GET"]}}],"collection":[{"href":"https:\/\/gpl-love.com\/es\/wp-json\/wp\/v2\/product"}],"about":[{"href":"https:\/\/gpl-love.com\/es\/wp-json\/wp\/v2\/types\/product"}],"replies":[{"embeddable":true,"href":"https:\/\/gpl-love.com\/es\/wp-json\/wp\/v2\/comments?post=111708"}],"wp:featuredmedia":[{"embeddable":true,"href":"https:\/\/gpl-love.com\/es\/wp-json\/wp\/v2\/media\/167389"}],"wp:attachment":[{"href":"https:\/\/gpl-love.com\/es\/wp-json\/wp\/v2\/media?parent=111708"}],"wp:term":[{"taxonomy":"product_brand","embeddable":true,"href":"https:\/\/gpl-love.com\/es\/wp-json\/wp\/v2\/product_brand?post=111708"},{"taxonomy":"product_cat","embeddable":true,"href":"https:\/\/gpl-love.com\/es\/wp-json\/wp\/v2\/product_cat?post=111708"},{"taxonomy":"product_tag","embeddable":true,"href":"https:\/\/gpl-love.com\/es\/wp-json\/wp\/v2\/product_tag?post=111708"}],"curies":[{"name":"wp","href":"https:\/\/api.w.org\/{rel}","templated":true}]}}