{"id":111706,"date":"2025-09-17T00:00:00","date_gmt":"2025-09-17T05:00:00","guid":{"rendered":"http:\/\/gpl-love.com\/es\/producto\/gridbuilder-with-full-addons-advanced-filterable-and-faceted-grids-wordpress\/"},"modified":"2026-03-09T07:41:37","modified_gmt":"2026-03-09T12:41:37","slug":"gridbuilder-with-full-addons-advanced-filterable-and-faceted-grids-wordpress","status":"publish","type":"product","link":"https:\/\/gpl-love.com\/es\/producto\/gridbuilder-with-full-addons-advanced-filterable-and-faceted-grids-wordpress\/","title":{"rendered":"WP Grid Builder 2.3.0"},"content":{"rendered":"<h3>WP Grid Builder Caracteristicas<\/h3>\n<p>GridBuilder con complementos completos de las cuadr\u00edculas Filtrables y Facetizadas de WordPress es una herramienta excepcional que cuenta con una impresionante variedad de capacidades, todo destinado a ayudarlo a construir el sistema de cuadr\u00edcula ideal para su sitio web. Al utilizar sus redes avanzadas filtrables y facetadas, puede organizar y mostrar sin esfuerzo su contenido de una manera que no solo sea f\u00e1cil de usar sino tambi\u00e9n muy atractiva. Adem\u00e1s, este notable producto est\u00e1 equipado con una multitud de complementos que mejoran en gran medida su versatilidad, lo que le permite incorporar caracter\u00edsticas deseables como la paginaci\u00f3n, la clasificaci\u00f3n y la funcionalidad de b\u00fasqueda. Independientemente de si tiene la intenci\u00f3n de exhibir im\u00e1genes, texto o cualquier otra forma de contenido, GridBuilder le ofrece una soluci\u00f3n que lo abarca todo. En consecuencia, si aspira a elevar su sitio web a alturas sin precedentes, le imploro que aproveche la oportunidad y explore las notables capacidades de GridBuilder con complementos completos de WordPress Filtrable y Faceted Grids sin m\u00e1s demora.<\/p>\n<ul>\n<li>GridBuilder permite la creaci\u00f3n personalizada de dise\u00f1os de cuadr\u00edcula en WordPress<\/li>\n<li>La caracter\u00edstica filtrable avanzada permite a los usuarios ordenar y buscar f\u00e1cilmente a trav\u00e9s de los datos en la cuadr\u00edcula<\/li>\n<li>Las cuadr\u00edculas facetadas proporcionan un sistema de filtrado a\u00fan m\u00e1s dirigido y espec\u00edfico<\/li>\n<li>Los complementos completos dan a los usuarios la capacidad de agregar caracter\u00edsticas y funcionalidad adicionales al GridBuilder<\/li>\n<li>Las cuadr\u00edculas se pueden personalizar completamente para que coincidan con el aspecto del sitio web utilizando el estilo CSS<\/li>\n<li>Perfecto para mostrar productos, carteras o cualquier otro datos estructurados en un sitio web<\/li>\n<li>La interfaz intuitiva de arrastrar y soltar hace que la creaci\u00f3n de cuadr\u00edculas sea muy f\u00e1cil<\/li>\n<li>Compatible con todos los navegadores modernos y totalmente receptivo para dispositivos m\u00f3viles<\/li>\n<li>Las actualizaciones constantes y el soporte del equipo de desarrollo aseguran que el producto siempre est\u00e9 actualizado y funcione sin problemas.<\/li>\n<\/ul>\n","protected":false},"excerpt":{"rendered":"<p>El GridBuilder con complementos completos de WordPress es una herramienta incre\u00edblemente vers\u00e1til y altamente efectiva que est\u00e1 espec\u00edficamente dise\u00f1ada para facilitar la creaci\u00f3n de cuadr\u00edculas avanzadas, filtrables y facetadas para su sitio web. Este complemento excepcional le permite generar y personalizar las redes sin esfuerzo con el prop\u00f3sito de mostrar varias formas de contenido, abarcar todo, desde im\u00e1genes cautivadoras y videos involucrados hasta listados de productos integrales, y mucho m\u00e1s. Adem\u00e1s, el complemento est\u00e1 equipado con una variedad de opciones de filtrado avanzadas, asegurando que tenga la capacidad de clasificar y filtrar convenientemente su contenido en funci\u00f3n de cualquier criterio espec\u00edfico que considere apropiado. Adem\u00e1s, su compatibilidad perfecta con la plataforma WordPress ampliamente utilizada mejora a\u00fan m\u00e1s el atractivo general del complemento, ya que le permite integrarlo sin problemas en su sitio web e iniciar r\u00e1pidamente el proceso de dise\u00f1o de cuadr\u00edculas visualmente llamativas. Independientemente de si est\u00e1 en el proceso de construir un sitio de comercio electr\u00f3nico o que busca presentar su cartera cuidadosamente seleccionada, el GridBuilder con complementos completos, indudablemente, representa un activo invaluable que es indispensable para cualquier persona que posee y opere un sitio web.<\/p>\n","protected":false},"featured_media":166388,"comment_status":"open","ping_status":"open","template":"","meta":[],"product_brand":[2473],"product_cat":[1214,1206,1211],"product_tag":[1840],"class_list":{"0":"post-111706","1":"product","2":"type-product","3":"status-publish","4":"has-post-thumbnail","6":"product_brand-gridbuilder","7":"product_cat-personalizacion","8":"product_cat-plugins","9":"product_cat-wordpress-plugins","10":"product_tag-gridbuilder","11":"member-discount","12":"discount-restricted","14":"first","15":"instock","16":"sale","17":"downloadable","18":"virtual","19":"sold-individually","20":"purchasable","21":"product-type-simple"},"_links":{"self":[{"href":"https:\/\/gpl-love.com\/es\/wp-json\/wp\/v2\/product\/111706","targetHints":{"allow":["GET"]}}],"collection":[{"href":"https:\/\/gpl-love.com\/es\/wp-json\/wp\/v2\/product"}],"about":[{"href":"https:\/\/gpl-love.com\/es\/wp-json\/wp\/v2\/types\/product"}],"replies":[{"embeddable":true,"href":"https:\/\/gpl-love.com\/es\/wp-json\/wp\/v2\/comments?post=111706"}],"wp:featuredmedia":[{"embeddable":true,"href":"https:\/\/gpl-love.com\/es\/wp-json\/wp\/v2\/media\/166388"}],"wp:attachment":[{"href":"https:\/\/gpl-love.com\/es\/wp-json\/wp\/v2\/media?parent=111706"}],"wp:term":[{"taxonomy":"product_brand","embeddable":true,"href":"https:\/\/gpl-love.com\/es\/wp-json\/wp\/v2\/product_brand?post=111706"},{"taxonomy":"product_cat","embeddable":true,"href":"https:\/\/gpl-love.com\/es\/wp-json\/wp\/v2\/product_cat?post=111706"},{"taxonomy":"product_tag","embeddable":true,"href":"https:\/\/gpl-love.com\/es\/wp-json\/wp\/v2\/product_tag?post=111706"}],"curies":[{"name":"wp","href":"https:\/\/api.w.org\/{rel}","templated":true}]}}