{"id":111705,"date":"2025-10-16T00:00:00","date_gmt":"2025-10-16T05:00:00","guid":{"rendered":"http:\/\/gpl-love.com\/es\/producto\/aelia-tax-display-by-country-for-woocommerce\/"},"modified":"2026-03-09T07:16:41","modified_gmt":"2026-03-09T12:16:41","slug":"aelia-tax-display-by-country-for-woocommerce","status":"publish","type":"product","link":"https:\/\/gpl-love.com\/es\/producto\/aelia-tax-display-by-country-for-woocommerce\/","title":{"rendered":"Aelia Tax Display por Country para WooCommerce 1.21.8.250918"},"content":{"rendered":"<h3>Aelia Tax Display por Country para WooCommerce Caracteristicas<\/h3>\n<p>La exhibici\u00f3n de impuestos de Aelia por pa\u00eds para WooCommerce, una herramienta muy s\u00f3lida, sirve como una soluci\u00f3n eficiente a las intrincadas demandas fiscales que enfrentan las empresas en l\u00ednea. Al emplear este notable complemento, las empresas pueden exhibir impuestos sin esfuerzo en su plataforma de comercio electr\u00f3nico, teniendo en cuenta la ubicaci\u00f3n precisa de su clientela. Este complemento simplifica la tarea de configurar las tasas impositivas para varios pa\u00edses, estados y regiones, asegurando el cumplimiento absoluto de las regulaciones fiscales. Adem\u00e1s, otorga la notable capacidad para personalizar la exhibici\u00f3n de impuestos, ofreciendo as\u00ed una experiencia de compra perfecta y gratificante a los clientes. A la luz de sus caracter\u00edsticas excepcionales, la exhibici\u00f3n de impuestos de Aelia por pa\u00eds para WooCommerce surge como un instrumento indispensable para las empresas en l\u00ednea que buscan optimizar sus procesos fiscales al tiempo que mejora su experiencia al cliente.<\/p>\n<ul>\n<li>Proporciona opciones de visualizaci\u00f3n de impuestos personalizables para las tiendas WooCommerce<\/li>\n<li>Permite exhibir impuestos por pa\u00eds, estado o regi\u00f3n<\/li>\n<li>Muestra impuestos inclusivos o exclusivos del precio del producto<\/li>\n<li>Admite la visualizaci\u00f3n de impuestos en las p\u00e1ginas de productos, p\u00e1ginas de carritos y p\u00e1ginas de pago<\/li>\n<li>Se integra f\u00e1cilmente con la configuraci\u00f3n existente de WooCommerce y las reglas fiscales<\/li>\n<li>Reduce la confusi\u00f3n para los clientes mostrando impuestos de manera clara y precisa<\/li>\n<li>Ayuda a los propietarios de las tiendas a cumplir con las leyes y reglamentos fiscales<\/li>\n<li>Ahorra tiempo y esfuerzo automatizando la configuraci\u00f3n de la visualizaci\u00f3n de impuestos<\/li>\n<li>Permite una gesti\u00f3n fiscal perfecta para ventas internacionales<\/li>\n<li>Ofrece c\u00e1lculos fiscales confiables y precisos para los clientes en todo el mundo.<\/li>\n<\/ul>\n","protected":false},"excerpt":{"rendered":"<p>El complemento de impuestos de WooCommerce, visualizaci\u00f3n de impuestos de Aelia por pa\u00eds para WooCommerce, es un sistema de visualizaci\u00f3n de impuestos f\u00e1cil de usar que ofrece gesti\u00f3n de impuestos eficiente para su negocio en l\u00ednea. Esta herramienta de impuestos de la tienda en l\u00ednea es un activo invaluable para administrar los impuestos comerciales en l\u00ednea, que proporciona tasas impositivas personalizadas para tiendas en l\u00ednea basadas en el pa\u00eds del cliente.<\/p>\n<p>El complemento AELIA para WooCommerce ofrece visualizaci\u00f3n de impuestos espec\u00edficos del pa\u00eds, aliviando el proceso de adherirse a diversas regulaciones fiscales en diferentes naciones. Mejora las soluciones de impuestos comerciales de WooCommerce al permitir la personalizaci\u00f3n de la exhibici\u00f3n de impuestos y optimizar los procedimientos de impuestos de las tiendas en l\u00ednea.<\/p>\n<p>El complemento tambi\u00e9n proporciona la flexibilidad de establecer tasas impositivas personalizadas para WooCommerce, lo que lo convierte en un complemento de gesti\u00f3n de regulaciones fiscales. Si es necesario, incluso puede ocultar impuestos para pa\u00edses espec\u00edficos, mejorando a\u00fan m\u00e1s su eficiencia.<\/p>\n<p>Con la funci\u00f3n de visualizaci\u00f3n de impuestos basada en el pa\u00eds, la exhibici\u00f3n de impuestos de Aelia por pa\u00eds para WooCommerce es una herramienta significativa para la gesti\u00f3n fiscal. Al aprovechar este complemento, puede concentrarse m\u00e1s en la operaci\u00f3n exitosa de su negocio en l\u00ednea, sin aliento por las complejidades<\/p>\n","protected":false},"featured_media":165308,"comment_status":"open","ping_status":"open","template":"","meta":[],"product_brand":[2355],"product_cat":[1207,1248,1206],"product_tag":[1224],"class_list":{"0":"post-111705","1":"product","2":"type-product","3":"status-publish","4":"has-post-thumbnail","6":"product_brand-aelia","7":"product_cat-comercio-electronico-plugins","8":"product_cat-personalizacion-comercio-electronico-plugins","9":"product_cat-plugins","10":"product_tag-aelia","11":"member-discount","12":"discount-restricted","14":"first","15":"instock","16":"sale","17":"downloadable","18":"virtual","19":"sold-individually","20":"purchasable","21":"product-type-simple"},"_links":{"self":[{"href":"https:\/\/gpl-love.com\/es\/wp-json\/wp\/v2\/product\/111705","targetHints":{"allow":["GET"]}}],"collection":[{"href":"https:\/\/gpl-love.com\/es\/wp-json\/wp\/v2\/product"}],"about":[{"href":"https:\/\/gpl-love.com\/es\/wp-json\/wp\/v2\/types\/product"}],"replies":[{"embeddable":true,"href":"https:\/\/gpl-love.com\/es\/wp-json\/wp\/v2\/comments?post=111705"}],"wp:featuredmedia":[{"embeddable":true,"href":"https:\/\/gpl-love.com\/es\/wp-json\/wp\/v2\/media\/165308"}],"wp:attachment":[{"href":"https:\/\/gpl-love.com\/es\/wp-json\/wp\/v2\/media?parent=111705"}],"wp:term":[{"taxonomy":"product_brand","embeddable":true,"href":"https:\/\/gpl-love.com\/es\/wp-json\/wp\/v2\/product_brand?post=111705"},{"taxonomy":"product_cat","embeddable":true,"href":"https:\/\/gpl-love.com\/es\/wp-json\/wp\/v2\/product_cat?post=111705"},{"taxonomy":"product_tag","embeddable":true,"href":"https:\/\/gpl-love.com\/es\/wp-json\/wp\/v2\/product_tag?post=111705"}],"curies":[{"name":"wp","href":"https:\/\/api.w.org\/{rel}","templated":true}]}}