{"id":111701,"date":"2025-10-20T00:00:00","date_gmt":"2025-10-20T05:00:00","guid":{"rendered":"http:\/\/gpl-love.com\/es\/?post_type=product&#038;p=111701"},"modified":"2026-03-09T07:37:49","modified_gmt":"2026-03-09T12:37:49","slug":"geodirectory-wp-all-import","status":"publish","type":"product","link":"https:\/\/gpl-love.com\/es\/producto\/geodirectory-wp-all-import\/","title":{"rendered":"GeoDirectory WP All Import 2.3.9"},"content":{"rendered":"<h3>GeoDirectory WP All Import Caracteristicas<\/h3>\n<p>Geodirectory WP All Import, un complemento notablemente robusto, faculta a los usuarios para importar sin esfuerzo una amplia gama de datos, independientemente de su naturaleza, en su sitio de WordPress alimentado por geodirectorio. Ofrece una v\u00eda conveniente para importar grandes cantidades de datos, como listados de negocios, eventos y revisiones, atendiendo efectivamente las necesidades de las personas que requieren la importaci\u00f3n de datos de m\u00faltiples fuentes. La belleza de este complemento se encuentra en su incomparable personalizaci\u00f3n y flexibilidad, lo que lo convierte en una soluci\u00f3n \u00f3ptima. Al utilizar el geodirectorio WP toda importaci\u00f3n, los usuarios pueden alinear sin esfuerzo sus datos importados con los campos de geodirectorio correspondientes, garantizando as\u00ed un sitio impecablemente organizado y sin esfuerzo navegable. En esencia, la utilizaci\u00f3n de Geodirectory WP importe no solo agiliza r\u00e1pidamente el proceso de importaci\u00f3n, sino que tambi\u00e9n se integra sin problemas con el geodirectorio, lo que finalmente ahorra a los usuarios una cantidad invaluable de tiempo y energ\u00eda.<\/p>\n<ul>\n<li>Importar datos al geodirectorio con facilidad utilizando este complemento de WordPress<\/li>\n<li>Sincronizar datos externos, como listados de negocios, eventos o anuncios clasificados a su directorio.<\/li>\n<li>Elija ejecutar importaciones manuales o autom\u00e1ticamente en un horario<\/li>\n<li>Mapee sus datos importados a campos y categor\u00edas de geodirectorio espec\u00edficos<\/li>\n<li>Fusionar duplicados o actualizar los listados existentes con nueva informaci\u00f3n<\/li>\n<li>Filtrar y excluir los datos utilizando reglas personalizadas para garantizar que solo se importen los datos que desee<\/li>\n<li>Compatible con todos los complementos y temas para geodirectorio<\/li>\n<li>Incluye una gu\u00eda de importaci\u00f3n paso a paso y un equipo de soporte dedicado<\/li>\n<li>Ahorre tiempo y esfuerzo automatizando el proceso de importaci\u00f3n de datos<\/li>\n<li>Mantenga su directorio actualizado con la \u00faltima informaci\u00f3n de fuentes externas<\/li>\n<\/ul>\n","protected":false},"excerpt":{"rendered":"<p>El complemento Geodirectory WP All Import es una herramienta incre\u00edblemente robusta y f\u00e1cil de usar que ofrece una gran cantidad de funcionalidades para importar datos sin esfuerzo a su sitio de geodirectorio. Ya sea que tenga datos en CSV, XML o cualquier otro formato de archivo, este complemento le permite asignarlos e integrarlos en sus campos personalizados Geodirectorio. No solo proporciona capacidades de importaci\u00f3n b\u00e1sicas, sino que tambi\u00e9n cuenta con caracter\u00edsticas avanzadas como la programaci\u00f3n, el mapeo autom\u00e1tico y el mapeo a nivel de campo, que mejoran a\u00fan m\u00e1s la suavidad y la eficiencia del proceso de importaci\u00f3n. Para optimizar y acelerar su proceso de importaci\u00f3n de datos geodirectorio, se recomienda encarecidamente que adquiera el complemento de importaci\u00f3n WP Geodirectory WP sin demora.<\/p>\n","protected":false},"featured_media":166220,"comment_status":"open","ping_status":"open","template":"","meta":[],"product_brand":[2464],"product_cat":[1214,1206,1211],"product_tag":[1791],"class_list":{"0":"post-111701","1":"product","2":"type-product","3":"status-publish","4":"has-post-thumbnail","6":"product_brand-ayecode","7":"product_cat-personalizacion","8":"product_cat-plugins","9":"product_cat-wordpress-plugins","10":"product_tag-ayecode","11":"member-discount","12":"discount-restricted","14":"first","15":"instock","16":"sale","17":"downloadable","18":"virtual","19":"sold-individually","20":"purchasable","21":"product-type-simple"},"_links":{"self":[{"href":"https:\/\/gpl-love.com\/es\/wp-json\/wp\/v2\/product\/111701","targetHints":{"allow":["GET"]}}],"collection":[{"href":"https:\/\/gpl-love.com\/es\/wp-json\/wp\/v2\/product"}],"about":[{"href":"https:\/\/gpl-love.com\/es\/wp-json\/wp\/v2\/types\/product"}],"replies":[{"embeddable":true,"href":"https:\/\/gpl-love.com\/es\/wp-json\/wp\/v2\/comments?post=111701"}],"wp:featuredmedia":[{"embeddable":true,"href":"https:\/\/gpl-love.com\/es\/wp-json\/wp\/v2\/media\/166220"}],"wp:attachment":[{"href":"https:\/\/gpl-love.com\/es\/wp-json\/wp\/v2\/media?parent=111701"}],"wp:term":[{"taxonomy":"product_brand","embeddable":true,"href":"https:\/\/gpl-love.com\/es\/wp-json\/wp\/v2\/product_brand?post=111701"},{"taxonomy":"product_cat","embeddable":true,"href":"https:\/\/gpl-love.com\/es\/wp-json\/wp\/v2\/product_cat?post=111701"},{"taxonomy":"product_tag","embeddable":true,"href":"https:\/\/gpl-love.com\/es\/wp-json\/wp\/v2\/product_tag?post=111701"}],"curies":[{"name":"wp","href":"https:\/\/api.w.org\/{rel}","templated":true}]}}