{"id":111699,"date":"2025-03-23T00:00:00","date_gmt":"2025-03-23T05:00:00","guid":{"rendered":"http:\/\/gpl-love.com\/es\/?post_type=product&#038;p=111699"},"modified":"2026-03-09T07:37:47","modified_gmt":"2026-03-09T12:37:47","slug":"geodirectory-social-importer","status":"publish","type":"product","link":"https:\/\/gpl-love.com\/es\/producto\/geodirectory-social-importer\/","title":{"rendered":"GeoDirectory Social Importer 2.3.7"},"content":{"rendered":"<h3>GeoDirectory Social Importer Caracteristicas<\/h3>\n<p>El importador social geodirectorio, siendo una herramienta incre\u00edblemente robusta y din\u00e1mica, permite a las empresas incorporar sin esfuerzo contenido social en su sitio web de geodirectorio, lo que resulta en una integraci\u00f3n perfecta de varios elementos de redes sociales. Al utilizar esta herramienta indispensable, los propietarios de sitios web pueden importar sin esfuerzo una amplia gama de medios, incluidas fotograf\u00edas cautivadoras, videos convincentes y otro contenido atractivo de plataformas muy populares como Instagram, Twitter y Facebook. Esta caracter\u00edstica invaluable es realmente excepcional, ya que permite a las empresas exhibir una impresionante colecci\u00f3n de contenido generado por el usuario al tiempo que garantiza que su sitio web permanezca actual y sincronizado con las \u00faltimas tendencias sociales. Adem\u00e1s, el importador de geodirectorio social cuenta con una interfaz incre\u00edblemente f\u00e1cil de usar que se puede adaptar sin esfuerzo para alinearse con los requisitos distintivos de su negocio. Adem\u00e1s, esta herramienta notable proporciona una gran cantidad de funcionalidades potentes, incluido el filtrado autom\u00e1tico, la programaci\u00f3n y la moderaci\u00f3n de contenido, todo lo cual funcionan armoniosamente para garantizar que solo el contenido m\u00e1s relevante y de calidad superior adorna su sitio web. Ya sea que su objetivo sea enriquecer su sitio web con contenido social cautivador o fomentar una comunidad robusta y pr\u00f3spera centrada en su marca, el importador social geodirectorio sirve como la soluci\u00f3n ideal para esta tarea.<\/p>\n<ul>\n<li>Conecta su sitio web con plataformas populares de redes sociales para importar datos y contenido de los usuarios.<\/li>\n<li>Le permite importar f\u00e1cilmente perfiles de usuarios, comentarios, revisiones y calificaciones de cuentas de redes sociales.<\/li>\n<li>Puede importar datos de m\u00faltiples cuentas de redes sociales simult\u00e1neamente<\/li>\n<li>Actualiza autom\u00e1ticamente los datos importados para mantenerlo actualizado y relevante<\/li>\n<li>Proporciona opciones avanzadas de filtrado y clasificaci\u00f3n para ayudar a organizar y presentar datos importados de manera efectiva<\/li>\n<li>La configuraci\u00f3n personalizable le permite controlar qu\u00e9 datos se importan y c\u00f3mo se muestra en su sitio web<\/li>\n<li>Se integra a la perfecci\u00f3n con Geodirectory, un complemento de directorio popular para sitios web de WordPress<\/li>\n<li>Compatible con todas las principales plataformas de redes sociales, incluidos Facebook, Twitter, Instagram y Yelp<\/li>\n<li>Aumenta la funcionalidad y la participaci\u00f3n del usuario de su sitio web aprovechando el poder de los datos de las redes sociales<\/li>\n<\/ul>\n","protected":false},"excerpt":{"rendered":"<p>El importador social geodirectorio es una herramienta muy robusta y notablemente conveniente que ha sido meticulosamente elaborada para ayudar a las empresas y a las personas a importar el contenido de las redes sociales sin problemas en sus respectivos sitios web de geodirectorio. Este complemento exquisito posee una interfaz incre\u00edblemente f\u00e1cil de usar y cuenta con una integraci\u00f3n perfecta con plataformas de redes sociales de renombre, incluidos Facebook, Twitter e Instagram. Al utilizar este complemento fenomenal, puede importar sin esfuerzo una amplia gama de contenido, como im\u00e1genes, videos, publicaciones y otros formatos multimedia, lo que posteriormente le permite compartir sin esfuerzo este contenido cautivador con sus estimados visitantes del sitio web. Ya sea que su objetivo se centre en la creaci\u00f3n de directorios de redes sociales cautivadoras o estableciendo una presencia integral en l\u00ednea para su marca apreciada, el impresionante importador social de geodirectorio lo equipa innegablemente con todas las funcionalidades necesarias para impulsar su sitio web al pr\u00f3ximo nivel de \u00e9xito. .<\/p>\n","protected":false},"featured_media":166219,"comment_status":"open","ping_status":"open","template":"","meta":[],"product_brand":[2464],"product_cat":[1214,1206,1211],"product_tag":[1791],"class_list":{"0":"post-111699","1":"product","2":"type-product","3":"status-publish","4":"has-post-thumbnail","6":"product_brand-ayecode","7":"product_cat-personalizacion","8":"product_cat-plugins","9":"product_cat-wordpress-plugins","10":"product_tag-ayecode","11":"member-discount","12":"discount-restricted","14":"first","15":"instock","16":"sale","17":"downloadable","18":"virtual","19":"sold-individually","20":"purchasable","21":"product-type-simple"},"_links":{"self":[{"href":"https:\/\/gpl-love.com\/es\/wp-json\/wp\/v2\/product\/111699","targetHints":{"allow":["GET"]}}],"collection":[{"href":"https:\/\/gpl-love.com\/es\/wp-json\/wp\/v2\/product"}],"about":[{"href":"https:\/\/gpl-love.com\/es\/wp-json\/wp\/v2\/types\/product"}],"replies":[{"embeddable":true,"href":"https:\/\/gpl-love.com\/es\/wp-json\/wp\/v2\/comments?post=111699"}],"wp:featuredmedia":[{"embeddable":true,"href":"https:\/\/gpl-love.com\/es\/wp-json\/wp\/v2\/media\/166219"}],"wp:attachment":[{"href":"https:\/\/gpl-love.com\/es\/wp-json\/wp\/v2\/media?parent=111699"}],"wp:term":[{"taxonomy":"product_brand","embeddable":true,"href":"https:\/\/gpl-love.com\/es\/wp-json\/wp\/v2\/product_brand?post=111699"},{"taxonomy":"product_cat","embeddable":true,"href":"https:\/\/gpl-love.com\/es\/wp-json\/wp\/v2\/product_cat?post=111699"},{"taxonomy":"product_tag","embeddable":true,"href":"https:\/\/gpl-love.com\/es\/wp-json\/wp\/v2\/product_tag?post=111699"}],"curies":[{"name":"wp","href":"https:\/\/api.w.org\/{rel}","templated":true}]}}