{"id":111697,"date":"2026-01-04T00:00:00","date_gmt":"2026-01-04T05:00:00","guid":{"rendered":"http:\/\/gpl-love.com\/es\/?post_type=product&#038;p=111697"},"modified":"2026-03-09T07:37:46","modified_gmt":"2026-03-09T12:37:46","slug":"geodirectory-review-rating-manager","status":"publish","type":"product","link":"https:\/\/gpl-love.com\/es\/producto\/geodirectory-review-rating-manager\/","title":{"rendered":"GeoDirectory Review Rating Manager 2.3.12"},"content":{"rendered":"<h3>GeoDirectory Review Rating Manager Caracteristicas<\/h3>\n<p>El Geodirectorio Review Rating Manager posee una capacidad inmensa en t\u00e9rminos de administrar y mostrar las revisiones de los clientes en su sitio web. A trav\u00e9s de la utilizaci\u00f3n de este complemento, puede reunir sin esfuerzo y presentar rese\u00f1as de su estimada clientela, ayudando as\u00ed al establecimiento de la confianza y la credibilidad con los clientes potenciales. Este complemento proporciona una variedad de caracter\u00edsticas que ayudan en la gesti\u00f3n y la visualizaci\u00f3n de revisiones, que abarcan la capacidad de ejercer moderaci\u00f3n sobre revisiones, establecer notificaciones autom\u00e1ticas por correo electr\u00f3nico y personalizar las opciones para mostrar revisiones. Adem\u00e1s, este complemento se integra perfectamente con el complemento de geodirectorio, facilitando as\u00ed la presentaci\u00f3n sin esfuerzo de revisiones y calificaciones para empresas y ubicaciones que se enumeran dentro de su directorio. Ya sea que sea responsable de la gesti\u00f3n de un sitio web solitario o un vasto directorio, el gerente de calificaci\u00f3n de revisi\u00f3n de geodirectorio es una herramienta indispensable para la gesti\u00f3n de las revisiones de los clientes y el cultivo de confianza entre los clientes potenciales.<\/p>\n<ul>\n<li>El gerente de calificaci\u00f3n de revisi\u00f3n de geodirectorio permite a las empresas administrar mejor sus revisiones y calificaciones en l\u00ednea<\/li>\n<li>Con esta herramienta, las empresas pueden monitorear f\u00e1cilmente las revisiones en m\u00faltiples plataformas, incluidos Google, Yelp y Facebook<\/li>\n<li>La plataforma tambi\u00e9n permite a las empresas responder a las revisiones de manera r\u00e1pida y eficiente, ayud\u00e1ndoles a construir una s\u00f3lida reputaci\u00f3n en l\u00ednea e interactuar con los clientes.<\/li>\n<li>La herramienta viene equipada con an\u00e1lisis intuitivo que permiten a las empresas obtener informaci\u00f3n sobre los comentarios de sus clientes y las tendencias generales en sus revisiones y calificaciones<\/li>\n<li>Las empresas pueden usar esta plataforma para identificar \u00e1reas que necesitan mejoras y tomar medidas para mejorar sus productos, servicios y experiencias de los clientes.<\/li>\n<li>El Geodirectorio Review Rating Manager es f\u00e1cil de usar, f\u00e1cil de configurar y ofrece a las empresas una plataforma centralizada para administrar sus revisiones y calificaciones en l\u00ednea.<\/li>\n<\/ul>\n","protected":false},"excerpt":{"rendered":"<p>El Geodirectorio Review Rating Manager es una herramienta excepcionalmente robusta e inmensamente poderosa que le ofrece la comodidad de la perfecci\u00f3n de administrar y mostrar sin esfuerzo todas sus invaluables revisiones de clientes directamente en su sitio web. Este complemento notablemente eficiente le otorga la invaluable capacidad de reunir y exhibir calificaciones y revisiones integrales para una amplia gama de negocios, productos y servicios. Adem\u00e1s, con esta herramienta excepcional a su disposici\u00f3n, usted posee la notable capacidad de filtrar, clasificar y moderar juiciosamente todas las revisiones entrantes para garantizar que solo se muestren la mejor calidad y la retroalimentaci\u00f3n m\u00e1s relevante a sus estimados visitantes. Adem\u00e1s, este complemento fenomenal tambi\u00e9n le presenta la extraordinaria oportunidad de personalizar y adaptar la presentaci\u00f3n de estas invaluables revisiones a trav\u00e9s de la utilizaci\u00f3n de una amplia gama de widgets e insignias personalizables. Al aprovechar el gerente de calificaci\u00f3n de revisi\u00f3n de geodirectorio, se est\u00e1 empoderando esencialmente para cultivar una sensaci\u00f3n de confianza inquebrantable y credibilidad irrefutable entre su estimada clientela, ya que orgullosamente muestra una pletora de comentarios genuinos y verdaderamente aut\u00e9nticos directamente en su sitio web estimado.<\/p>\n","protected":false},"featured_media":166218,"comment_status":"open","ping_status":"open","template":"","meta":[],"product_brand":[2464],"product_cat":[1214,1206,1211],"product_tag":[1791],"class_list":{"0":"post-111697","1":"product","2":"type-product","3":"status-publish","4":"has-post-thumbnail","6":"product_brand-ayecode","7":"product_cat-personalizacion","8":"product_cat-plugins","9":"product_cat-wordpress-plugins","10":"product_tag-ayecode","11":"member-discount","12":"discount-restricted","14":"first","15":"instock","16":"sale","17":"downloadable","18":"virtual","19":"sold-individually","20":"purchasable","21":"product-type-simple"},"_links":{"self":[{"href":"https:\/\/gpl-love.com\/es\/wp-json\/wp\/v2\/product\/111697","targetHints":{"allow":["GET"]}}],"collection":[{"href":"https:\/\/gpl-love.com\/es\/wp-json\/wp\/v2\/product"}],"about":[{"href":"https:\/\/gpl-love.com\/es\/wp-json\/wp\/v2\/types\/product"}],"replies":[{"embeddable":true,"href":"https:\/\/gpl-love.com\/es\/wp-json\/wp\/v2\/comments?post=111697"}],"wp:featuredmedia":[{"embeddable":true,"href":"https:\/\/gpl-love.com\/es\/wp-json\/wp\/v2\/media\/166218"}],"wp:attachment":[{"href":"https:\/\/gpl-love.com\/es\/wp-json\/wp\/v2\/media?parent=111697"}],"wp:term":[{"taxonomy":"product_brand","embeddable":true,"href":"https:\/\/gpl-love.com\/es\/wp-json\/wp\/v2\/product_brand?post=111697"},{"taxonomy":"product_cat","embeddable":true,"href":"https:\/\/gpl-love.com\/es\/wp-json\/wp\/v2\/product_cat?post=111697"},{"taxonomy":"product_tag","embeddable":true,"href":"https:\/\/gpl-love.com\/es\/wp-json\/wp\/v2\/product_tag?post=111697"}],"curies":[{"name":"wp","href":"https:\/\/api.w.org\/{rel}","templated":true}]}}