{"id":111695,"date":"2024-11-17T00:00:00","date_gmt":"2024-11-17T05:00:00","guid":{"rendered":"http:\/\/gpl-love.com\/es\/?post_type=product&#038;p=111695"},"modified":"2026-03-09T07:37:45","modified_gmt":"2026-03-09T12:37:45","slug":"geodirectory-recaptcha","status":"publish","type":"product","link":"https:\/\/gpl-love.com\/es\/producto\/geodirectory-recaptcha\/","title":{"rendered":"GeoDirectory ReCaptcha 2.3.5"},"content":{"rendered":"<h3>GeoDirectory ReCaptcha Caracteristicas<\/h3>\n<p>La herramienta Geodirectory Recaptcha es una soluci\u00f3n muy robusta y efectiva que juega un papel vital en la defensa de la integridad y precisi\u00f3n de los procesos de registro e inicio de sesi\u00f3n en su estimado sitio web. Al ordenar a los usuarios que autenticen su identidad a trav\u00e9s de la utilizaci\u00f3n de un sistema de recaptcha simplificado pero notablemente eficiente, esta herramienta ofrece un nivel excepcional de protecci\u00f3n contra el spam y el acceso injustificado. La integraci\u00f3n de esta herramienta sin problemas en su sitio web es un esfuerzo sin problemas y, adem\u00e1s, se puede hacer a medida para satisfacer los requisitos distintivos de su base de usuarios espec\u00edfica. Independientemente de si usted es el propietario de un blog diminuto o un emporio en l\u00ednea en expansi\u00f3n, la herramienta Geodirectory Recaptcha es una necesidad absoluta para cualquier sitio web que se enorgullece de priorizar los aspectos primordiales de la seguridad y la privacidad del usuario.<\/p>\n<ul>\n<li>Soluci\u00f3n de seguridad f\u00e1cil de implementar para su sitio web o aplicaci\u00f3n<\/li>\n<li>Protege contra el spam automatizado y los bots abusivos sin obstaculizar a los usuarios leg\u00edtimos<\/li>\n<li>Utiliza la tecnolog\u00eda de recaptcha avanzada de Google para la defensa m\u00e1s efectiva contra el spam y los bots<\/li>\n<li>Personalizable para adaptarse al dise\u00f1o y el aspecto de su sitio web o aplicaci\u00f3n<\/li>\n<li>Compatible con todas las plataformas principales y lenguajes de programaci\u00f3n<\/li>\n<li>Proporciona an\u00e1lisis e informes detallados sobre el tr\u00e1fico BOT y los intentos de spam para la gesti\u00f3n y protecci\u00f3n proactivas<\/li>\n<\/ul>\n","protected":false},"excerpt":{"rendered":"<p>Geodirectory Recaptcha es una soluci\u00f3n de software altamente eficiente y efectiva que sirve para salvaguardar su sitio web contra los peligros de spam no deseado y ataques mal\u00e9volos. Esta herramienta de vanguardia est\u00e1 equipada con algoritmos de vanguardia y alimentados por IA que discernen y obstruyen diligentemente robots y bots automatizados, asegurando as\u00ed efectivamente que sus datos atesorados sigan siendo impermeables al da\u00f1o y se salvaguardan constantemente. La integraci\u00f3n perfecta y el proceso de instalaci\u00f3n f\u00e1cil de usar ofrecido por Geodirectory Recaptcha lo convierten en la soluci\u00f3n definitiva e incomparable para fortalecer y preservar la seguridad de su presencia en l\u00ednea. En consecuencia, si est\u00e1 en busca de una herramienta excepcionalmente potente y confiable para proteger su sitio web, \u00a1no necesita mirar m\u00e1s all\u00e1 de las notables capacidades de Geodirectory Recaptcha!<\/p>\n","protected":false},"featured_media":166217,"comment_status":"open","ping_status":"open","template":"","meta":[],"product_brand":[2464],"product_cat":[1214,1206,1211],"product_tag":[1791],"class_list":{"0":"post-111695","1":"product","2":"type-product","3":"status-publish","4":"has-post-thumbnail","6":"product_brand-ayecode","7":"product_cat-personalizacion","8":"product_cat-plugins","9":"product_cat-wordpress-plugins","10":"product_tag-ayecode","11":"member-discount","12":"discount-restricted","14":"first","15":"instock","16":"sale","17":"downloadable","18":"virtual","19":"sold-individually","20":"purchasable","21":"product-type-simple"},"_links":{"self":[{"href":"https:\/\/gpl-love.com\/es\/wp-json\/wp\/v2\/product\/111695","targetHints":{"allow":["GET"]}}],"collection":[{"href":"https:\/\/gpl-love.com\/es\/wp-json\/wp\/v2\/product"}],"about":[{"href":"https:\/\/gpl-love.com\/es\/wp-json\/wp\/v2\/types\/product"}],"replies":[{"embeddable":true,"href":"https:\/\/gpl-love.com\/es\/wp-json\/wp\/v2\/comments?post=111695"}],"wp:featuredmedia":[{"embeddable":true,"href":"https:\/\/gpl-love.com\/es\/wp-json\/wp\/v2\/media\/166217"}],"wp:attachment":[{"href":"https:\/\/gpl-love.com\/es\/wp-json\/wp\/v2\/media?parent=111695"}],"wp:term":[{"taxonomy":"product_brand","embeddable":true,"href":"https:\/\/gpl-love.com\/es\/wp-json\/wp\/v2\/product_brand?post=111695"},{"taxonomy":"product_cat","embeddable":true,"href":"https:\/\/gpl-love.com\/es\/wp-json\/wp\/v2\/product_cat?post=111695"},{"taxonomy":"product_tag","embeddable":true,"href":"https:\/\/gpl-love.com\/es\/wp-json\/wp\/v2\/product_tag?post=111695"}],"curies":[{"name":"wp","href":"https:\/\/api.w.org\/{rel}","templated":true}]}}