{"id":111693,"date":"2025-09-13T00:00:00","date_gmt":"2025-09-13T05:00:00","guid":{"rendered":"http:\/\/gpl-love.com\/es\/?post_type=product&#038;p=111693"},"modified":"2026-03-09T07:37:43","modified_gmt":"2026-03-09T12:37:43","slug":"geodirectory-pricing-payment-manager","status":"publish","type":"product","link":"https:\/\/gpl-love.com\/es\/producto\/geodirectory-pricing-payment-manager\/","title":{"rendered":"GeoDirectory Pricing Payment Manager 2.7.22"},"content":{"rendered":"<h3>GeoDirectory Pricing Payment Manager Caracteristicas<\/h3>\n<p>El gerente de pagos de precios de geodirectorio sirve como una herramienta muy robusta y eficiente, lo que permite a las empresas manejar de manera efectiva y sin problemas sus procedimientos de precios y pagos. Al utilizar este software excepcional, los usuarios tienen la capacidad de generar y supervisar sin esfuerzo una gran cantidad de planes de precios, descuentos y cupones para su amplia gama de productos y servicios. Adem\u00e1s, las empresas pueden establecer numerosas pasarelas de pago, como PayPal, Stripe y Opciones adicionales, otorgando as\u00ed a su clientela la libertad de seleccionar su m\u00e9todo de pago preferido. En consecuencia, esta herramienta incomparable dotan a las empresas con la m\u00e1xima flexibilidad y comando requeridos para administrar con competencia sus flujos de ingresos. Con su interfaz f\u00e1cil de usar y una variedad de funciones no complicadas, el gerente de pagos de precios geodirectorio planifica significativamente los procesos de facturaci\u00f3n y pago, lo que lo convierte en la soluci\u00f3n por excelencia para las empresas que abarcan todas las escalas.<\/p>\n<ul>\n<li>Reliminar los procesos de precios y pagos para sitios web de directorio<\/li>\n<li>Elimina la necesidad de c\u00e1lculo y gesti\u00f3n de precios manuales<\/li>\n<li>Ofrece opciones de precios flexibles para listados, categor\u00edas y regiones<\/li>\n<li>Permite m\u00faltiples pasarelas de pago integraci\u00f3n<\/li>\n<li>Genera autom\u00e1ticamente facturas y recibos para compradores y vendedores<\/li>\n<li>Proporciona un historial de transacciones detallado e informes<\/li>\n<li>Habilita opciones de marca y dise\u00f1o personalizadas para tablas de precios y p\u00e1ginas<\/li>\n<li>Admite pagos recurrentes para listados basados \u200b\u200ben suscripci\u00f3n<\/li>\n<li>Asegura transacciones seguras y que cumplen con PCI<\/li>\n<li>Ofrece atenci\u00f3n al cliente y actualizaciones para la vida del producto.<\/li>\n<\/ul>\n","protected":false},"excerpt":{"rendered":"<p>El gerente de pagos de precios de geodirectorio es una herramienta incre\u00edblemente robusta que atiende a la gesti\u00f3n integral de los precios y los pagos asociados con los listados de directorio. Esta herramienta le permite establecer una variedad de paquetes de precios mientras supervisa sin esfuerzo los pagos, los reembolsos y las cancelaciones. Adem\u00e1s, se integra perfectamente con su sitio de directorio de geodirectorio, lo que le brinda autoridad completa sobre los procedimientos de precios y de pago. Independientemente de la escala de su sitio de directorio, ya sea peque\u00f1o o grande, el gerente de pago de precios geodirectorio, sin duda, asume el estado de una herramienta indispensable, lo que le permite optimizar la generaci\u00f3n de ingresos y agilizar la eficiencia operativa.<\/p>\n","protected":false},"featured_media":166216,"comment_status":"open","ping_status":"open","template":"","meta":[],"product_brand":[2464],"product_cat":[1214,1206,1211],"product_tag":[1791],"class_list":{"0":"post-111693","1":"product","2":"type-product","3":"status-publish","4":"has-post-thumbnail","6":"product_brand-ayecode","7":"product_cat-personalizacion","8":"product_cat-plugins","9":"product_cat-wordpress-plugins","10":"product_tag-ayecode","11":"member-discount","12":"discount-restricted","14":"first","15":"instock","16":"sale","17":"downloadable","18":"virtual","19":"sold-individually","20":"purchasable","21":"product-type-simple"},"_links":{"self":[{"href":"https:\/\/gpl-love.com\/es\/wp-json\/wp\/v2\/product\/111693","targetHints":{"allow":["GET"]}}],"collection":[{"href":"https:\/\/gpl-love.com\/es\/wp-json\/wp\/v2\/product"}],"about":[{"href":"https:\/\/gpl-love.com\/es\/wp-json\/wp\/v2\/types\/product"}],"replies":[{"embeddable":true,"href":"https:\/\/gpl-love.com\/es\/wp-json\/wp\/v2\/comments?post=111693"}],"wp:featuredmedia":[{"embeddable":true,"href":"https:\/\/gpl-love.com\/es\/wp-json\/wp\/v2\/media\/166216"}],"wp:attachment":[{"href":"https:\/\/gpl-love.com\/es\/wp-json\/wp\/v2\/media?parent=111693"}],"wp:term":[{"taxonomy":"product_brand","embeddable":true,"href":"https:\/\/gpl-love.com\/es\/wp-json\/wp\/v2\/product_brand?post=111693"},{"taxonomy":"product_cat","embeddable":true,"href":"https:\/\/gpl-love.com\/es\/wp-json\/wp\/v2\/product_cat?post=111693"},{"taxonomy":"product_tag","embeddable":true,"href":"https:\/\/gpl-love.com\/es\/wp-json\/wp\/v2\/product_tag?post=111693"}],"curies":[{"name":"wp","href":"https:\/\/api.w.org\/{rel}","templated":true}]}}