{"id":111691,"date":"2026-03-27T00:00:00","date_gmt":"2026-03-27T05:00:00","guid":{"rendered":"http:\/\/gpl-love.com\/es\/?post_type=product&#038;p=111691"},"modified":"2026-03-27T11:15:38","modified_gmt":"2026-03-27T16:15:38","slug":"geodirectory-marker-cluster","status":"publish","type":"product","link":"https:\/\/gpl-love.com\/es\/producto\/geodirectory-marker-cluster\/","title":{"rendered":"GeoDirectory Marker Cluster 2.3.4"},"content":{"rendered":"<h3>GeoDirectory Marker Cluster Caracteristicas<\/h3>\n<p>El cl\u00faster de marcadores geodirectorio posee capacidades impresionantes en t\u00e9rminos de organizaci\u00f3n y presentaci\u00f3n de colecciones extensas de datos de ubicaci\u00f3n. Al utilizar esta herramienta, tiene la capacidad de amalgamar a la perfecci\u00f3n marcadores adyacentes en grupos, facilitando as\u00ed la navegaci\u00f3n y exploraci\u00f3n del usuario de su mapa. El cl\u00faster Marker ofrece amplias opciones de personalizaci\u00f3n, lo que le permite modificar la est\u00e9tica visual y la funcionalidad interactiva de sus grupos de acuerdo con sus requisitos espec\u00edficos. Independientemente de si est\u00e1 construyendo un directorio comercial integral, un mapa de bienes ra\u00edces o cualquier otra aplicaci\u00f3n centrada en la ubicaci\u00f3n, el cl\u00faster de marcadores geodirectorio sirve como un recurso invaluable para mostrar sus datos de manera efectiva y cautivadora.<\/p>\n<ul>\n<li>Ayuda a administrar grandes cantidades de marcadores en su mapa<\/li>\n<li>Registros de marcadores basados \u200b\u200ben la proximidad para mejorar la legibilidad del mapa<\/li>\n<li>Din\u00e1micamente actualiza los cl\u00fasteres mientras se acerca y sale del mapa<\/li>\n<li>Iconos y ventanas emergentes de cl\u00faster personalizables<\/li>\n<li>Compatible con mapas de geodirectorio y wordpress<\/li>\n<li>Capacidad para filtrar marcadores por categor\u00eda, etiqueta o ubicaci\u00f3n<\/li>\n<li>Incluya una funci\u00f3n de b\u00fasqueda para encontrar f\u00e1cilmente marcadores en el mapa.<\/li>\n<li>El dise\u00f1o receptivo funciona bien en los dispositivos de escritorio y m\u00f3viles<\/li>\n<li>F\u00e1cil de instalar y usar<\/li>\n<li>Interfaz intuitiva para administrar marcadores y grupos en el mapa.<\/li>\n<\/ul>\n","protected":false},"excerpt":{"rendered":"<p>El complemento Geodirectorio Marker Cluster es una herramienta excepcionalmente robusta espec\u00edficamente dise\u00f1ada para facilitar la gesti\u00f3n y la organizaci\u00f3n efectivas de sus listados de directorio. A trav\u00e9s de la utilizaci\u00f3n de su interfaz altamente f\u00e1cil de usar, est\u00e1 facultado para que los marcadores de mapas grupales sin esfuerzo, posteriormente, los muestren como grupos convenientemente compactados en su mapa de directorio. Esta funcionalidad inherente mejora significativamente la capacidad de sus visitantes para navegar sin esfuerzo y explorar minuciosamente su directorio, optimizando simult\u00e1neamente el rendimiento general de su sitio web al reducir sustancialmente los datos voluminosos que requieren la carga simult\u00e1nea. Independientemente de la naturaleza espec\u00edfica de su sitio de directorio, ya sea un directorio comercial meticulosamente seleccionado, un portal inmobiliario integral o cualquier variante alternativa de la misma, la utilidad incomparable del complemento de cl\u00faster de marcadores geodirectorio lo convierte en un recurso indispensable para elevar La experiencia del usuario y el aumento de los niveles generales de participaci\u00f3n en su estimada plataforma.<\/p>\n","protected":false},"featured_media":166215,"comment_status":"open","ping_status":"open","template":"","meta":[],"product_brand":[2464],"product_cat":[1214,1206,1211],"product_tag":[1791],"class_list":{"0":"post-111691","1":"product","2":"type-product","3":"status-publish","4":"has-post-thumbnail","6":"product_brand-ayecode","7":"product_cat-personalizacion","8":"product_cat-plugins","9":"product_cat-wordpress-plugins","10":"product_tag-ayecode","11":"member-discount","12":"discount-restricted","14":"first","15":"instock","16":"sale","17":"downloadable","18":"virtual","19":"sold-individually","20":"purchasable","21":"product-type-simple"},"_links":{"self":[{"href":"https:\/\/gpl-love.com\/es\/wp-json\/wp\/v2\/product\/111691","targetHints":{"allow":["GET"]}}],"collection":[{"href":"https:\/\/gpl-love.com\/es\/wp-json\/wp\/v2\/product"}],"about":[{"href":"https:\/\/gpl-love.com\/es\/wp-json\/wp\/v2\/types\/product"}],"replies":[{"embeddable":true,"href":"https:\/\/gpl-love.com\/es\/wp-json\/wp\/v2\/comments?post=111691"}],"wp:featuredmedia":[{"embeddable":true,"href":"https:\/\/gpl-love.com\/es\/wp-json\/wp\/v2\/media\/166215"}],"wp:attachment":[{"href":"https:\/\/gpl-love.com\/es\/wp-json\/wp\/v2\/media?parent=111691"}],"wp:term":[{"taxonomy":"product_brand","embeddable":true,"href":"https:\/\/gpl-love.com\/es\/wp-json\/wp\/v2\/product_brand?post=111691"},{"taxonomy":"product_cat","embeddable":true,"href":"https:\/\/gpl-love.com\/es\/wp-json\/wp\/v2\/product_cat?post=111691"},{"taxonomy":"product_tag","embeddable":true,"href":"https:\/\/gpl-love.com\/es\/wp-json\/wp\/v2\/product_tag?post=111691"}],"curies":[{"name":"wp","href":"https:\/\/api.w.org\/{rel}","templated":true}]}}