{"id":111689,"date":"2026-01-23T00:00:00","date_gmt":"2026-01-23T05:00:00","guid":{"rendered":"http:\/\/gpl-love.com\/es\/?post_type=product&#038;p=111689"},"modified":"2026-04-03T17:15:35","modified_gmt":"2026-04-03T22:15:35","slug":"geodirectory-location-manager","status":"publish","type":"product","link":"https:\/\/gpl-love.com\/es\/producto\/geodirectory-location-manager\/","title":{"rendered":"GeoDirectory Location Manager 2.3.36"},"content":{"rendered":"<h3>GeoDirectory Location Manager Caracteristicas<\/h3>\n<p>Geodirectorio Ubication Manager es una herramienta muy robusta y poderosamente dise\u00f1ada que ha sido dise\u00f1ada espec\u00edficamente para ayudar a las empresas de manera eficiente a administrar de manera efectiva sus datos de ubicaci\u00f3n. Al utilizar este software excepcional, las empresas est\u00e1n facultadas para ingresar, almacenar de forma segura y administrar de forma segura todos sus datos de ubicaci\u00f3n cruciales, que abarca detalles vitales como direcciones, n\u00fameros de tel\u00e9fono y varias otras informaci\u00f3n clave. Un atributo excepcional de este software se encuentra en su notable nivel de personalizaci\u00f3n, lo que permite a las empresas adaptar impecablemente su informaci\u00f3n de ubicaci\u00f3n de acuerdo con sus requisitos individualizados y espec\u00edficos. Adem\u00e1s, el gerente de ubicaci\u00f3n de Geodirectorio cuenta con una variedad de capacidades de informes altamente avanzadas e integrales, lo que permite a las empresas rastrear meticulosamente, analizar rigurosamente y evaluar astutamente sus datos de ubicaci\u00f3n durante per\u00edodos prolongados de tiempo. Por lo tanto, se hace evidente que este software es una necesidad absoluta para cualquier negocio que aspira a mejorar sus capacidades de gesti\u00f3n de ubicaci\u00f3n y optimizar efectivamente sus operaciones.<\/p>\n<ul>\n<li>Permite a los usuarios administrar y mostrar datos de ubicaci\u00f3n en su sitio web<\/li>\n<li>Puede importar datos de ubicaci\u00f3n de varias fuentes, como hojas de c\u00e1lculo o dispositivos GPS<\/li>\n<li>Ofrece una variedad de opciones de personalizaci\u00f3n para la forma en que se muestran los datos de ubicaci\u00f3n, incluidos los mapas y las funciones de b\u00fasqueda.<\/li>\n<li>Proporciona a los usuarios herramientas para administrar m\u00faltiples ubicaciones y clasificarlas por tipo o regi\u00f3n<\/li>\n<li>Incluye compatibilidad incorporada con temas y complementos populares de WordPress<\/li>\n<li>Ofrece caracter\u00edsticas avanzadas para desarrolladores, como el acceso a la API y la creaci\u00f3n de campo personalizado<\/li>\n<li>Proporciona documentaci\u00f3n completa y recursos de soporte para usuarios de todos los niveles de habilidad.<\/li>\n<li>Ofrece planes de precios asequibles para empresas de todos los tama\u00f1os, con opciones flexibles para el uso de escala seg\u00fan sea necesario.<\/li>\n<\/ul>\n","protected":false},"excerpt":{"rendered":"<p>El gerente de ubicaci\u00f3n de Geodirectorio es una herramienta incre\u00edblemente robusta y eficiente que otorga a las empresas la capacidad de mejorar y optimizar su presencia en l\u00ednea mostrando con precisi\u00f3n sus diversas ubicaciones en diversas plataformas de mapeo y motores de b\u00fasqueda. Al utilizar este software f\u00e1cil de usar y accesible, las empresas tienen la oportunidad de incorporar sin esfuerzo numerosas ubicaciones, administrar diligentemente sus respectivas direcciones y adaptar sus mapas para alinearse sin esfuerzo con su identidad de marca distintiva. Adem\u00e1s, el gerente de ubicaci\u00f3n cuenta con una multitud de caracter\u00edsticas ventajosas como geocodificaci\u00f3n, c\u00e1lculo de distancia y capacidades de b\u00fasqueda basadas en la ubicaci\u00f3n, todas las cuales colaboran armoniosamente para aumentar la visibilidad de las empresas y aumentar significativamente su base de clientes. Con el gerente de ubicaci\u00f3n de geodirectorio a su disposici\u00f3n, las empresas pueden garantizar con confianza que su valiosa clientela puede ubicarlos sin esfuerzo y expedito, independientemente de su paradero geogr\u00e1fico actual.<\/p>\n","protected":false},"featured_media":166214,"comment_status":"open","ping_status":"open","template":"","meta":[],"product_brand":[2464],"product_cat":[1214,1206,1211],"product_tag":[1791],"class_list":{"0":"post-111689","1":"product","2":"type-product","3":"status-publish","4":"has-post-thumbnail","6":"product_brand-ayecode","7":"product_cat-personalizacion","8":"product_cat-plugins","9":"product_cat-wordpress-plugins","10":"product_tag-ayecode","11":"member-discount","12":"discount-restricted","14":"first","15":"instock","16":"sale","17":"downloadable","18":"virtual","19":"sold-individually","20":"purchasable","21":"product-type-simple"},"_links":{"self":[{"href":"https:\/\/gpl-love.com\/es\/wp-json\/wp\/v2\/product\/111689","targetHints":{"allow":["GET"]}}],"collection":[{"href":"https:\/\/gpl-love.com\/es\/wp-json\/wp\/v2\/product"}],"about":[{"href":"https:\/\/gpl-love.com\/es\/wp-json\/wp\/v2\/types\/product"}],"replies":[{"embeddable":true,"href":"https:\/\/gpl-love.com\/es\/wp-json\/wp\/v2\/comments?post=111689"}],"wp:featuredmedia":[{"embeddable":true,"href":"https:\/\/gpl-love.com\/es\/wp-json\/wp\/v2\/media\/166214"}],"wp:attachment":[{"href":"https:\/\/gpl-love.com\/es\/wp-json\/wp\/v2\/media?parent=111689"}],"wp:term":[{"taxonomy":"product_brand","embeddable":true,"href":"https:\/\/gpl-love.com\/es\/wp-json\/wp\/v2\/product_brand?post=111689"},{"taxonomy":"product_cat","embeddable":true,"href":"https:\/\/gpl-love.com\/es\/wp-json\/wp\/v2\/product_cat?post=111689"},{"taxonomy":"product_tag","embeddable":true,"href":"https:\/\/gpl-love.com\/es\/wp-json\/wp\/v2\/product_tag?post=111689"}],"curies":[{"name":"wp","href":"https:\/\/api.w.org\/{rel}","templated":true}]}}