{"id":111687,"date":"2025-07-28T00:00:00","date_gmt":"2025-07-28T05:00:00","guid":{"rendered":"http:\/\/gpl-love.com\/es\/?post_type=product&#038;p=111687"},"modified":"2026-03-09T07:37:40","modified_gmt":"2026-03-09T12:37:40","slug":"geodirectory-list-manager","status":"publish","type":"product","link":"https:\/\/gpl-love.com\/es\/producto\/geodirectory-list-manager\/","title":{"rendered":"GeoDirectory List Manager 2.3.9"},"content":{"rendered":"<h3>GeoDirectory List Manager Caracteristicas<\/h3>\n<p>Geodirectorio List Manager es una herramienta muy robusta y eficiente que otorga a los usuarios la capacidad de manejar y organizar sus directorios sin esfuerzo. Este software fenomenal muestra una interfaz que no solo es f\u00e1cil de usar, sino que tambi\u00e9n cuenta con funciones avanzadas. En consecuencia, las organizaciones pueden insertar sin esfuerzo y administrar efectivamente sus listados desde una ubicaci\u00f3n centralizada. El software ha sido dise\u00f1ado h\u00e1bilmente para ofrecer datos de ubicaci\u00f3n precisos al tiempo que otorga simult\u00e1neamente a los usuarios la oportunidad de enriquecer sus listados con informaci\u00f3n complementaria, como fotograf\u00edas cautivadoras, descripciones detalladas y valiosas revisiones. Al capitalizar el gerente de la lista de geodirectorio, las empresas pueden optimizar con \u00e9xito su proceso de gesti\u00f3n de directorio, reforzar notablemente su visibilidad en l\u00ednea y mejorar significativamente sus clasificaciones de motores de b\u00fasqueda. Esencialmente, este software es una herramienta indispensable que las empresas deben aprovechar si realmente est\u00e1n decididos a cultivar una presencia en l\u00ednea m\u00e1s fuerte y alar con \u00e9xito a un mayor n\u00famero de clientes.<\/p>\n<ul>\n<li>Aelgurar la gesti\u00f3n de su geo-dirirectorio con facilidad<\/li>\n<li>Organizar y clasificar su directorio por ubicaci\u00f3n, categor\u00eda y m\u00e1s<\/li>\n<li>Buscar y filtrar eficientemente a trav\u00e9s de miles de listados r\u00e1pidamente<\/li>\n<li>Simplifique el proceso de agregar\/editar\/eliminar listados<\/li>\n<li>Dise\u00f1o personalizable para que coincida con la marca y el tema de su sitio web<\/li>\n<li>Capacidad para importar\/exportar datos a su geo directorio de otras fuentes<\/li>\n<li>Automatizar el proceso de aprobaci\u00f3n de nuevos listados<\/li>\n<li>Informes avanzados del tr\u00e1fico y el uso de su directorio<\/li>\n<li>Integraci\u00f3n con las principales plataformas CMS como WordPress, Joomla y Drupal<\/li>\n<li>Soporte y actualizaciones 24\/7 para garantizar el mejor rendimiento y funcionalidad<\/li>\n<\/ul>\n","protected":false},"excerpt":{"rendered":"<p>Geodirectorio List Manager es una herramienta muy robusta y eficiente, que ofrece a los usuarios la capacidad de crear y administrar efectivamente sus propios directorios geogr\u00e1ficos \u00fanicos. Este software excepcional permite a los usuarios la capacidad perfecta de agregar, editar y eliminar los listados, al tiempo que les brinda la invaluable oportunidad de clasificar y organizar sin esfuerzo dichos listados basados \u200b\u200ben ubicaci\u00f3n o categor\u00eda. Adem\u00e1s, este notable software tambi\u00e9n cuenta con sus opciones de filtrado altamente sofisticadas, lo que permite a los usuarios buscar negocios o servicios espec\u00edficos en su directorio. Con su interfaz incre\u00edblemente intuitiva y f\u00e1cil de usar, junto con sus caracter\u00edsticas altamente personalizables, Geodirectorio List Manager sirve como la soluci\u00f3n por excelencia para empresas y organizaciones por igual, que busca establecer y mantener un directorio integral e integral de los recursos locales pertinentes.<\/p>\n","protected":false},"featured_media":166213,"comment_status":"open","ping_status":"open","template":"","meta":[],"product_brand":[2464],"product_cat":[1214,1206,1211],"product_tag":[1791],"class_list":{"0":"post-111687","1":"product","2":"type-product","3":"status-publish","4":"has-post-thumbnail","6":"product_brand-ayecode","7":"product_cat-personalizacion","8":"product_cat-plugins","9":"product_cat-wordpress-plugins","10":"product_tag-ayecode","11":"member-discount","12":"discount-restricted","14":"first","15":"instock","16":"sale","17":"downloadable","18":"virtual","19":"sold-individually","20":"purchasable","21":"product-type-simple"},"_links":{"self":[{"href":"https:\/\/gpl-love.com\/es\/wp-json\/wp\/v2\/product\/111687","targetHints":{"allow":["GET"]}}],"collection":[{"href":"https:\/\/gpl-love.com\/es\/wp-json\/wp\/v2\/product"}],"about":[{"href":"https:\/\/gpl-love.com\/es\/wp-json\/wp\/v2\/types\/product"}],"replies":[{"embeddable":true,"href":"https:\/\/gpl-love.com\/es\/wp-json\/wp\/v2\/comments?post=111687"}],"wp:featuredmedia":[{"embeddable":true,"href":"https:\/\/gpl-love.com\/es\/wp-json\/wp\/v2\/media\/166213"}],"wp:attachment":[{"href":"https:\/\/gpl-love.com\/es\/wp-json\/wp\/v2\/media?parent=111687"}],"wp:term":[{"taxonomy":"product_brand","embeddable":true,"href":"https:\/\/gpl-love.com\/es\/wp-json\/wp\/v2\/product_brand?post=111687"},{"taxonomy":"product_cat","embeddable":true,"href":"https:\/\/gpl-love.com\/es\/wp-json\/wp\/v2\/product_cat?post=111687"},{"taxonomy":"product_tag","embeddable":true,"href":"https:\/\/gpl-love.com\/es\/wp-json\/wp\/v2\/product_tag?post=111687"}],"curies":[{"name":"wp","href":"https:\/\/api.w.org\/{rel}","templated":true}]}}