{"id":111685,"date":"2025-04-14T00:00:00","date_gmt":"2025-04-14T05:00:00","guid":{"rendered":"http:\/\/gpl-love.com\/es\/?post_type=product&#038;p=111685"},"modified":"2026-03-09T07:37:37","modified_gmt":"2026-03-09T12:37:37","slug":"geodirectory-franchise-manager","status":"publish","type":"product","link":"https:\/\/gpl-love.com\/es\/producto\/geodirectory-franchise-manager\/","title":{"rendered":"GeoDirectory Franchise Manager 2.3.8"},"content":{"rendered":"<h3>GeoDirectory Franchise Manager Caracteristicas<\/h3>\n<p>El gerente de franquicias Geodirectory es una soluci\u00f3n muy robusta e incre\u00edblemente integral que ayuda a las empresas a administrar y racionalizar de manera efectiva sus operaciones de franquicia. Este software de primer nivel ofrece una amplia gama de caracter\u00edsticas avanzadas y de vanguardia que incluyen la gesti\u00f3n centralizada de ubicaciones de franquicias, capacidades de informes en tiempo real, paneles altamente personalizables y una impresionante gama de herramientas de marketing dise\u00f1adas espec\u00edficamente para optimizar y mejorar el compromiso del franquiciado. Adem\u00e1s, este paquete de software excepcional cuenta con una interfaz incre\u00edblemente f\u00e1cil de usar que permite a los propietarios de franquicias supervisar sin esfuerzo todos los aspectos de sus operaciones, rastrear con precisi\u00f3n las m\u00e9tricas de rendimiento y tomar decisiones informadas y basadas en datos que finalmente impulsar\u00e1n el \u00e9xito y la rentabilidad. Adem\u00e1s, el gerente de franquicias de Geodirectory garantiza sin esfuerzo el m\u00e1ximo en seguridad y protecci\u00f3n de la informaci\u00f3n confidencial y confidencial, as\u00ed como para garantizar el cumplimiento de todos los est\u00e1ndares y regulaciones relevantes de la industria. En \u00faltima instancia, el gerente de franquicias Geodirectorio es una soluci\u00f3n integral y abarcadora que simplifica y racionaliza cada faceta de la gesti\u00f3n de franquicias, lo que permite a las empresas crecer y expandir sin esfuerzo su alcance con una facilidad y eficiencia incomparables.<\/p>\n<ul>\n<li>Plataforma integral para administrar operaciones de franquicia<\/li>\n<li>Centraliza la gesti\u00f3n de m\u00faltiples ubicaciones<\/li>\n<li>Herramientas incorporadas para soporte y comunicaci\u00f3n franquiciadores<\/li>\n<li>Panel de control personalizable para rastrear indicadores de rendimiento de la tecla (KPI)<\/li>\n<li>Las s\u00f3lidas funcionalidades de informes para la visi\u00f3n en tiempo real del rendimiento operativo<\/li>\n<li>Simplifica los procesos de gesti\u00f3n y pedido de inventario<\/li>\n<li>Interfaz para dispositivos m\u00f3viles para el acceso y la entrada<\/li>\n<li>Integraci\u00f3n con sistemas y servicios de terceros para escalabilidad y flexibilidad.<\/li>\n<\/ul>\n","protected":false},"excerpt":{"rendered":"<p>Geodirectorio Franchise Manager es una soluci\u00f3n de software incre\u00edblemente avanzada y altamente sofisticada que se ha creado espec\u00edficamente para los due\u00f1os de negocios de franquicias que buscan administrar y racionalizar de manera efectiva sus operaciones de franquicias. Este notable software viene equipado con una variedad de herramientas extremadamente potentes que le permiten manejar y supervisar sin esfuerzo todos los aspectos de sus franquicias. Adem\u00e1s, le permite iniciar campa\u00f1as de marketing y publicidad altamente efectivas, as\u00ed como monitorear meticulosamente el rendimiento de ventas de cada una de sus ubicaciones, todo desde un tablero centralizado y conveniente. Lo que realmente distingue al Geodirectory Franchise Manager de otras opciones de software similares es su excelente flexibilidad en t\u00e9rminos de precios y escalabilidad, lo que lo convierte en una soluci\u00f3n excepcionalmente inteligente que tiene la capacidad de contribuir significativamente al r\u00e1pido crecimiento y expansi\u00f3n de su negocio. Adem\u00e1s, este software fenomenal cuenta con una gama de caracter\u00edsticas avanzadas que incluyen la capacidad de acceder a datos en tiempo real, asegurando que siempre tenga la informaci\u00f3n m\u00e1s actualizada a su alcance. Adem\u00e1s, proporciona un almacenamiento de datos seguro, lo que garantiza que todos sus datos de gesti\u00f3n de franquicias importantes y confidenciales se mantengan completamente seguros y protegidos. Por \u00faltimo, pero no menos importante, el Geodirectory Franchise Manager ofrece una interfaz f\u00e1cil de usar, asegurando que incluso aquellos que no son particularmente expertos en tecnolog\u00eda puedan navegar f\u00e1cilmente y utilizar todas las caracter\u00edsticas y funciones incre\u00edbles que este software tiene para ofrecer. \u00a1Con el gerente de franquicia Geodirectorio, la gesti\u00f3n de franquicias nunca ha sido m\u00e1s f\u00e1cil o m\u00e1s accesible!<\/p>\n","protected":false},"featured_media":166211,"comment_status":"open","ping_status":"open","template":"","meta":[],"product_brand":[2464],"product_cat":[1214,1206,1211],"product_tag":[1791],"class_list":{"0":"post-111685","1":"product","2":"type-product","3":"status-publish","4":"has-post-thumbnail","6":"product_brand-ayecode","7":"product_cat-personalizacion","8":"product_cat-plugins","9":"product_cat-wordpress-plugins","10":"product_tag-ayecode","11":"member-discount","12":"discount-restricted","14":"first","15":"instock","16":"sale","17":"downloadable","18":"virtual","19":"sold-individually","20":"purchasable","21":"product-type-simple"},"_links":{"self":[{"href":"https:\/\/gpl-love.com\/es\/wp-json\/wp\/v2\/product\/111685","targetHints":{"allow":["GET"]}}],"collection":[{"href":"https:\/\/gpl-love.com\/es\/wp-json\/wp\/v2\/product"}],"about":[{"href":"https:\/\/gpl-love.com\/es\/wp-json\/wp\/v2\/types\/product"}],"replies":[{"embeddable":true,"href":"https:\/\/gpl-love.com\/es\/wp-json\/wp\/v2\/comments?post=111685"}],"wp:featuredmedia":[{"embeddable":true,"href":"https:\/\/gpl-love.com\/es\/wp-json\/wp\/v2\/media\/166211"}],"wp:attachment":[{"href":"https:\/\/gpl-love.com\/es\/wp-json\/wp\/v2\/media?parent=111685"}],"wp:term":[{"taxonomy":"product_brand","embeddable":true,"href":"https:\/\/gpl-love.com\/es\/wp-json\/wp\/v2\/product_brand?post=111685"},{"taxonomy":"product_cat","embeddable":true,"href":"https:\/\/gpl-love.com\/es\/wp-json\/wp\/v2\/product_cat?post=111685"},{"taxonomy":"product_tag","embeddable":true,"href":"https:\/\/gpl-love.com\/es\/wp-json\/wp\/v2\/product_tag?post=111685"}],"curies":[{"name":"wp","href":"https:\/\/api.w.org\/{rel}","templated":true}]}}