{"id":111683,"date":"2021-02-09T00:00:00","date_gmt":"2021-02-09T05:00:00","guid":{"rendered":"http:\/\/gpl-love.com\/es\/producto\/geodirectory-framework-wordpress-theme\/"},"modified":"2026-03-13T17:21:13","modified_gmt":"2026-03-13T22:21:13","slug":"geodirectory-framework-wordpress-theme","status":"publish","type":"product","link":"https:\/\/gpl-love.com\/es\/producto\/geodirectory-framework-wordpress-theme\/","title":{"rendered":"GeoDirectory Framework Wordpress Theme 2.0.0.6"},"content":{"rendered":"<h3>GeoDirectory Framework Wordpress Theme Caracteristicas<\/h3>\n<p>El tema de WordPress del marco Geodirectorio es un tema excepcionalmente poderoso que ha sido meticulosamente dise\u00f1ado para ayudar a los usuarios a construir sin esfuerzo un sitio web integral de directorio. Este tema est\u00e1 abundantemente equipado con una extensa variedad de caracter\u00edsticas y funcionalidades, facilitando as\u00ed la creaci\u00f3n de sitios web visualmente cautivadores, receptivos y f\u00e1ciles de usar. Al emplear el marco de geodirectorio, las personas pueden generar listados de manera amplia y sin esfuerzo, administrar de manera eficiente a los usuarios e incluso beneficiarse de su sitio web a trav\u00e9s de la utilizaci\u00f3n de opciones de pago avanzadas. Adem\u00e1s, este tema abarca una variedad de widgets personalizados, c\u00f3digos cortos y una amplia selecci\u00f3n de otras alternativas de personalizaci\u00f3n, todas las cuales contribuyen a la mejora y la distinci\u00f3n de su sitio web. Independientemente de si tiene la intenci\u00f3n de fabricar un directorio dirigido a su comunidad local o un directorio global expansivo, el tema de WordPress del marco geodirectorio sirve como la soluci\u00f3n por excelencia para cumplir con \u00e9xito sus objetivos.<\/p>\n<ul>\n<li>Un tema de WordPress potente y personalizable dise\u00f1ado espec\u00edficamente para crear sitios web de directorio<\/li>\n<li>Se integra con el complemento Geodirectorio para agregar la funcionalidad del directorio, incluidos los formularios de env\u00edo de frontend y las opciones de b\u00fasqueda avanzadas<\/li>\n<li>Builder de p\u00e1gina de arrastre y soltar f\u00e1cil de usar para crear p\u00e1ginas y dise\u00f1os personalizados<\/li>\n<li>Dise\u00f1o totalmente receptivo para garantizar que su directorio se vea genial en todos los dispositivos<\/li>\n<li>Opciones de monetizaci\u00f3n incorporadas, incluidos listados pagos y pancartas de publicidad<\/li>\n<li>Caracter\u00edsticas de mapeo avanzado, incluida la integraci\u00f3n de Google Maps y el soporte de Mapbox<\/li>\n<li>Excelente soporte y documentaci\u00f3n para asegurarse de aprovechar al m\u00e1ximo el sitio web de su directorio<\/li>\n<li>Actualizaciones y mejoras regulares para mantenerse a la vanguardia y proporcionar la mejor experiencia de usuario posible<\/li>\n<\/ul>\n","protected":false},"excerpt":{"rendered":"<p>El tema de WordPress del marco Geodirectorio es un sistema incre\u00edblemente robusto y f\u00e1cil de usar que le otorga la capacidad de generar directorios y listados de cualquier naturaleza. Este notable tema cuenta con caracter\u00edsticas avanzadas junto con una interfaz intuitiva, lo que lo permite a crear un sitio web impresionante que muestra sin problemas sus listados de manera m\u00e1s \u00f3ptima imaginable. No importa si su objetivo es establecer un directorio de restaurantes, hoteles, negocios o cualquier otro tipo de listado, ya que este tema sirve como la soluci\u00f3n por excelencia. Adem\u00e1s, abarca una amplia gama de opciones de personalizaci\u00f3n, que incluye una variedad de dise\u00f1os y estilos, asegurando as\u00ed que posee la capacidad de construir un sitio web imbuido de una apariencia y ambiente distintivos. Al emplear el marco de geodirectorio, puede elevar el estado del sitio web de su directorio a alturas incomparables, proporcionando a sus estimados visitantes una experiencia de usuario incomparable que fomenta la participaci\u00f3n y la conversi\u00f3n sin problemas.<\/p>\n","protected":false},"featured_media":166210,"comment_status":"open","ping_status":"open","template":"","meta":[],"product_brand":[2464],"product_cat":[1267,1237,1238],"product_tag":[1791],"class_list":{"0":"post-111683","1":"product","2":"type-product","3":"status-publish","4":"has-post-thumbnail","6":"product_brand-ayecode","7":"product_cat-creativo","8":"product_cat-temas","9":"product_cat-wordpress-temas","10":"product_tag-ayecode","11":"member-discount","12":"discount-restricted","14":"first","15":"instock","16":"sale","17":"downloadable","18":"virtual","19":"sold-individually","20":"purchasable","21":"product-type-simple"},"_links":{"self":[{"href":"https:\/\/gpl-love.com\/es\/wp-json\/wp\/v2\/product\/111683","targetHints":{"allow":["GET"]}}],"collection":[{"href":"https:\/\/gpl-love.com\/es\/wp-json\/wp\/v2\/product"}],"about":[{"href":"https:\/\/gpl-love.com\/es\/wp-json\/wp\/v2\/types\/product"}],"replies":[{"embeddable":true,"href":"https:\/\/gpl-love.com\/es\/wp-json\/wp\/v2\/comments?post=111683"}],"wp:featuredmedia":[{"embeddable":true,"href":"https:\/\/gpl-love.com\/es\/wp-json\/wp\/v2\/media\/166210"}],"wp:attachment":[{"href":"https:\/\/gpl-love.com\/es\/wp-json\/wp\/v2\/media?parent=111683"}],"wp:term":[{"taxonomy":"product_brand","embeddable":true,"href":"https:\/\/gpl-love.com\/es\/wp-json\/wp\/v2\/product_brand?post=111683"},{"taxonomy":"product_cat","embeddable":true,"href":"https:\/\/gpl-love.com\/es\/wp-json\/wp\/v2\/product_cat?post=111683"},{"taxonomy":"product_tag","embeddable":true,"href":"https:\/\/gpl-love.com\/es\/wp-json\/wp\/v2\/product_tag?post=111683"}],"curies":[{"name":"wp","href":"https:\/\/api.w.org\/{rel}","templated":true}]}}