{"id":111681,"date":"2026-04-10T00:00:00","date_gmt":"2026-04-10T05:00:00","guid":{"rendered":"http:\/\/gpl-love.com\/es\/?post_type=product&#038;p=111681"},"modified":"2026-04-10T11:15:41","modified_gmt":"2026-04-10T16:15:41","slug":"geodirectory-events","status":"publish","type":"product","link":"https:\/\/gpl-love.com\/es\/producto\/geodirectory-events\/","title":{"rendered":"GeoDirectory Events 2.3.27"},"content":{"rendered":"<h3>GeoDirectory Events Caracteristicas<\/h3>\n<p>Geodirectory Events ofrece una soluci\u00f3n de software robusta y formidable que proporciona la capacidad de manejar y promover eventos sin esfuerzo dentro de su vecindad local. Con su interfaz de usuario intuitiva y su amplia gama de caracter\u00edsticas avanzadas, puede generar y publicar sin esfuerzo listados de eventos, administrar efectivamente las ventas de boletos, RSVP y registros, e incluso monitorear meticulosamente las m\u00e9tricas de asistencia y participaci\u00f3n. Independientemente de si est\u00e1 orquestando una reuni\u00f3n comunitaria a peque\u00f1a escala o una conferencia grandiosa, los eventos geodirectorio poseen todas las herramientas y recursos necesarios para garantizar el triunfo de su evento. Por lo tanto, \u00bfpor qu\u00e9 retrasar m\u00e1s? \u00a1Comience su utilizaci\u00f3n de eventos geodirectorio hoy y eleve sus esfuerzos de gesti\u00f3n de eventos a alturas sin precedentes!<\/p>\n<ul>\n<li>Muestra los pr\u00f3ximos eventos en una ubicaci\u00f3n espec\u00edfica<\/li>\n<li>Se puede buscar por categor\u00eda, fecha y palabra clave<\/li>\n<li>Muestra detalles del evento como tiempo, ubicaci\u00f3n y descripci\u00f3n<\/li>\n<li>Los usuarios pueden confirmar su asistencia y compartir eventos en las redes sociales<\/li>\n<li>Se integra con Google Maps para una f\u00e1cil navegaci\u00f3n<\/li>\n<li>Opci\u00f3n para mostrar eventos en una vista de calendario<\/li>\n<li>Soporte de varios idiomas para usuarios globales<\/li>\n<li>Dise\u00f1o personalizable para que coincida con la est\u00e9tica del sitio web<\/li>\n<li>F\u00e1cil de instalar y administrar con la integraci\u00f3n de la plataforma de WordPress<\/li>\n<li>Opci\u00f3n para eventos pagados con integraci\u00f3n de procesamiento de pagos.<\/li>\n<\/ul>\n","protected":false},"excerpt":{"rendered":"<p>Geodirectory Events es un complemento incre\u00edblemente robusto y avanzado que le ofrece la incre\u00edble capacidad de crear y administrar eficientemente eventos para su sitio web. Al utilizar el poderoso complemento de eventos geodirectorio, puede integrar sin problemas eventos nuevos y emocionantes, supervisar efectivamente a los asistentes y rastrear meticulosamente las RSVP. El complemento cuenta con una interfaz incre\u00edblemente intuitiva y f\u00e1cil de usar, asegurando que sea accesible y f\u00e1cilmente navegable para personas de todos los niveles de especializaci\u00f3n, desde novatos hasta profesionales experimentados. Independientemente de si est\u00e1 tratando de establecer un calendario comunitario integral u orquestar un evento elaborado y a escala de gran escala, los eventos geodirectorio sin duda lo tienen completamente cubierto. Este complemento excepcional se enorgullece de su versatilidad incomparable y su capacidad de estar completamente personalizado para cumplir con sus requisitos de gesti\u00f3n de eventos \u00fanicos y espec\u00edficos. Por lo tanto, sin lugar a dudas, los eventos geodirectorio se destacan como la elecci\u00f3n por excelencia para todas las necesidades de gesti\u00f3n de eventos.<\/p>\n","protected":false},"featured_media":166209,"comment_status":"open","ping_status":"open","template":"","meta":[],"product_brand":[2464],"product_cat":[1214,1206,1211],"product_tag":[1791],"class_list":{"0":"post-111681","1":"product","2":"type-product","3":"status-publish","4":"has-post-thumbnail","6":"product_brand-ayecode","7":"product_cat-personalizacion","8":"product_cat-plugins","9":"product_cat-wordpress-plugins","10":"product_tag-ayecode","11":"member-discount","12":"discount-restricted","14":"first","15":"instock","16":"sale","17":"downloadable","18":"virtual","19":"sold-individually","20":"purchasable","21":"product-type-simple"},"_links":{"self":[{"href":"https:\/\/gpl-love.com\/es\/wp-json\/wp\/v2\/product\/111681","targetHints":{"allow":["GET"]}}],"collection":[{"href":"https:\/\/gpl-love.com\/es\/wp-json\/wp\/v2\/product"}],"about":[{"href":"https:\/\/gpl-love.com\/es\/wp-json\/wp\/v2\/types\/product"}],"replies":[{"embeddable":true,"href":"https:\/\/gpl-love.com\/es\/wp-json\/wp\/v2\/comments?post=111681"}],"wp:featuredmedia":[{"embeddable":true,"href":"https:\/\/gpl-love.com\/es\/wp-json\/wp\/v2\/media\/166209"}],"wp:attachment":[{"href":"https:\/\/gpl-love.com\/es\/wp-json\/wp\/v2\/media?parent=111681"}],"wp:term":[{"taxonomy":"product_brand","embeddable":true,"href":"https:\/\/gpl-love.com\/es\/wp-json\/wp\/v2\/product_brand?post=111681"},{"taxonomy":"product_cat","embeddable":true,"href":"https:\/\/gpl-love.com\/es\/wp-json\/wp\/v2\/product_cat?post=111681"},{"taxonomy":"product_tag","embeddable":true,"href":"https:\/\/gpl-love.com\/es\/wp-json\/wp\/v2\/product_tag?post=111681"}],"curies":[{"name":"wp","href":"https:\/\/api.w.org\/{rel}","templated":true}]}}