{"id":111679,"date":"2025-01-31T00:00:00","date_gmt":"2025-01-31T05:00:00","guid":{"rendered":"http:\/\/gpl-love.com\/es\/?post_type=product&#038;p=111679"},"modified":"2026-03-09T07:37:34","modified_gmt":"2026-03-09T12:37:34","slug":"geodirectory-embeddable-ratings-badge","status":"publish","type":"product","link":"https:\/\/gpl-love.com\/es\/producto\/geodirectory-embeddable-ratings-badge\/","title":{"rendered":"GeoDirectory Embeddable Ratings Badge 2.3.4"},"content":{"rendered":"<h3>GeoDirectory Embeddable Ratings Badge Caracteristicas<\/h3>\n<p>La insignia de calificaciones integradas de geodirectorio es un instrumento inmensamente potente que le otorga la capacidad de exhibir las calificaciones y revisiones de su negocio directamente en su sitio web, lo que le otorga un aire de credibilidad y autenticidad. Esta insignia vers\u00e1til se puede integrar sin esfuerzo en cualquier p\u00e1gina, otorgando as\u00ed a los visitantes acceso inmediato y sin restricciones al invaluable recurso que es la reputaci\u00f3n y los comentarios de los clientes de su empresa. Adem\u00e1s, esta herramienta es excepcionalmente rica en funciones, lo que le brinda la capacidad de ejercer un control completo sobre la apariencia y la funcionalidad de la insignia, lo que le permite asimilarse sin problemas con la marca y el dise\u00f1o general de su sitio web. En virtud de la insignia de calificaciones integrables geodirectorio, puede fomentar la confianza entre los posibles clientes, amplificar los niveles de participaci\u00f3n y mejorar su reputaci\u00f3n en l\u00ednea, todo el tiempo simplifica la ardua tarea de administrar su presencia en l\u00ednea.<\/p>\n<ul>\n<li>Una insignia visualmente atractiva que muestra las calificaciones y revisiones de un negocio o ubicaci\u00f3n.<\/li>\n<li>Se puede integrar f\u00e1cilmente en cualquier sitio web o plataforma digital.<\/li>\n<li>Ayuda a las empresas a generar confianza con los clientes potenciales al mostrar revisiones y comentarios en tiempo real.<\/li>\n<li>Incluye configuraciones personalizables para que coincida con el estilo y la marca de cualquier sitio web.<\/li>\n<li>Ofrece una variedad de opciones de visualizaci\u00f3n, incluida la orientaci\u00f3n horizontal o vertical y las opciones de varios tama\u00f1os.<\/li>\n<li>Se puede utilizar para cualquier tipo de negocio o ubicaci\u00f3n, incluidos restaurantes, hoteles, museos y m\u00e1s.<\/li>\n<li>Proporciona informaci\u00f3n valiosa sobre la satisfacci\u00f3n del cliente y ayuda a las empresas a mejorar su reputaci\u00f3n en l\u00ednea.<\/li>\n<li>Ofrece una integraci\u00f3n perfecta con el complemento Geodirectory para WordPress.<\/li>\n<\/ul>\n","protected":false},"excerpt":{"rendered":"<p>La insignia de calificaciones integradas de geodirectorio, una herramienta incre\u00edblemente potente e influyente, le otorga la capacidad de exhibir calificaciones en constante cambio en su sitio web o aplicaci\u00f3n. Esta insignia notablemente avanzada, incorporada sin esfuerzo en su plataforma, puede modificarse para alinearse sin problemas con la est\u00e9tica de su marca. En consecuencia, sirve como el medio ideal para presentar y resaltar la calificaci\u00f3n y la posici\u00f3n de sus empresas, cautivando a su audiencia a trav\u00e9s de una manera atractiva y visualmente encantadora. Sin lugar a dudas, la insignia de calificaciones integrables geodirectorio otorga una verificaci\u00f3n social invaluable, fomentando un sentido amplificado de confianza y lealtad de su estimada clientela.<\/p>\n","protected":false},"featured_media":166208,"comment_status":"open","ping_status":"open","template":"","meta":[],"product_brand":[2464],"product_cat":[1214,1206,1211],"product_tag":[1791],"class_list":{"0":"post-111679","1":"product","2":"type-product","3":"status-publish","4":"has-post-thumbnail","6":"product_brand-ayecode","7":"product_cat-personalizacion","8":"product_cat-plugins","9":"product_cat-wordpress-plugins","10":"product_tag-ayecode","11":"member-discount","12":"discount-restricted","14":"first","15":"instock","16":"sale","17":"downloadable","18":"virtual","19":"sold-individually","20":"purchasable","21":"product-type-simple"},"_links":{"self":[{"href":"https:\/\/gpl-love.com\/es\/wp-json\/wp\/v2\/product\/111679","targetHints":{"allow":["GET"]}}],"collection":[{"href":"https:\/\/gpl-love.com\/es\/wp-json\/wp\/v2\/product"}],"about":[{"href":"https:\/\/gpl-love.com\/es\/wp-json\/wp\/v2\/types\/product"}],"replies":[{"embeddable":true,"href":"https:\/\/gpl-love.com\/es\/wp-json\/wp\/v2\/comments?post=111679"}],"wp:featuredmedia":[{"embeddable":true,"href":"https:\/\/gpl-love.com\/es\/wp-json\/wp\/v2\/media\/166208"}],"wp:attachment":[{"href":"https:\/\/gpl-love.com\/es\/wp-json\/wp\/v2\/media?parent=111679"}],"wp:term":[{"taxonomy":"product_brand","embeddable":true,"href":"https:\/\/gpl-love.com\/es\/wp-json\/wp\/v2\/product_brand?post=111679"},{"taxonomy":"product_cat","embeddable":true,"href":"https:\/\/gpl-love.com\/es\/wp-json\/wp\/v2\/product_cat?post=111679"},{"taxonomy":"product_tag","embeddable":true,"href":"https:\/\/gpl-love.com\/es\/wp-json\/wp\/v2\/product_tag?post=111679"}],"curies":[{"name":"wp","href":"https:\/\/api.w.org\/{rel}","templated":true}]}}