{"id":111677,"date":"2026-04-10T00:00:00","date_gmt":"2026-04-10T05:00:00","guid":{"rendered":"http:\/\/gpl-love.com\/es\/?post_type=product&#038;p=111677"},"modified":"2026-04-10T05:15:26","modified_gmt":"2026-04-10T10:15:26","slug":"geodirectory-custom-post-types","status":"publish","type":"product","link":"https:\/\/gpl-love.com\/es\/producto\/geodirectory-custom-post-types\/","title":{"rendered":"GeoDirectory Custom Post Types 2.3.15"},"content":{"rendered":"<h3>GeoDirectory Custom Post Types Caracteristicas<\/h3>\n<p>El complemento de tipos de publicaciones personalizadas de Geodirectory se presenta como una herramienta formidable que permite a los usuarios generar y supervisar los tipos de publicaciones a medida para su estimado sitio web de Directorio de Geodirectorio. Este complemento excepcional otorga a los propietarios del sitio web la capacidad de introducir perfectamente tipos de publicaciones novedosas, como empresas, eventos y clasificados, cada uno adornado con sus propios campos y taxonom\u00edas personalizados \u00fanicos. Adem\u00e1s, los usuarios poseen la discreci\u00f3n para adaptar la est\u00e9tica de estos tipos de publicaci\u00f3n, en el que pueden ejercer control sobre el dise\u00f1o, el estilo y la funcionalidad. En virtud de este complemento, los propietarios de sitios web tienen la oportunidad de forjar un directorio que es, en esencia, una encarnaci\u00f3n de sus especificaciones y requisitos idiosincr\u00e1sicos. En consecuencia, la utilizaci\u00f3n de los tipos de publicaciones personalizadas de Geodirectorio aumenta el sitio web del directorio hasta tal punto que lo impulse al siguiente escal\u00f3n, lo que resulta en una mayor facilidad de uso y funcionalidad que est\u00e1 obligada a generar una satisfacci\u00f3n entre los visitantes.<\/p>\n<ul>\n<li>Los tipos de publicaciones personalizadas de geodirectorio proporcionan una forma altamente personalizable de estructurar el contenido de su sitio web<\/li>\n<li>Cree tipos de publicaci\u00f3n personalizados para cualquier tipo de contenido, desde listados hasta eventos hasta clasificados y m\u00e1s<\/li>\n<li>Agregue f\u00e1cilmente campos y taxonom\u00edas personalizadas a sus tipos de publicaciones personalizadas para una organizaci\u00f3n mejorada y opciones de filtrado<\/li>\n<li>Los tipos de publicaciones personalizadas de geodirectorio se integran perfectamente con el complemento de geodirectorio para una soluci\u00f3n de directorio basada en la ubicaci\u00f3n todo en uno<\/li>\n<li>Use las potentes funcionalidades de b\u00fasqueda y filtrado de geodirectorio para crear p\u00e1ginas de b\u00fasqueda personalizadas para sus tipos de contenido.<\/li>\n<li>Personalice el dise\u00f1o y la visualizaci\u00f3n de sus tipos de publicaci\u00f3n personalizados con el sistema de plantilla incorporada<\/li>\n<li>Aproveche la traducci\u00f3n y las capacidades multiling\u00fces para crear sitios web basados \u200b\u200ben la ubicaci\u00f3n en cualquier idioma<\/li>\n<li>Use el importador y el exportador incorporados para mover f\u00e1cilmente su contenido y configuraci\u00f3n entre sitios o copias de seguridad.<\/li>\n<\/ul>\n","protected":false},"excerpt":{"rendered":"<p>Los tipos de publicaciones personalizadas de Geodirectory ofrecen una impresionante variedad de caracter\u00edsticas que le permiten generar tipos de publicaciones personalizados sin esfuerzo dentro de su sitio de geodirectorio. Al utilizar esta herramienta excepcional, puede incorporar a la perfecci\u00f3n campos y categor\u00edas novedosos en sus listados de directorio, al tiempo que crea plantillas hechas a medida para cada tipo de publicaci\u00f3n \u00fanico. Esta valiosa funcionalidad ayuda en la organizaci\u00f3n perfecta de su contenido, lo que lo hace accesible sin esfuerzo para los usuarios que buscan listados relevantes. Independientemente de si su presencia en l\u00ednea toma la forma de un bullicioso directorio de negocios, una plataforma inmobiliaria integral o una gu\u00eda de viajes inmersiva, la utilizaci\u00f3n de los tipos de publicaciones personalizadas de Geodirectorio sin duda elevar\u00e1 la profesionalidad y la eficacia de su contenido exhibido. No pierda el tiempo, se embarque en este viaje transformador hoy y impulse su sitio de directorio a alturas incomparables.<\/p>\n","protected":false},"featured_media":166207,"comment_status":"open","ping_status":"open","template":"","meta":[],"product_brand":[2464],"product_cat":[1214,1206,1211],"product_tag":[1791],"class_list":{"0":"post-111677","1":"product","2":"type-product","3":"status-publish","4":"has-post-thumbnail","6":"product_brand-ayecode","7":"product_cat-personalizacion","8":"product_cat-plugins","9":"product_cat-wordpress-plugins","10":"product_tag-ayecode","11":"member-discount","12":"discount-restricted","14":"first","15":"instock","16":"sale","17":"downloadable","18":"virtual","19":"sold-individually","20":"purchasable","21":"product-type-simple"},"_links":{"self":[{"href":"https:\/\/gpl-love.com\/es\/wp-json\/wp\/v2\/product\/111677","targetHints":{"allow":["GET"]}}],"collection":[{"href":"https:\/\/gpl-love.com\/es\/wp-json\/wp\/v2\/product"}],"about":[{"href":"https:\/\/gpl-love.com\/es\/wp-json\/wp\/v2\/types\/product"}],"replies":[{"embeddable":true,"href":"https:\/\/gpl-love.com\/es\/wp-json\/wp\/v2\/comments?post=111677"}],"wp:featuredmedia":[{"embeddable":true,"href":"https:\/\/gpl-love.com\/es\/wp-json\/wp\/v2\/media\/166207"}],"wp:attachment":[{"href":"https:\/\/gpl-love.com\/es\/wp-json\/wp\/v2\/media?parent=111677"}],"wp:term":[{"taxonomy":"product_brand","embeddable":true,"href":"https:\/\/gpl-love.com\/es\/wp-json\/wp\/v2\/product_brand?post=111677"},{"taxonomy":"product_cat","embeddable":true,"href":"https:\/\/gpl-love.com\/es\/wp-json\/wp\/v2\/product_cat?post=111677"},{"taxonomy":"product_tag","embeddable":true,"href":"https:\/\/gpl-love.com\/es\/wp-json\/wp\/v2\/product_tag?post=111677"}],"curies":[{"name":"wp","href":"https:\/\/api.w.org\/{rel}","templated":true}]}}