{"id":111675,"date":"2025-01-16T00:00:00","date_gmt":"2025-01-16T05:00:00","guid":{"rendered":"http:\/\/gpl-love.com\/es\/?post_type=product&#038;p=111675"},"modified":"2026-03-09T07:37:32","modified_gmt":"2026-03-09T12:37:32","slug":"geodirectory-custom-map-styles","status":"publish","type":"product","link":"https:\/\/gpl-love.com\/es\/producto\/geodirectory-custom-map-styles\/","title":{"rendered":"GeoDirectory Custom Map Styles 2.3.5"},"content":{"rendered":"<h3>GeoDirectory Custom Map Styles Caracteristicas<\/h3>\n<p>Geodirectory Custom Map Styles es una herramienta innovadora que permite a los usuarios crear mapas altamente personalizados y visualmente cautivadores. Este producto de vanguardia ofrece una amplia gama de caracter\u00edsticas, lo que permite a las personas dise\u00f1ar mapas meticulosamente que se alineen con sus requisitos e inclinaciones espec\u00edficas. Geodirectory Custom Map Styles ofrece a los usuarios la oportunidad de curar mapas que encarnan perfectamente su marca, organizaci\u00f3n o est\u00e9tica personal. Desde la selecci\u00f3n de esquemas de color vibrantes para incorporar iconos y fuentes \u00fanicos, las posibilidades de crear mapas visualmente impresionantes y f\u00e1cilmente comprensibles son infinitas. Ya sea que se busque crear un mapa para su pr\u00f3spero negocio, un blog de viajes animado o un proyecto personal apasionado, los estilos de mapa personalizado de geodirectorio se erigen como una herramienta indispensable que d\u00eda a los usuarios con la autoridad para dise\u00f1ar un mapa verdaderamente distintivo y a medida que atiende a sus necesidades sin problemas. y aspiraciones.<\/p>\n<ul>\n<li>Estilos de mapa personalizados para geodirectorio, un popular complemento de directorio basado en la ubicaci\u00f3n para WordPress<\/li>\n<li>Permite a los usuarios crear mapas \u00fanicos y visualmente atractivos para sus listados de directorio<\/li>\n<li>Ofrece una amplia gama de opciones de personalizaci\u00f3n, que incluyen colores, fuentes y marcadores de mapas<\/li>\n<li>Ayuda a las empresas y organizaciones a destacarse creando una apariencia distintiva para sus listados de directorio<\/li>\n<li>Se puede integrar f\u00e1cilmente en cualquier sitio web utilizando el complemento Geodirectorio<\/li>\n<li>Dise\u00f1ado tanto para principiantes como para usuarios avanzados, con controles intuitivos y caracter\u00edsticas potentes<\/li>\n<li>Viene con documentaci\u00f3n \u00fatil y soporte para garantizar un proceso de personalizaci\u00f3n de mapas suave y exitoso<\/li>\n<li>Compatible con una gama de complementos y extensiones de terceros para obtener a\u00fan m\u00e1s opciones de funcionalidad y personalizaci\u00f3n<\/li>\n<li>Ayuda a los usuarios a mostrar sus listados de directorio y atraer a m\u00e1s visitantes al hacer que sus mapas sean m\u00e1s atractivos y f\u00e1ciles de usar.<\/li>\n<\/ul>\n","protected":false},"excerpt":{"rendered":"<p>El producto Geodirectory Custom Map Styles es una herramienta extremadamente potente que permite a los usuarios generar mapas personalizados que se alinean perfectamente con la est\u00e9tica y el ambiente general de su marca o sitio web. Cuenta con una interfaz notablemente f\u00e1cil de usar, capacitando a las personas para elegir sin esfuerzo colores, fuentes y varios elementos de mapas. Adem\u00e1s, los usuarios tienen la oportunidad de obtener una vista previa de su mapa antes de ponerlo a disposici\u00f3n del p\u00fablico. Al aprovechar el poder de las tecnolog\u00edas de vanguardia, nuestros estilos de mapas personalizados garantizan datos de ubicaci\u00f3n precisos y de actualizaci\u00f3n, lo que permite a las empresas y organizaciones mostrar efectivamente sus ofertas. Independientemente de si uno requiere mapas para su sitio web, aplicaci\u00f3n m\u00f3vil o medios impresos, el producto Geodirectory Custom Map Styles se establece como la soluci\u00f3n por excelencia para crear mapas que son visualmente llamativos y educativos.<\/p>\n","protected":false},"featured_media":166206,"comment_status":"open","ping_status":"open","template":"","meta":[],"product_brand":[2464],"product_cat":[1214,1206,1211],"product_tag":[1791],"class_list":{"0":"post-111675","1":"product","2":"type-product","3":"status-publish","4":"has-post-thumbnail","6":"product_brand-ayecode","7":"product_cat-personalizacion","8":"product_cat-plugins","9":"product_cat-wordpress-plugins","10":"product_tag-ayecode","11":"member-discount","12":"discount-restricted","14":"first","15":"instock","16":"sale","17":"downloadable","18":"virtual","19":"sold-individually","20":"purchasable","21":"product-type-simple"},"_links":{"self":[{"href":"https:\/\/gpl-love.com\/es\/wp-json\/wp\/v2\/product\/111675","targetHints":{"allow":["GET"]}}],"collection":[{"href":"https:\/\/gpl-love.com\/es\/wp-json\/wp\/v2\/product"}],"about":[{"href":"https:\/\/gpl-love.com\/es\/wp-json\/wp\/v2\/types\/product"}],"replies":[{"embeddable":true,"href":"https:\/\/gpl-love.com\/es\/wp-json\/wp\/v2\/comments?post=111675"}],"wp:featuredmedia":[{"embeddable":true,"href":"https:\/\/gpl-love.com\/es\/wp-json\/wp\/v2\/media\/166206"}],"wp:attachment":[{"href":"https:\/\/gpl-love.com\/es\/wp-json\/wp\/v2\/media?parent=111675"}],"wp:term":[{"taxonomy":"product_brand","embeddable":true,"href":"https:\/\/gpl-love.com\/es\/wp-json\/wp\/v2\/product_brand?post=111675"},{"taxonomy":"product_cat","embeddable":true,"href":"https:\/\/gpl-love.com\/es\/wp-json\/wp\/v2\/product_cat?post=111675"},{"taxonomy":"product_tag","embeddable":true,"href":"https:\/\/gpl-love.com\/es\/wp-json\/wp\/v2\/product_tag?post=111675"}],"curies":[{"name":"wp","href":"https:\/\/api.w.org\/{rel}","templated":true}]}}