{"id":111673,"date":"2025-08-19T00:00:00","date_gmt":"2025-08-19T05:00:00","guid":{"rendered":"http:\/\/gpl-love.com\/es\/?post_type=product&#038;p=111673"},"modified":"2026-03-09T07:37:31","modified_gmt":"2026-03-09T12:37:31","slug":"geodirectory-compare-listings","status":"publish","type":"product","link":"https:\/\/gpl-love.com\/es\/producto\/geodirectory-compare-listings\/","title":{"rendered":"GeoDirectory Compare Listings 2.2.3"},"content":{"rendered":"<h3>GeoDirectory Compare Listings Caracteristicas<\/h3>\n<p>La herramienta Geodirectorio Compare Listings es una caracter\u00edstica incre\u00edblemente robusta y sofisticada que se ha creado meticulosamente para mejorar la funcionalidad y efectividad de su directorio en l\u00ednea o sitio web de listado. Este complemento excepcional proporciona a los usuarios la notable capacidad de comparar sin esfuerzo m\u00faltiples listados uno al lado del otro, lo que les permite tomar decisiones bien informadas con una facilidad y confianza incomparables. Al integrar sin problemas el complemento de listados de comparaci\u00f3n de geodirectorio en su sitio web, podr\u00e1 desbloquear una amplia gama de caracter\u00edsticas y funcionalidades invaluables que sin duda elevar\u00e1n la experiencia general del usuario y proporcionar\u00e1n un nivel inigualable de conveniencia y utilidad. Algunas de las caracter\u00edsticas impresionantes que ofrece este complemento excepcional incluyen la capacidad de crear tablas de comparaci\u00f3n altamente personalizables, implementando filtros de b\u00fasqueda avanzados que agilizan sustancialmente el proceso de b\u00fasqueda e incorporan diversas opciones de clasificaci\u00f3n que satisfacen las preferencias y requisitos \u00fanicos de sus usuarios. Adem\u00e1s, es esencial tener en cuenta que el complemento Geodirectory Compare Listings es totalmente receptivo y notablemente adaptable, lo que garantiza una accesibilidad \u00f3ptima y un rendimiento excepcional en una amplia gama de dispositivos, independientemente de sus respectivos tama\u00f1os o resoluciones de pantalla. Ya sea que est\u00e9 en el proceso de construir un directorio inmobiliario integral e intuitivo, una junta de trabajo din\u00e1mica e integral, o un sitio web de listados de negocios extensos y abarrotables, la notable herramienta de listados de comparaci\u00f3n de geodirectorio se garantiza que es un activo indispensable que ser\u00e1 inequ\u00edvocamente Catapulta su presencia en l\u00ednea a alturas sin precedentes de \u00e9xito y prominencia.<\/p>\n<ul>\n<li>Compare y contrasta f\u00e1cilmente diferentes listados en su sitio web de geodirectorio<\/li>\n<li>Ver comparaciones de lado a lado de caracter\u00edsticas y detalles clave para cada listado<\/li>\n<li>Ahorre tiempo para sus usuarios proporcionando una forma f\u00e1cil y simplificada de comparar opciones<\/li>\n<li>Mejorar la experiencia del usuario y aumentar la participaci\u00f3n en su sitio web<\/li>\n<li>Aumente la probabilidad de que los usuarios realicen una compra o tomen medidas al proporcionar una forma clara y concisa de comparar opciones<\/li>\n<li>Personalice la herramienta de comparaci\u00f3n para adaptarse a las necesidades y estilo \u00fanicos de su sitio<\/li>\n<li>Acceda a datos confiables y actualizados desde su base de datos Geodirectorio para comparaciones precisas<\/li>\n<li>Ofrezca un recurso valioso para los usuarios que buscan tomar decisiones informadas sobre sus compras o visitas.<\/li>\n<\/ul>\n","protected":false},"excerpt":{"rendered":"<p>La herramienta Geodirectory Compare Listings es una soluci\u00f3n excepcionalmente robusta y avanzada que otorga a los usuarios la capacidad de analizar y yuxtapone de manera integral varios listados de directorio. A trav\u00e9s de la utilizaci\u00f3n de este notable producto, los individuos pueden observar y evaluar sin esfuerzo listados distintos, enfatizando adecuadamente las discrepancias notables y las semejanzas fundamentales para llegar de manera efectiva a veredictos bien informados. Este software, en toda su magnificencia, est\u00e1 exquisitamente adaptado para satisfacer las necesidades y deseos de aquellos que buscan supervisar competuamente una gran cantidad de directorios o empresas de listado, facilitando as\u00ed la racionalizaci\u00f3n eficiente de sus esfuerzos de an\u00e1lisis y finalmente conduciendo a un aumento sustancial en su eficiencia general, productividad y capacidades de ahorro de tiempo.<\/p>\n","protected":false},"featured_media":166205,"comment_status":"open","ping_status":"open","template":"","meta":[],"product_brand":[2464],"product_cat":[1214,1206,1211],"product_tag":[1791],"class_list":{"0":"post-111673","1":"product","2":"type-product","3":"status-publish","4":"has-post-thumbnail","6":"product_brand-ayecode","7":"product_cat-personalizacion","8":"product_cat-plugins","9":"product_cat-wordpress-plugins","10":"product_tag-ayecode","11":"member-discount","12":"discount-restricted","14":"first","15":"instock","16":"sale","17":"downloadable","18":"virtual","19":"sold-individually","20":"purchasable","21":"product-type-simple"},"_links":{"self":[{"href":"https:\/\/gpl-love.com\/es\/wp-json\/wp\/v2\/product\/111673","targetHints":{"allow":["GET"]}}],"collection":[{"href":"https:\/\/gpl-love.com\/es\/wp-json\/wp\/v2\/product"}],"about":[{"href":"https:\/\/gpl-love.com\/es\/wp-json\/wp\/v2\/types\/product"}],"replies":[{"embeddable":true,"href":"https:\/\/gpl-love.com\/es\/wp-json\/wp\/v2\/comments?post=111673"}],"wp:featuredmedia":[{"embeddable":true,"href":"https:\/\/gpl-love.com\/es\/wp-json\/wp\/v2\/media\/166205"}],"wp:attachment":[{"href":"https:\/\/gpl-love.com\/es\/wp-json\/wp\/v2\/media?parent=111673"}],"wp:term":[{"taxonomy":"product_brand","embeddable":true,"href":"https:\/\/gpl-love.com\/es\/wp-json\/wp\/v2\/product_brand?post=111673"},{"taxonomy":"product_cat","embeddable":true,"href":"https:\/\/gpl-love.com\/es\/wp-json\/wp\/v2\/product_cat?post=111673"},{"taxonomy":"product_tag","embeddable":true,"href":"https:\/\/gpl-love.com\/es\/wp-json\/wp\/v2\/product_tag?post=111673"}],"curies":[{"name":"wp","href":"https:\/\/api.w.org\/{rel}","templated":true}]}}