{"id":111671,"date":"2025-08-23T00:00:00","date_gmt":"2025-08-23T05:00:00","guid":{"rendered":"http:\/\/gpl-love.com\/es\/?post_type=product&#038;p=111671"},"modified":"2026-03-09T07:37:29","modified_gmt":"2026-03-09T12:37:29","slug":"geodirectory-claim-listings","status":"publish","type":"product","link":"https:\/\/gpl-love.com\/es\/producto\/geodirectory-claim-listings\/","title":{"rendered":"GeoDirectory Claim Listings 2.3.6"},"content":{"rendered":"<h3>GeoDirectory Claim Listings Caracteristicas<\/h3>\n<p>Los listados de reclamos de geodirectorio sirven como una herramienta extremadamente potente, lo que permite a las empresas que se apoderan de el control sobre su presencia en l\u00ednea. Ofrece una variedad de funcionalidades, lo que permite a las empresas afirmar sin esfuerzo y administrar efectivamente sus listados de directorio en numerosas plataformas, garantizando as\u00ed la precisi\u00f3n y la moneda de su informaci\u00f3n. En particular, los usuarios pueden agregar o modificar de manera expedita y conveniente los detalles de su negocio, abarcando informaci\u00f3n de contacto, horas de operaci\u00f3n, medios visuales y m\u00e1s. Este enfoque integral garantiza que los posibles clientes puedan ubicarse y comunicarse sin esfuerzo con el negocio, en \u00faltima instancia, elevando la visibilidad y generando una afluencia de tr\u00e1fico. Adem\u00e1s, el producto de listados de reclamos geodirectorio cuenta con sofisticadas capacidades de an\u00e1lisis e informes, lo que permite a las empresas monitorear y evaluar el triunfo de sus listados, facilitando la toma de decisiones prudentes enraizadas en los datos. Sin duda, este producto es una inversi\u00f3n imperativa para cualquier empresa que busque mejorar su presencia en l\u00ednea y canalizar un mayor volumen de tr\u00e1fico a su sitio web o establecimiento f\u00edsico.<\/p>\n<ul>\n<li>Listados de directorio precisos y actualizados<\/li>\n<li>Aumento de la visibilidad en l\u00ednea para las empresas<\/li>\n<li>Integraci\u00f3n perfecta con el sitio web existente<\/li>\n<li>Interfaz f\u00e1cil de usar para administrar listados<\/li>\n<li>Dise\u00f1o de respuesta m\u00f3vil para acceder en la marcha<\/li>\n<li>Resultados de b\u00fasqueda geogr\u00e1ficos para mejorar la experiencia del usuario<\/li>\n<li>Categor\u00edas y campos de directorio personalizables<\/li>\n<li>Caracter\u00edsticas de SEO esenciales para una mejor clasificaci\u00f3n de motores de b\u00fasqueda<\/li>\n<li>Atenci\u00f3n al cliente y asistencia disponibles<\/li>\n<li>Planes de precios asequibles para empresas de todos los tama\u00f1os.<\/li>\n<\/ul>\n","protected":false},"excerpt":{"rendered":"<p>Los listados de reclamos Geodirectory son una herramienta altamente eficiente y f\u00e1cil de usar, que otorga a las empresas la capacidad de reclamar sin esfuerzo sus listados y garantizar la visualizaci\u00f3n precisa de su informaci\u00f3n a los clientes potenciales. Esta herramienta notable sirve para optimizar el procedimiento intrincado para actualizar la informaci\u00f3n comercial en l\u00ednea, lo que finalmente dio como resultado una visibilidad amplificada y una posici\u00f3n mejorada dentro de la clasificaci\u00f3n de motores de b\u00fasqueda. Al garantizar que los datos precisos y actuales sean f\u00e1cilmente accesibles, los clientes pueden localizar sin esfuerzo las empresas deseadas que buscan, generando as\u00ed un aumento tanto en el tr\u00e1fico como en las ventas.<\/p>\n","protected":false},"featured_media":166204,"comment_status":"open","ping_status":"open","template":"","meta":[],"product_brand":[2464],"product_cat":[1214,1206,1211],"product_tag":[1791],"class_list":{"0":"post-111671","1":"product","2":"type-product","3":"status-publish","4":"has-post-thumbnail","6":"product_brand-ayecode","7":"product_cat-personalizacion","8":"product_cat-plugins","9":"product_cat-wordpress-plugins","10":"product_tag-ayecode","11":"member-discount","12":"discount-restricted","14":"first","15":"instock","16":"sale","17":"downloadable","18":"virtual","19":"sold-individually","20":"purchasable","21":"product-type-simple"},"_links":{"self":[{"href":"https:\/\/gpl-love.com\/es\/wp-json\/wp\/v2\/product\/111671","targetHints":{"allow":["GET"]}}],"collection":[{"href":"https:\/\/gpl-love.com\/es\/wp-json\/wp\/v2\/product"}],"about":[{"href":"https:\/\/gpl-love.com\/es\/wp-json\/wp\/v2\/types\/product"}],"replies":[{"embeddable":true,"href":"https:\/\/gpl-love.com\/es\/wp-json\/wp\/v2\/comments?post=111671"}],"wp:featuredmedia":[{"embeddable":true,"href":"https:\/\/gpl-love.com\/es\/wp-json\/wp\/v2\/media\/166204"}],"wp:attachment":[{"href":"https:\/\/gpl-love.com\/es\/wp-json\/wp\/v2\/media?parent=111671"}],"wp:term":[{"taxonomy":"product_brand","embeddable":true,"href":"https:\/\/gpl-love.com\/es\/wp-json\/wp\/v2\/product_brand?post=111671"},{"taxonomy":"product_cat","embeddable":true,"href":"https:\/\/gpl-love.com\/es\/wp-json\/wp\/v2\/product_cat?post=111671"},{"taxonomy":"product_tag","embeddable":true,"href":"https:\/\/gpl-love.com\/es\/wp-json\/wp\/v2\/product_tag?post=111671"}],"curies":[{"name":"wp","href":"https:\/\/api.w.org\/{rel}","templated":true}]}}