{"id":111669,"date":"2024-06-13T00:00:00","date_gmt":"2024-06-13T05:00:00","guid":{"rendered":"http:\/\/gpl-love.com\/es\/?post_type=product&#038;p=111669"},"modified":"2026-03-09T07:37:27","modified_gmt":"2026-03-09T12:37:27","slug":"geodirectory-buddypress-integration","status":"publish","type":"product","link":"https:\/\/gpl-love.com\/es\/producto\/geodirectory-buddypress-integration\/","title":{"rendered":"GeoDirectory BuddyPress Integration 2.3.2"},"content":{"rendered":"<h3>GeoDirectory BuddyPress Integration Caracteristicas<\/h3>\n<p>La integraci\u00f3n Geodirectory BuddyPress, una herramienta muy potente, sirve para enriquecer la funcionalidad de su sitio web integrando perfectamente geodirectorio con BuddyPress. En virtud de esta integraci\u00f3n, sus usuarios obtienen la capacidad de crear y administrar sin esfuerzo listados, eventos y clasificados directamente desde su perfil de BuddyPress. Adem\u00e1s, amalgama efectivamente las capacidades de redes sociales inherentes a BuddyPress con las notables caracter\u00edsticas de directorio de negocios ofrecidas por Geodirectory. En consecuencia, surge una plataforma integral, facilitando conexiones y colaboraci\u00f3n perfectas entre empresas, organizaciones e individuos por igual. Aprovechando esta herramienta, puede establecer sin esfuerzo una comunidad en l\u00ednea robusta que no solo fomente el compromiso y la interacci\u00f3n, sino que tambi\u00e9n alimenta un tremendo crecimiento. Por lo tanto, la integraci\u00f3n Geodirectory BuddyPress se erige como la soluci\u00f3n por excelencia para cualquier persona que busque elevar su sitio web y proporcionar a sus usuarios una experiencia que no solo sea perfecta sino que tambi\u00e9n es notablemente integrada.<\/p>\n<ul>\n<li>Integra perfectamente los complementos Geodirectory y BuddyPress<\/li>\n<li>Habilita los perfiles de usuario con informaci\u00f3n de ubicaci\u00f3n<\/li>\n<li>Permite a los miembros buscar y filtrar por ubicaci\u00f3n<\/li>\n<li>Muestra la ubicaci\u00f3n del mapa del perfil de miembro<\/li>\n<li>Permite la creaci\u00f3n de grupos basados \u200b\u200ben la ubicaci\u00f3n<\/li>\n<li>Permite a los miembros crear eventos basados \u200b\u200ben la ubicaci\u00f3n<\/li>\n<li>Simplifica el proceso de agregar y administrar ubicaciones en su sitio web<\/li>\n<li>Proporciona datos y estad\u00edsticas sobre la actividad del usuario basada en la ubicaci\u00f3n<\/li>\n<li>Ofrece un dise\u00f1o limpio y personalizable para adaptarse al estilo de su sitio web.<\/li>\n<\/ul>\n","protected":false},"excerpt":{"rendered":"<p>La integraci\u00f3n Geodirectory BuddyPress es una herramienta incre\u00edblemente poderosa que integra sin problemas y sin esfuerzo el complemento Geodirectorio con la plataforma BuddyPress. Esta notable integraci\u00f3n proporciona a los usuarios la capacidad de crear y administrar eficientemente un directorio robusto, todo mientras disfrutan de las fant\u00e1sticas caracter\u00edsticas de redes sociales que BuddyPress tiene para ofrecer, como grupos, perfiles y flujos de actividades. Al utilizar la integraci\u00f3n Geodirectory BuddyPress, los usuarios pueden aumentar sin esfuerzo sus listados con campos personalizados y mostrarlos sin esfuerzo en sus perfiles de BuddyPress, lo que mejora a\u00fan m\u00e1s la funcionalidad general y el atractivo est\u00e9tico de su directorio. Adem\u00e1s, este complemento excepcional tambi\u00e9n cuenta con opciones de b\u00fasqueda avanzadas y una funcionalidad de mapa altamente intuitiva, lo que permite a los usuarios localizar de inmediato y sin esfuerzo listados y miembros. Independientemente de si est\u00e1 tratando de establecer un directorio comunitario vibrante o un servicio de listado m\u00e1s profesional, tenga la seguridad de que la integraci\u00f3n Geodirectory BuddyPress proporciona un conjunto integral de herramientas y caracter\u00edsticas que lo capacitar\u00e1 para construir una verdaderamente excepcional, visualmente atractiva y profundamente atractiva directorio.<\/p>\n","protected":false},"featured_media":166203,"comment_status":"open","ping_status":"open","template":"","meta":[],"product_brand":[2464],"product_cat":[1214,1206,1211],"product_tag":[1791],"class_list":{"0":"post-111669","1":"product","2":"type-product","3":"status-publish","4":"has-post-thumbnail","6":"product_brand-ayecode","7":"product_cat-personalizacion","8":"product_cat-plugins","9":"product_cat-wordpress-plugins","10":"product_tag-ayecode","11":"member-discount","12":"discount-restricted","14":"first","15":"instock","16":"sale","17":"downloadable","18":"virtual","19":"sold-individually","20":"purchasable","21":"product-type-simple"},"_links":{"self":[{"href":"https:\/\/gpl-love.com\/es\/wp-json\/wp\/v2\/product\/111669","targetHints":{"allow":["GET"]}}],"collection":[{"href":"https:\/\/gpl-love.com\/es\/wp-json\/wp\/v2\/product"}],"about":[{"href":"https:\/\/gpl-love.com\/es\/wp-json\/wp\/v2\/types\/product"}],"replies":[{"embeddable":true,"href":"https:\/\/gpl-love.com\/es\/wp-json\/wp\/v2\/comments?post=111669"}],"wp:featuredmedia":[{"embeddable":true,"href":"https:\/\/gpl-love.com\/es\/wp-json\/wp\/v2\/media\/166203"}],"wp:attachment":[{"href":"https:\/\/gpl-love.com\/es\/wp-json\/wp\/v2\/media?parent=111669"}],"wp:term":[{"taxonomy":"product_brand","embeddable":true,"href":"https:\/\/gpl-love.com\/es\/wp-json\/wp\/v2\/product_brand?post=111669"},{"taxonomy":"product_cat","embeddable":true,"href":"https:\/\/gpl-love.com\/es\/wp-json\/wp\/v2\/product_cat?post=111669"},{"taxonomy":"product_tag","embeddable":true,"href":"https:\/\/gpl-love.com\/es\/wp-json\/wp\/v2\/product_tag?post=111669"}],"curies":[{"name":"wp","href":"https:\/\/api.w.org\/{rel}","templated":true}]}}