{"id":111667,"date":"2025-12-28T00:00:00","date_gmt":"2025-12-28T05:00:00","guid":{"rendered":"http:\/\/gpl-love.com\/es\/?post_type=product&#038;p=111667"},"modified":"2026-03-09T07:37:26","modified_gmt":"2026-03-09T12:37:26","slug":"geodirectory-ajax-duplicate-alert","status":"publish","type":"product","link":"https:\/\/gpl-love.com\/es\/producto\/geodirectory-ajax-duplicate-alert\/","title":{"rendered":"GeoDirectory Ajax Duplicate Alert 2.3.5"},"content":{"rendered":"<h3>GeoDirectory Ajax Duplicate Alert Caracteristicas<\/h3>\n<p>La alerta duplicada Geodirectory AJAX, una herramienta incre\u00edblemente potente, est\u00e1 dise\u00f1ada para ayudarlo a prevenir la ocurrencia de entradas duplicadas en su directorio. Empleando la tecnolog\u00eda AJAX avanzada, este complemento es capaz de escanear su directorio en tiempo real, identificando y marcando r\u00e1pidamente cualquier duplicado potencial a medida que se ingresan. Adem\u00e1s, el sistema de alerta cuenta con un alto grado de personalizaci\u00f3n, lo que le brinda la flexibilidad de adaptar los mensajes mostrados para adaptarse a la gravedad del problema en cuesti\u00f3n. Para cualquier propietario del directorio concienzudo que se esfuerce por mantener la integridad de sus datos y entregar una experiencia de usuario impecable a sus visitantes, este complemento es una necesidad absoluta. Su proceso de configuraci\u00f3n sin esfuerzo y su interfaz f\u00e1cil de usar hacen que la alerta duplicada de geodirectorio AJAX sea la soluci\u00f3n ideal para mantener un directorio inmaculado y meticulosamente organizado.<\/p>\n<ul>\n<li>Detecta y alerta a los usuarios sobre listados duplicados en directorios alimentados por geodirectorio<\/li>\n<li>Utiliza la tecnolog\u00eda AJAX para ofrecer resultados r\u00e1pidos y precisos en tiempo real<\/li>\n<li>Configuraci\u00f3n altamente personalizable para adaptarse a las necesidades \u00fanicas de cada sitio web de directorio<\/li>\n<li>Se integra perfectamente con el geodirectorio y funciona sin problemas con otros temas y complementos de directorio<\/li>\n<li>Ayuda a prevenir la frustraci\u00f3n del usuario mejorando la experiencia general del usuario<\/li>\n<li>Reduce la carga de trabajo de administrador y moderadores mediante la automatizaci\u00f3n del proceso de detecci\u00f3n duplicada<\/li>\n<li>Proporciona una soluci\u00f3n poderosa y efectiva que mejora significativamente la precisi\u00f3n y confiabilidad de los listados de directorio<\/li>\n<\/ul>\n","protected":false},"excerpt":{"rendered":"<p>La herramienta de alerta duplicada Geodirectory AJAX sirve como un recurso altamente beneficioso que notifica de manera efectiva a los usuarios en caso de que ingresen informaci\u00f3n duplicada en un directorio. Al aprovechar el poder de las alertas AJAX en tiempo real, los usuarios pueden identificar y rectificar r\u00e1pidamente cualquier entrada duplicada, garantizando as\u00ed la m\u00e1xima precisi\u00f3n y limpieza dentro de los listados de directorio. Este complemento incre\u00edblemente rico en funciones se integra perfectamente con la plataforma Geodirectorio, que sirve para mejorar la experiencia general del usuario al evitar efectivamente la exasperaci\u00f3n que surge al encontrar entradas duplicadas. Opta por la alerta duplicada de geodirectorio Ajax hoy y experimente un enfoque notablemente simplificado para los esfuerzos de gesti\u00f3n de su directorio.<\/p>\n","protected":false},"featured_media":166202,"comment_status":"open","ping_status":"open","template":"","meta":[],"product_brand":[2464],"product_cat":[1214,1206,1211],"product_tag":[1791],"class_list":{"0":"post-111667","1":"product","2":"type-product","3":"status-publish","4":"has-post-thumbnail","6":"product_brand-ayecode","7":"product_cat-personalizacion","8":"product_cat-plugins","9":"product_cat-wordpress-plugins","10":"product_tag-ayecode","11":"member-discount","12":"discount-restricted","14":"first","15":"instock","16":"sale","17":"downloadable","18":"virtual","19":"sold-individually","20":"purchasable","21":"product-type-simple"},"_links":{"self":[{"href":"https:\/\/gpl-love.com\/es\/wp-json\/wp\/v2\/product\/111667","targetHints":{"allow":["GET"]}}],"collection":[{"href":"https:\/\/gpl-love.com\/es\/wp-json\/wp\/v2\/product"}],"about":[{"href":"https:\/\/gpl-love.com\/es\/wp-json\/wp\/v2\/types\/product"}],"replies":[{"embeddable":true,"href":"https:\/\/gpl-love.com\/es\/wp-json\/wp\/v2\/comments?post=111667"}],"wp:featuredmedia":[{"embeddable":true,"href":"https:\/\/gpl-love.com\/es\/wp-json\/wp\/v2\/media\/166202"}],"wp:attachment":[{"href":"https:\/\/gpl-love.com\/es\/wp-json\/wp\/v2\/media?parent=111667"}],"wp:term":[{"taxonomy":"product_brand","embeddable":true,"href":"https:\/\/gpl-love.com\/es\/wp-json\/wp\/v2\/product_brand?post=111667"},{"taxonomy":"product_cat","embeddable":true,"href":"https:\/\/gpl-love.com\/es\/wp-json\/wp\/v2\/product_cat?post=111667"},{"taxonomy":"product_tag","embeddable":true,"href":"https:\/\/gpl-love.com\/es\/wp-json\/wp\/v2\/product_tag?post=111667"}],"curies":[{"name":"wp","href":"https:\/\/api.w.org\/{rel}","templated":true}]}}