{"id":111665,"date":"2021-03-19T00:00:00","date_gmt":"2021-03-19T05:00:00","guid":{"rendered":"http:\/\/gpl-love.com\/es\/?post_type=product&#038;p=111665"},"modified":"2026-03-09T07:37:25","modified_gmt":"2026-03-09T12:37:25","slug":"geodirectory-affiliatewp-integration","status":"publish","type":"product","link":"https:\/\/gpl-love.com\/es\/producto\/geodirectory-affiliatewp-integration\/","title":{"rendered":"GeoDirectory AffiliateWP Integration 1.0.8"},"content":{"rendered":"<h3>GeoDirectory AffiliateWP Integration Caracteristicas<\/h3>\n<p>La integraci\u00f3n de Geodirectory y AffiliateWP ofrece a los propietarios de sitios web una herramienta robusta y potente, facilitando la conexi\u00f3n perfecta de su directorio de geodirectorio con el complemento AffiliateWP. Esta integraci\u00f3n presenta una soluci\u00f3n conveniente y altamente eficiente para administrar los programas de afiliados de manera efectiva, facilitando as\u00ed el crecimiento de los ingresos y ampliar su presencia en l\u00ednea. A trav\u00e9s de la integraci\u00f3n Geodirectory AffiliateWP, obtiene la capacidad de monitorear meticulosamente las referencias, manejar h\u00e1bilmente las comisiones y recompensar generosamente a sus afiliados diligentes. Adem\u00e1s, esta integraci\u00f3n cuenta con una interfaz f\u00e1cil de usar, lo que permite que la personalizaci\u00f3n sin esfuerzo se alinee con sus requisitos \u00fanicos. Independientemente de si usted es propietario de un negocio o un vendedor afiliado, la integraci\u00f3n de Geodirectory AffiliateWP emerge sin duda como un activo indispensable para optimizar su potencial en l\u00ednea.<\/p>\n<ul>\n<li>Integraci\u00f3n perfecta de Geodirectory y Affiliatewp para rastrear referencias y ganar comisiones<\/li>\n<li>F\u00e1cil instalaci\u00f3n y configuraci\u00f3n con instrucciones paso a paso<\/li>\n<li>Registro autom\u00e1tico de afiliados y creaci\u00f3n de cuenta de usuario<\/li>\n<li>Tasas de comisi\u00f3n personalizables para afiliados basados \u200b\u200ben ubicaciones o categor\u00edas espec\u00edficas en geodirectorio<\/li>\n<li>Informes y seguimiento en tiempo real de referencias, clics y comisiones<\/li>\n<li>Opciones de estructura de comisi\u00f3n multinivel para afiliados y comerciantes<\/li>\n<li>Compatible con pasarelas de pago populares para pagos de comisiones seguras<\/li>\n<li>Integraci\u00f3n con otros complementos de geodirectorio para una funcionalidad adicional<\/li>\n<li>Excelente soporte al cliente y actualizaciones peri\u00f3dicas para garantizar la compatibilidad con las \u00faltimas versiones de WordPress y Geodirectory.<\/li>\n<\/ul>\n","protected":false},"excerpt":{"rendered":"<p>La integraci\u00f3n de Geodirectory y AffiliateWP proporciona una soluci\u00f3n robusta y eficiente para las empresas que buscan administrar efectivamente sus programas de afiliados. Al conectar sin problemas estas dos plataformas, las empresas pueden monitorear y regular sin esfuerzo sus ventas y comisiones de afiliados. Esta integraci\u00f3n ofrece una mir\u00edada de caracter\u00edsticas beneficiosas, incluida la capacidad de personalizar las tarifas de la comisi\u00f3n, acceder a los informes en tiempo real y facilitar los pagos autom\u00e1ticos de afiliados. Al adoptar la integraci\u00f3n Geodirectory AffiliateWP, las empresas pueden optimizar sus programas de afiliados, mejorar sus ingresos y disfrutar de las ventajas de un programa de afiliados m\u00e1s productivo y efectivo. Da el primer paso hoy y emprende un viaje hacia un programa de afiliados m\u00e1s aerodin\u00e1mico y pr\u00f3spero.<\/p>\n","protected":false},"featured_media":166201,"comment_status":"open","ping_status":"open","template":"","meta":[],"product_brand":[2464],"product_cat":[1214,1206,1211],"product_tag":[1791],"class_list":{"0":"post-111665","1":"product","2":"type-product","3":"status-publish","4":"has-post-thumbnail","6":"product_brand-ayecode","7":"product_cat-personalizacion","8":"product_cat-plugins","9":"product_cat-wordpress-plugins","10":"product_tag-ayecode","11":"member-discount","12":"discount-restricted","14":"first","15":"instock","16":"sale","17":"downloadable","18":"virtual","19":"sold-individually","20":"purchasable","21":"product-type-simple"},"_links":{"self":[{"href":"https:\/\/gpl-love.com\/es\/wp-json\/wp\/v2\/product\/111665","targetHints":{"allow":["GET"]}}],"collection":[{"href":"https:\/\/gpl-love.com\/es\/wp-json\/wp\/v2\/product"}],"about":[{"href":"https:\/\/gpl-love.com\/es\/wp-json\/wp\/v2\/types\/product"}],"replies":[{"embeddable":true,"href":"https:\/\/gpl-love.com\/es\/wp-json\/wp\/v2\/comments?post=111665"}],"wp:featuredmedia":[{"embeddable":true,"href":"https:\/\/gpl-love.com\/es\/wp-json\/wp\/v2\/media\/166201"}],"wp:attachment":[{"href":"https:\/\/gpl-love.com\/es\/wp-json\/wp\/v2\/media?parent=111665"}],"wp:term":[{"taxonomy":"product_brand","embeddable":true,"href":"https:\/\/gpl-love.com\/es\/wp-json\/wp\/v2\/product_brand?post=111665"},{"taxonomy":"product_cat","embeddable":true,"href":"https:\/\/gpl-love.com\/es\/wp-json\/wp\/v2\/product_cat?post=111665"},{"taxonomy":"product_tag","embeddable":true,"href":"https:\/\/gpl-love.com\/es\/wp-json\/wp\/v2\/product_tag?post=111665"}],"curies":[{"name":"wp","href":"https:\/\/api.w.org\/{rel}","templated":true}]}}