{"id":111663,"date":"2026-01-23T00:00:00","date_gmt":"2026-01-23T05:00:00","guid":{"rendered":"http:\/\/gpl-love.com\/es\/?post_type=product&#038;p=111663"},"modified":"2026-04-03T17:15:34","modified_gmt":"2026-04-03T22:15:34","slug":"geodirectory-advanced-search-filters","status":"publish","type":"product","link":"https:\/\/gpl-love.com\/es\/producto\/geodirectory-advanced-search-filters\/","title":{"rendered":"GeoDirectory Advanced Search Filters 2.3.32"},"content":{"rendered":"<h3>GeoDirectory Advanced Search Filters Caracteristicas<\/h3>\n<p>La herramienta Geodirectory Advanced Search Filters es un recurso incre\u00edblemente robusto y eficiente que ayuda a los usuarios a navegar de manera efectiva en sus listados de directorio. Al utilizar sus filtros de b\u00fasqueda avanzados, los usuarios pueden refinar sin esfuerzo sus resultados de b\u00fasqueda teniendo en cuenta criterios espec\u00edficos como ubicaci\u00f3n, categor\u00eda, precio y otros factores. Este complemento notablemente cargado de funciones proporciona una amplia gama de opciones de personalizaci\u00f3n, lo que brinda a los usuarios la oportunidad de personalizar los filtros de b\u00fasqueda para alinearse perfectamente con sus distintos requisitos. Independientemente de si est\u00e1 supervisando un directorio de negocios, listados de bienes ra\u00edces o cualquier otro tipo de directorio, la herramienta Geodirectory Advanced Filters es una necesidad absoluta, ya que puede aumentar significativamente la experiencia del usuario y elevar la funcionalidad general de su sitio web.<\/p>\n<ul>\n<li>Permite a los usuarios obtener resultados de b\u00fasqueda en funci\u00f3n de los filtros de b\u00fasqueda personalizados<\/li>\n<li>Incluye opciones de radio, categor\u00eda, etiquetas, ubicaci\u00f3n, precio, calificaciones y m\u00e1s<\/li>\n<li>Ofrece a los usuarios una experiencia de b\u00fasqueda intuitiva y perfecta<\/li>\n<li>Proporciona funcionalidad de b\u00fasqueda avanzada para empresas y directorios<\/li>\n<li>Aumenta la participaci\u00f3n y retenci\u00f3n del usuario con capacidades de b\u00fasqueda mejoradas<\/li>\n<li>Ayuda a los usuarios a encontrar lo que buscan m\u00e1s r\u00e1pido y con mayor precisi\u00f3n<\/li>\n<li>Permite a las empresas personalizar f\u00e1cilmente sus filtros de b\u00fasqueda para satisfacer las necesidades espec\u00edficas<\/li>\n<li>La interfaz intuitiva y f\u00e1cil de usar hace que sea f\u00e1cil de configurar y usar.<\/li>\n<\/ul>\n","protected":false},"excerpt":{"rendered":"<p>Geodirectory Advanced Search Filters es un complemento notablemente robusto que se ha creado meticulosamente para reforzar la funcionalidad de su sitio web de directorio, lo que brinda a los visitantes la conveniencia y la conveniencia de localizar listados de localizaci\u00f3n r\u00e1pida y sin esfuerzo que se alinean con sus criterios espec\u00edficos. La ventaja m\u00e1s destacada de integrar este complemento en su sitio web es la capacidad ilimitada que ofrece para la creaci\u00f3n de filtros a medida en un amplio espectro de categor\u00edas y tipos de listado. Los filtros de b\u00fasqueda avanzados est\u00e1n dotados de una interfaz f\u00e1cil de usar que es altamente adaptable, lo que empodera a sus estimados visitantes con los medios para refinar meticulosamente sus par\u00e1metros de b\u00fasqueda en funci\u00f3n de factores como la ubicaci\u00f3n, el rango de precios, la disponibilidad y una gran cantidad de otras consideraciones. En consecuencia, la integraci\u00f3n de este complemento innovador puede efectuar una amplificaci\u00f3n sustancial en la participaci\u00f3n del usuario y, simult\u00e1neamente, aumentar la generaci\u00f3n de ingresos en su estimado sitio web de directorio.<\/p>\n","protected":false},"featured_media":166200,"comment_status":"open","ping_status":"open","template":"","meta":[],"product_brand":[2464],"product_cat":[1214,1206,1211],"product_tag":[1791],"class_list":{"0":"post-111663","1":"product","2":"type-product","3":"status-publish","4":"has-post-thumbnail","6":"product_brand-ayecode","7":"product_cat-personalizacion","8":"product_cat-plugins","9":"product_cat-wordpress-plugins","10":"product_tag-ayecode","11":"member-discount","12":"discount-restricted","14":"first","15":"instock","16":"sale","17":"downloadable","18":"virtual","19":"sold-individually","20":"purchasable","21":"product-type-simple"},"_links":{"self":[{"href":"https:\/\/gpl-love.com\/es\/wp-json\/wp\/v2\/product\/111663","targetHints":{"allow":["GET"]}}],"collection":[{"href":"https:\/\/gpl-love.com\/es\/wp-json\/wp\/v2\/product"}],"about":[{"href":"https:\/\/gpl-love.com\/es\/wp-json\/wp\/v2\/types\/product"}],"replies":[{"embeddable":true,"href":"https:\/\/gpl-love.com\/es\/wp-json\/wp\/v2\/comments?post=111663"}],"wp:featuredmedia":[{"embeddable":true,"href":"https:\/\/gpl-love.com\/es\/wp-json\/wp\/v2\/media\/166200"}],"wp:attachment":[{"href":"https:\/\/gpl-love.com\/es\/wp-json\/wp\/v2\/media?parent=111663"}],"wp:term":[{"taxonomy":"product_brand","embeddable":true,"href":"https:\/\/gpl-love.com\/es\/wp-json\/wp\/v2\/product_brand?post=111663"},{"taxonomy":"product_cat","embeddable":true,"href":"https:\/\/gpl-love.com\/es\/wp-json\/wp\/v2\/product_cat?post=111663"},{"taxonomy":"product_tag","embeddable":true,"href":"https:\/\/gpl-love.com\/es\/wp-json\/wp\/v2\/product_tag?post=111663"}],"curies":[{"name":"wp","href":"https:\/\/api.w.org\/{rel}","templated":true}]}}