{"id":111661,"date":"2025-09-09T00:00:00","date_gmt":"2025-09-09T05:00:00","guid":{"rendered":"http:\/\/gpl-love.com\/es\/producto\/yith-product-size-charts-for-woocommerce-premium\/"},"modified":"2026-03-13T17:34:51","modified_gmt":"2026-03-13T22:34:51","slug":"yith-product-size-charts-for-woocommerce-premium","status":"publish","type":"product","link":"https:\/\/gpl-love.com\/es\/producto\/yith-product-size-charts-for-woocommerce-premium\/","title":{"rendered":"YITH Product Size Charts para WooCommerce Premium 1.48.0"},"content":{"rendered":"<h3>YITH Product Size Charts para WooCommerce Premium Caracteristicas<\/h3>\n<p>Los gr\u00e1ficos de tama\u00f1o del producto para WooCommerce Premium son una herramienta incre\u00edblemente robusta y altamente efectiva dise\u00f1ada espec\u00edficamente para ayudar a los propietarios de las tiendas de WooCommerce a proporcionar a sus clientes valorados la m\u00e1xima precisi\u00f3n en t\u00e9rminos de tama\u00f1os de productos. Este complemento innovador permite a los usuarios a la perfecci\u00f3n y adaptar a la perfecci\u00f3n sus propias cuadros de tama\u00f1o personalizado para una variedad de productos diversos, simplificando y acelerando sustancialmente el proceso de compra general para los consumidores. Adem\u00e1s, la opci\u00f3n de incorporar sin esfuerzo una multitud de gr\u00e1ficos de tama\u00f1o para cada producto individual permite a los propietarios de tiendas atender de manera efectiva a los requisitos de tama\u00f1o a menudo dispares en varias categor\u00edas de productos. Adem\u00e1s, este complemento excepcional cuenta con una interfaz excepcionalmente f\u00e1cil de usar, asegurando que la creaci\u00f3n y la gesti\u00f3n posterior de los gr\u00e1ficos de tama\u00f1o sean altamente accesibles y excepcionalmente sin problemas. En esencia, los cuadros de tama\u00f1o del producto para el complemento WooCommerce Premium representan una necesidad absoluta para cualquier tienda exigente que alberga un deseo genuino de mejorar notablemente la experiencia general de compra del cliente y al mismo tiempo disminuir las tasas de retorno en un grado apreciable.<\/p>\n<ul>\n<li>Cree f\u00e1cilmente gr\u00e1ficos de tama\u00f1o para sus productos WooCommerce<\/li>\n<li>Opciones de tama\u00f1o personalizables que incluyen unidades de medici\u00f3n, estilo de gr\u00e1fico y m\u00e1s<\/li>\n<li>Compatibilidad con cualquier tema de WooCommerce<\/li>\n<li>Ahorre tiempo importando gr\u00e1ficos de tama\u00f1o para sus productos utilizando archivos CSV<\/li>\n<li>Cree cuadros de tama\u00f1o m\u00faltiple para diferentes categor\u00edas o variaciones de productos<\/li>\n<li>Experiencia mejorada del cliente con informaci\u00f3n de tama\u00f1o clara y precisa<\/li>\n<li>Reducir las devoluciones y las quejas de los clientes debido a problemas de tama\u00f1o<\/li>\n<li>Obtenga informaci\u00f3n detallada y an\u00e1lisis sobre la frecuencia con la que los clientes ven e interact\u00faan con sus gr\u00e1ficos de tama\u00f1o<\/li>\n<li>Acceso a atenci\u00f3n al cliente premium de sus expertos.<\/li>\n<\/ul>\n","protected":false},"excerpt":{"rendered":"<p>Las gr\u00e1ficas de tama\u00f1o del producto para WooCommerce Premium emergen como un complemento de gr\u00e1fico de tama\u00f1o que lo abarca meticulosamente dise\u00f1ado para su emporio digital. Sus caracter\u00edsticas espectaculares le permiten fabricar gr\u00e1ficos de tama\u00f1o personalizados, lo que permite que su estimada clientela determine sin esfuerzo el ajuste ideal. Con una interfaz f\u00e1cil de usar, este complemento facilita la incorporaci\u00f3n perfecta de numerosas tablas de tama\u00f1o en cada p\u00e1gina de productos. Adem\u00e1s, su dise\u00f1o adaptativo y su integraci\u00f3n armoniosa con temas prominentes lo convierten en un instrumento indispensable para cualquier propietario de WooCommerce exigente que anhela elevar el viaje de compra de sus valiosos patrocinadores.<\/p>\n","protected":false},"featured_media":168655,"comment_status":"open","ping_status":"open","template":"","meta":[],"product_brand":[2391],"product_cat":[1207,1248,1206],"product_tag":[1462],"class_list":{"0":"post-111661","1":"product","2":"type-product","3":"status-publish","4":"has-post-thumbnail","6":"product_brand-yith","7":"product_cat-comercio-electronico-plugins","8":"product_cat-personalizacion-comercio-electronico-plugins","9":"product_cat-plugins","10":"product_tag-yith","11":"member-discount","12":"discount-restricted","14":"first","15":"instock","16":"sale","17":"downloadable","18":"virtual","19":"sold-individually","20":"purchasable","21":"product-type-simple"},"_links":{"self":[{"href":"https:\/\/gpl-love.com\/es\/wp-json\/wp\/v2\/product\/111661","targetHints":{"allow":["GET"]}}],"collection":[{"href":"https:\/\/gpl-love.com\/es\/wp-json\/wp\/v2\/product"}],"about":[{"href":"https:\/\/gpl-love.com\/es\/wp-json\/wp\/v2\/types\/product"}],"replies":[{"embeddable":true,"href":"https:\/\/gpl-love.com\/es\/wp-json\/wp\/v2\/comments?post=111661"}],"wp:featuredmedia":[{"embeddable":true,"href":"https:\/\/gpl-love.com\/es\/wp-json\/wp\/v2\/media\/168655"}],"wp:attachment":[{"href":"https:\/\/gpl-love.com\/es\/wp-json\/wp\/v2\/media?parent=111661"}],"wp:term":[{"taxonomy":"product_brand","embeddable":true,"href":"https:\/\/gpl-love.com\/es\/wp-json\/wp\/v2\/product_brand?post=111661"},{"taxonomy":"product_cat","embeddable":true,"href":"https:\/\/gpl-love.com\/es\/wp-json\/wp\/v2\/product_cat?post=111661"},{"taxonomy":"product_tag","embeddable":true,"href":"https:\/\/gpl-love.com\/es\/wp-json\/wp\/v2\/product_tag?post=111661"}],"curies":[{"name":"wp","href":"https:\/\/api.w.org\/{rel}","templated":true}]}}