{"id":111659,"date":"2024-02-27T00:00:00","date_gmt":"2024-02-27T05:00:00","guid":{"rendered":"http:\/\/gpl-love.com\/es\/producto\/yith-point-of-sale-for-woocommerce\/"},"modified":"2026-03-13T17:34:43","modified_gmt":"2026-03-13T22:34:43","slug":"yith-point-of-sale-for-woocommerce","status":"publish","type":"product","link":"https:\/\/gpl-love.com\/es\/producto\/yith-point-of-sale-for-woocommerce\/","title":{"rendered":"YITH Point of Sale para WooCommerce 3.1.0"},"content":{"rendered":"<h3>YITH Point of Sale para WooCommerce Caracteristicas<\/h3>\n<p>Su punto de venta para WooCommerce, una herramienta altamente formidable, se ha desarrollado ingeniosamente para administrar efectivamente las ventas y el inventario para los propietarios de tiendas en l\u00ednea. Este complemento notable optimiza activamente el proceso de pago, lo que lo hace conveniente sin esfuerzo para que los clientes adquieran sin problemas los art\u00edculos deseados de su tienda. Sorprendentemente, su punto de venta le permite agregar productos sin problemas a su carrito, administrar eficientemente los niveles de inventario y procesar los pagos de manera experta, todos dentro de los l\u00edmites de su sitio web. Adem\u00e1s, este complemento cuenta con un inmenso grado de personalizaci\u00f3n, lo que en \u00faltima instancia le permite adaptarlo impecablemente a satisfacer espec\u00edficamente a las necesidades \u00fanicas de su negocio. Independientemente de si est\u00e1 operando una tienda minorista de ladrillo y mortero o una bulliciosa tienda en l\u00ednea, su punto de venta para WooCommerce ser\u00e1 inequ\u00edvocamente una herramienta indispensable, catalizando efectivamente el crecimiento exponencial de su negocio al tiempo que maximiza simult\u00e1neamente sus resultados.<\/p>\n<ul>\n<li>Un poderoso complemento que transforma su tienda WooCommerce en un sistema de punto de venta completamente funcional<\/li>\n<li>Le permite administrar sus ventas, inventario y clientes de una interfaz \u00fanica y f\u00e1cil de usar<\/li>\n<li>Le permite procesar los pagos, emitir reembolsos y administrar las cajas registradoras con facilidad<\/li>\n<li>Compatible con m\u00faltiples pasarelas de pago, incluidas Stripe, PayPal y Authorize.net<\/li>\n<li>Viene con un esc\u00e1ner de c\u00f3digo de barras integrado y generador de c\u00f3digo de barras, lo que facilita la administraci\u00f3n de su inventario y acelera los tiempos de pago<\/li>\n<li>Le permite crear recibos personalizados, agregar impuestos y descuentos, y administrar los tiempos de apertura y cierre de su tienda<\/li>\n<li>Ofrece una variedad de funciones de informes, lo que le permite monitorear sus ventas, inventario y datos de clientes en tiempo real<\/li>\n<li>Se puede usar junto con otros complementos de WooCommerce para mejorar a\u00fan m\u00e1s la funcionalidad y el rendimiento de su tienda<\/li>\n<li>Viene con una amplia documentaci\u00f3n y soporte, asegurando que pueda aprovechar al m\u00e1ximo el complemento<\/li>\n<\/ul>\n","protected":false},"excerpt":{"rendered":"<p>Su punto de venta para WooCommerce emerge como un instrumento extremadamente potente que agiliza y acelera efectivamente el proceso de pago tanto para los propietarios de tiendas como para los clientes. Su interfaz est\u00e1 dise\u00f1ada para ser f\u00e1cil de usar, mientras que sus caracter\u00edsticas avanzadas hacen que el proceso de compra sea un muesca m\u00e1s alto, lo que mejora la productividad general y la eficiencia de su tienda. Al utilizar su punto de venta para WooCommerce, obtiene la capacidad de manejar los pagos r\u00e1pidos y sin esfuerzo, vigilar el inventario y analizar informes de ventas, todo dentro de los l\u00edmites de una ubicaci\u00f3n \u00fanica y conveniente. Independientemente de si usted es el propietario de una empresa a peque\u00f1a escala o un minorista gigantesco, este complemento indudablemente surge como un activo imperativo para optimizar su proceso de pago y impulsar sus cifras de ventas a nuevas alturas.<\/p>\n","protected":false},"featured_media":168646,"comment_status":"open","ping_status":"open","template":"","meta":[],"product_brand":[2391],"product_cat":[1208,1207,1206],"product_tag":[1462],"class_list":{"0":"post-111659","1":"product","2":"type-product","3":"status-publish","4":"has-post-thumbnail","6":"product_brand-yith","7":"product_cat-administracion","8":"product_cat-comercio-electronico-plugins","9":"product_cat-plugins","10":"product_tag-yith","11":"member-discount","12":"discount-restricted","14":"first","15":"instock","16":"sale","17":"downloadable","18":"virtual","19":"sold-individually","20":"purchasable","21":"product-type-simple"},"_links":{"self":[{"href":"https:\/\/gpl-love.com\/es\/wp-json\/wp\/v2\/product\/111659","targetHints":{"allow":["GET"]}}],"collection":[{"href":"https:\/\/gpl-love.com\/es\/wp-json\/wp\/v2\/product"}],"about":[{"href":"https:\/\/gpl-love.com\/es\/wp-json\/wp\/v2\/types\/product"}],"replies":[{"embeddable":true,"href":"https:\/\/gpl-love.com\/es\/wp-json\/wp\/v2\/comments?post=111659"}],"wp:featuredmedia":[{"embeddable":true,"href":"https:\/\/gpl-love.com\/es\/wp-json\/wp\/v2\/media\/168646"}],"wp:attachment":[{"href":"https:\/\/gpl-love.com\/es\/wp-json\/wp\/v2\/media?parent=111659"}],"wp:term":[{"taxonomy":"product_brand","embeddable":true,"href":"https:\/\/gpl-love.com\/es\/wp-json\/wp\/v2\/product_brand?post=111659"},{"taxonomy":"product_cat","embeddable":true,"href":"https:\/\/gpl-love.com\/es\/wp-json\/wp\/v2\/product_cat?post=111659"},{"taxonomy":"product_tag","embeddable":true,"href":"https:\/\/gpl-love.com\/es\/wp-json\/wp\/v2\/product_tag?post=111659"}],"curies":[{"name":"wp","href":"https:\/\/api.w.org\/{rel}","templated":true}]}}