{"id":111655,"date":"2025-05-16T00:00:00","date_gmt":"2025-05-16T05:00:00","guid":{"rendered":"http:\/\/gpl-love.com\/es\/producto\/onfleek-amp-ready-and-responsive-magazine-theme\/"},"modified":"2026-04-10T11:20:21","modified_gmt":"2026-04-10T16:20:21","slug":"onfleek-amp-ready-and-responsive-magazine-theme","status":"publish","type":"product","link":"https:\/\/gpl-love.com\/es\/producto\/onfleek-amp-ready-and-responsive-magazine-theme\/","title":{"rendered":"Onfleek AMP Ready y Responsive Magazine Theme 3.7"},"content":{"rendered":"<h3>Onfleek AMP Ready y Responsive Magazine Theme Caracteristicas<\/h3>\n<p>El tema de la revista Onfleek AMP Ready and Responsive es una soluci\u00f3n excepcional para las personas que buscan crear una revista en l\u00ednea elegante y pulida. Este tema posee una capacidad de respuesta completa, lo que significa que exuda excelencia en todos los dispositivos. Adem\u00e1s, est\u00e1 equipado con la preparaci\u00f3n del amplificador, dot\u00e1ndolo con una velocidad incomparable y lo que lo convierte en un ajuste impecable para los usuarios m\u00f3viles. Al encarnar un dise\u00f1o pr\u00edstino y contempor\u00e1neo, Onfleek es personalizable sin esfuerzo, otorg\u00e1ndole una autoridad completa sobre la est\u00e9tica y el ambiente de su sitio web. Adem\u00e1s, abarca una variedad de caracter\u00edsticas meticulosamente adaptadas para satisfacer los requisitos de las plataformas de estilo de revistas, que abarca diversos dise\u00f1os posteriores, espacios estrat\u00e9gicos de publicidad e integraci\u00f3n de redes sociales sin interrupciones. Independientemente de si est\u00e1 operando un sitio de noticias, un blog o cualquier otra variante de una revista en l\u00ednea, el tema de Onfleek se erige como la elecci\u00f3n por excelencia.<\/p>\n<ul>\n<li>Onfleek Amp Ready and Responsive Magazine Tema para WordPress<\/li>\n<li>Dise\u00f1ado para mejorar la presencia de su revista en l\u00ednea con un aspecto moderno y elegante<\/li>\n<li>Totalmente optimizado para tiempos de carga r\u00e1pidos utilizando la tecnolog\u00eda de p\u00e1ginas m\u00f3viles aceleradas (AMP) de Google<\/li>\n<li>Dise\u00f1o receptivo que se ve muy bien en todos los dispositivos, incluidos los dispositivos m\u00f3viles y las tabletas.<\/li>\n<li>M\u00faltiples opciones de p\u00e1gina de inicio y dise\u00f1o para elegir para la personalizaci\u00f3n<\/li>\n<li>Builder de p\u00e1gina de arrastrar y soltar f\u00e1ciles de usar para personalizar su sitio web sin codificar<\/li>\n<li>Dise\u00f1o amigable para SEO para ayudarlo a clasificar m\u00e1s alto en las p\u00e1ginas de resultados del motor de b\u00fasqueda<\/li>\n<li>Integraci\u00f3n de WooCommerce para vender productos directamente desde su sitio web<\/li>\n<li>Integraci\u00f3n de las redes sociales para compartir f\u00e1cilmente su contenido en las plataformas de redes sociales<\/li>\n<li>Traducci\u00f3n lista con soporte para varios idiomas<\/li>\n<li>Atenci\u00f3n al cliente dedicada para ayudarlo con cualquier pregunta o problema que pueda tener.<\/li>\n<\/ul>\n","protected":false},"excerpt":{"rendered":"<p>Onfleek AMP, un tema de la revista meticulosamente elaborado y con respuesta m\u00f3vil, cuenta con un rasgo impresionante: su compatibilidad AMP (p\u00e1ginas m\u00f3viles aceleradas). Este atributo notable garantiza una velocidad de carga \u00f3ptima y una navegaci\u00f3n perfecta en dispositivos m\u00f3viles, mejorando en \u00faltima instancia la experiencia general del usuario para sus estimados lectores. Ideal para blogueros, medios de comunicaci\u00f3n y revistas en l\u00ednea que aspiran a emanar un aire de profesionalismo, Onfleek AMP presenta una variedad de ventajas. Su dise\u00f1o vers\u00e1til, junto con su gran cantidad de opciones de personalizaci\u00f3n, cultiva un encuentro pulido, centrado en el usuario y sin esfuerzo tanto para usted como para su audiencia.<\/p>\n","protected":false},"featured_media":167103,"comment_status":"open","ping_status":"open","template":"","meta":[],"product_brand":[2337],"product_cat":[1245,1237,1238],"product_tag":[1391],"class_list":{"0":"post-111655","1":"product","2":"type-product","3":"status-publish","4":"has-post-thumbnail","6":"product_brand-themeforest","7":"product_cat-blog-revista","8":"product_cat-temas","9":"product_cat-wordpress-temas","10":"product_tag-themeforest","11":"member-discount","12":"discount-restricted","14":"first","15":"instock","16":"sale","17":"downloadable","18":"virtual","19":"sold-individually","20":"purchasable","21":"product-type-simple"},"_links":{"self":[{"href":"https:\/\/gpl-love.com\/es\/wp-json\/wp\/v2\/product\/111655","targetHints":{"allow":["GET"]}}],"collection":[{"href":"https:\/\/gpl-love.com\/es\/wp-json\/wp\/v2\/product"}],"about":[{"href":"https:\/\/gpl-love.com\/es\/wp-json\/wp\/v2\/types\/product"}],"replies":[{"embeddable":true,"href":"https:\/\/gpl-love.com\/es\/wp-json\/wp\/v2\/comments?post=111655"}],"wp:featuredmedia":[{"embeddable":true,"href":"https:\/\/gpl-love.com\/es\/wp-json\/wp\/v2\/media\/167103"}],"wp:attachment":[{"href":"https:\/\/gpl-love.com\/es\/wp-json\/wp\/v2\/media?parent=111655"}],"wp:term":[{"taxonomy":"product_brand","embeddable":true,"href":"https:\/\/gpl-love.com\/es\/wp-json\/wp\/v2\/product_brand?post=111655"},{"taxonomy":"product_cat","embeddable":true,"href":"https:\/\/gpl-love.com\/es\/wp-json\/wp\/v2\/product_cat?post=111655"},{"taxonomy":"product_tag","embeddable":true,"href":"https:\/\/gpl-love.com\/es\/wp-json\/wp\/v2\/product_tag?post=111655"}],"curies":[{"name":"wp","href":"https:\/\/api.w.org\/{rel}","templated":true}]}}