{"id":111653,"date":"2025-11-04T00:00:00","date_gmt":"2025-11-04T05:00:00","guid":{"rendered":"http:\/\/gpl-love.com\/es\/producto\/the-retailer-premium-woocommerce-theme\/"},"modified":"2026-04-10T11:27:33","modified_gmt":"2026-04-10T16:27:33","slug":"the-retailer-premium-woocommerce-theme","status":"publish","type":"product","link":"https:\/\/gpl-love.com\/es\/producto\/the-retailer-premium-woocommerce-theme\/","title":{"rendered":"The Retailer Premium WooCommerce Theme 6.9.3"},"content":{"rendered":"<h3>The Retailer Premium WooCommerce Theme Caracteristicas<\/h3>\n<p>El tema minorista Premium WooCommerce es un tema excepcional de WordPress que ha sido dise\u00f1ado h\u00e1bilmente espec\u00edficamente para minoristas en l\u00ednea, con el prop\u00f3sito de satisfacer sus necesidades y preferencias \u00fanicas. Este tema vers\u00e1til cuenta con una interfaz incre\u00edblemente f\u00e1cil de usar que permite a los minoristas crear y administrar sin esfuerzo sus tiendas en l\u00ednea, todo sin requerir ning\u00fan conocimiento extenso de la codificaci\u00f3n. Adem\u00e1s, muestra un dise\u00f1o receptivo que se adapta sin problemas a varios dispositivos, asegurando una experiencia de navegaci\u00f3n visualmente impresionante y perfecta para los clientes. Para mejorar a\u00fan m\u00e1s la presencia en l\u00ednea de los minoristas, este notable tema se ha optimizado para los motores de b\u00fasqueda, reforzando as\u00ed la visibilidad e impulsando el tr\u00e1fico efectivo al sitio.<\/p>\n<p>Para facilitar las transacciones perfectas, el tema del minorista Premium WooCommerce tambi\u00e9n est\u00e1 equipado con soporte para m\u00faltiples pasarelas de pago, simplificando el proceso de compra para los clientes y, en \u00faltima instancia, aumenta las tasas de conversi\u00f3n. Adem\u00e1s, este tema ofrece una amplia gama de caracter\u00edsticas incorporadas, incluida la flexibilidad para personalizar los dise\u00f1os de la p\u00e1gina de inicio, las plantillas de p\u00e1gina de productos y varios widgets y c\u00f3digos cortos. Estas herramientas invaluables permiten a los minoristas crear una tienda en l\u00ednea \u00fanica y personalizada, que atiende a su identidad de marca espec\u00edfica y ofertas de productos.<\/p>\n<p>Sin lugar a dudas, el minorista Premium WooCommerce Temo proporciona un conjunto integral de caracter\u00edsticas y opciones que son innegablemente ventajosas para los minoristas con el objetivo de establecer una presencia en l\u00ednea profesional y cautivadora. Al aprovechar el poder de este tema excepcional, los minoristas pueden aumentar efectivamente sus ventas y solidificar su posici\u00f3n dentro del mercado competitivo en l\u00ednea.<\/p>\n<ul>\n<li>Dise\u00f1o receptivo para una visualizaci\u00f3n \u00f3ptima en cualquier dispositivo<\/li>\n<li>P\u00e1gina de inicio personalizable con m\u00faltiples opciones de dise\u00f1o<\/li>\n<li>Integraci\u00f3n de WooCommerce para ventas en l\u00ednea sin problemas<\/li>\n<li>P\u00e1ginas de productos con galer\u00edas de im\u00e1genes, rese\u00f1as y productos relacionados<\/li>\n<li>Opciones de pago m\u00faltiples, incluidos PayPal y Tarjetas de cr\u00e9dito<\/li>\n<li>Funci\u00f3n de b\u00fasqueda avanzada para una f\u00e1cil navegaci\u00f3n a trav\u00e9s de productos<\/li>\n<li>Integraci\u00f3n de las redes sociales para un f\u00e1cil intercambio y promoci\u00f3n<\/li>\n<li>Blog con publicaciones destacadas y recientes<\/li>\n<li>Formulario de contacto para consultas de clientes<\/li>\n<li>Opciones de moneda e idiomas m\u00faltiples para ventas internacionales<\/li>\n<\/ul>\n","protected":false},"excerpt":{"rendered":"<p>Si busca una opci\u00f3n excepcional para un negocio minorista en l\u00ednea, no busque m\u00e1s all\u00e1 del tema de WooCommerce Premium minorista. Con un dise\u00f1o elegante y contempor\u00e1neo, este tema otorgar\u00e1 a su sitio web una apariencia pulida y refinada que seguramente cautivar\u00e1 e impresionar\u00e1 a sus valiosos clientes. En particular, es totalmente receptivo y ofrece un alto grado de personalizaci\u00f3n, lo que lo hace sin esfuerzo adaptable a sus requisitos y preferencias \u00fanicas. Adem\u00e1s, est\u00e1 equipado con una variedad de plantillas de p\u00e1gina preconstruidas, facilitando la creaci\u00f3n perfecta de una tienda en l\u00ednea. Con sus caracter\u00edsticas notables, como un control deslizante de productos, una vista r\u00e1pida del producto y un filtrado de productos, su estimada clientela sin duda disfrutar\u00e1 de una experiencia de compra perfecta y agradable. En consecuencia, ya sea que busque embarcarse en una nueva empresa minorista en l\u00ednea o mejorar una existente, el tema minorista Premium WooCommerce representa inequ\u00edvocamente una elecci\u00f3n sobresaliente.<\/p>\n","protected":false},"featured_media":167714,"comment_status":"open","ping_status":"open","template":"","meta":[],"product_brand":[2337],"product_cat":[1263,1264,1237],"product_tag":[1391],"class_list":{"0":"post-111653","1":"product","2":"type-product","3":"status-publish","4":"has-post-thumbnail","6":"product_brand-themeforest","7":"product_cat-comercio-electronico-temas","8":"product_cat-negocio","9":"product_cat-temas","10":"product_tag-themeforest","11":"member-discount","12":"discount-restricted","14":"first","15":"instock","16":"sale","17":"downloadable","18":"virtual","19":"sold-individually","20":"purchasable","21":"product-type-simple"},"_links":{"self":[{"href":"https:\/\/gpl-love.com\/es\/wp-json\/wp\/v2\/product\/111653","targetHints":{"allow":["GET"]}}],"collection":[{"href":"https:\/\/gpl-love.com\/es\/wp-json\/wp\/v2\/product"}],"about":[{"href":"https:\/\/gpl-love.com\/es\/wp-json\/wp\/v2\/types\/product"}],"replies":[{"embeddable":true,"href":"https:\/\/gpl-love.com\/es\/wp-json\/wp\/v2\/comments?post=111653"}],"wp:featuredmedia":[{"embeddable":true,"href":"https:\/\/gpl-love.com\/es\/wp-json\/wp\/v2\/media\/167714"}],"wp:attachment":[{"href":"https:\/\/gpl-love.com\/es\/wp-json\/wp\/v2\/media?parent=111653"}],"wp:term":[{"taxonomy":"product_brand","embeddable":true,"href":"https:\/\/gpl-love.com\/es\/wp-json\/wp\/v2\/product_brand?post=111653"},{"taxonomy":"product_cat","embeddable":true,"href":"https:\/\/gpl-love.com\/es\/wp-json\/wp\/v2\/product_cat?post=111653"},{"taxonomy":"product_tag","embeddable":true,"href":"https:\/\/gpl-love.com\/es\/wp-json\/wp\/v2\/product_tag?post=111653"}],"curies":[{"name":"wp","href":"https:\/\/api.w.org\/{rel}","templated":true}]}}