{"id":111651,"date":"2022-05-16T00:00:00","date_gmt":"2022-05-16T05:00:00","guid":{"rendered":"http:\/\/gpl-love.com\/es\/producto\/car-dealer-automotive-responsive-wordpress-theme\/"},"modified":"2026-03-13T17:17:24","modified_gmt":"2026-03-13T22:17:24","slug":"car-dealer-automotive-responsive-wordpress-theme","status":"publish","type":"product","link":"https:\/\/gpl-love.com\/es\/producto\/car-dealer-automotive-responsive-wordpress-theme\/","title":{"rendered":"Car Dealer Automotive Responsive WordPress Theme 4.0.0"},"content":{"rendered":"<h3>Car Dealer Automotive Responsive WordPress Theme Caracteristicas<\/h3>\n<p>El tema de WordPress receptivo automotriz del concesionario de autom\u00f3viles es una soluci\u00f3n excepcional y din\u00e1mica adaptada para los concesionarios autom\u00e1ticos con el objetivo de establecer una fuerte presencia en l\u00ednea. Este tema de vanguardia cuenta con plena capacidad de respuesta, garantizando una visualizaci\u00f3n impecable en varios dispositivos y dimensiones de pantalla, todo mientras mantiene una calidad \u00f3ptima. Su extenso repertorio de caracter\u00edsticas abarca listados integrales de veh\u00edculos, funcionalidad de b\u00fasqueda avanzada y una p\u00e1gina de inicio totalmente personalizable que le permite mostrar su inventario y servicios de una manera que resuene con su marca. Adem\u00e1s, este tema se construye meticulosamente en la \u00faltima plataforma de WordPress y se optimiza meticulosamente para una velocidad y rendimiento inigualables, asegurando tiempos de carga sin problemas y convenientes. Al aprovechar el poder del tema de WordPress de Automotive Automotive del concesionario de autom\u00f3viles, puede elaborar sin esfuerzo un sitio web sofisticado y cautivador que cautivar\u00e1 a los clientes potenciales y catalizar\u00e1 la expansi\u00f3n de su negocio.<\/p>\n<ul>\n<li>P\u00e1gina de inicio personalizable con m\u00faltiples opciones de dise\u00f1o<\/li>\n<li>Builder de la p\u00e1gina de arrastrar y soltar para una f\u00e1cil creaci\u00f3n de contenido<\/li>\n<li>Integraci\u00f3n completa con WooCommerce para ventas de autos en l\u00ednea<\/li>\n<li>Opciones de b\u00fasqueda avanzadas para una navegaci\u00f3n eficiente de autom\u00f3viles<\/li>\n<li>Sistema de programaci\u00f3n de citas incorporada para unidades de pruebas y citas de servicio<\/li>\n<li>Dise\u00f1o amigable para dispositivos m\u00f3viles para una visualizaci\u00f3n \u00f3ptima en todos los dispositivos<\/li>\n<li>Integraci\u00f3n de las redes sociales para un f\u00e1cil intercambio y promoci\u00f3n<\/li>\n<li>Caracter\u00edstica del mapa interactivo para localizar el concesionario y las direcciones<\/li>\n<li>Soporte de varios idiomas para audiencias internacionales<\/li>\n<li>Panel de administraci\u00f3n f\u00e1cil de usar para administrar la configuraci\u00f3n del inventario y el sitio web.<\/li>\n<\/ul>\n","protected":false},"excerpt":{"rendered":"<p>Conduzca su negocio con nuestro tema de WordPress de WordPress automotriz de nuestro concesionario de autom\u00f3viles. Dise\u00f1ado espec\u00edficamente para concesionarios de autom\u00f3viles, este tema cuenta con una impresionante variedad de caracter\u00edsticas. El dise\u00f1o receptivo garantiza que su sitio web se vea genial en todos los dispositivos, desde escritorio hasta dispositivos m\u00f3viles. Con su interfaz f\u00e1cil de usar, puede administrar y mostrar f\u00e1cilmente el inventario de su veh\u00edculo, impulsando su presencia en l\u00ednea y facilitando a los clientes encontrar el auto de sus sue\u00f1os. Tambi\u00e9n se beneficiar\u00e1 de las poderosas herramientas de SEO de WordPress, ayudando a mejorar la clasificaci\u00f3n de su sitio web y aumentar el tr\u00e1fico. Con nuestro tema automotriz, tambi\u00e9n puede ofrecer a los clientes la capacidad de reservar unidades de pruebas y citas de servicio en l\u00ednea, lo que aumenta la participaci\u00f3n y la satisfacci\u00f3n de sus clientes. Compre nuestro tema de WordPress de WordPress automotriz automotriz hoy y lleve el carril r\u00e1pido al \u00e9xito.<\/p>\n","protected":false},"featured_media":165591,"comment_status":"open","ping_status":"open","template":"","meta":[],"product_brand":[2337],"product_cat":[1307,1237,1238],"product_tag":[1391],"class_list":{"0":"post-111651","1":"product","2":"type-product","3":"status-publish","4":"has-post-thumbnail","6":"product_brand-themeforest","7":"product_cat-negocio-wordpress-temas","8":"product_cat-temas","9":"product_cat-wordpress-temas","10":"product_tag-themeforest","11":"member-discount","12":"discount-restricted","14":"first","15":"instock","16":"sale","17":"downloadable","18":"virtual","19":"sold-individually","20":"purchasable","21":"product-type-simple"},"_links":{"self":[{"href":"https:\/\/gpl-love.com\/es\/wp-json\/wp\/v2\/product\/111651","targetHints":{"allow":["GET"]}}],"collection":[{"href":"https:\/\/gpl-love.com\/es\/wp-json\/wp\/v2\/product"}],"about":[{"href":"https:\/\/gpl-love.com\/es\/wp-json\/wp\/v2\/types\/product"}],"replies":[{"embeddable":true,"href":"https:\/\/gpl-love.com\/es\/wp-json\/wp\/v2\/comments?post=111651"}],"wp:featuredmedia":[{"embeddable":true,"href":"https:\/\/gpl-love.com\/es\/wp-json\/wp\/v2\/media\/165591"}],"wp:attachment":[{"href":"https:\/\/gpl-love.com\/es\/wp-json\/wp\/v2\/media?parent=111651"}],"wp:term":[{"taxonomy":"product_brand","embeddable":true,"href":"https:\/\/gpl-love.com\/es\/wp-json\/wp\/v2\/product_brand?post=111651"},{"taxonomy":"product_cat","embeddable":true,"href":"https:\/\/gpl-love.com\/es\/wp-json\/wp\/v2\/product_cat?post=111651"},{"taxonomy":"product_tag","embeddable":true,"href":"https:\/\/gpl-love.com\/es\/wp-json\/wp\/v2\/product_tag?post=111651"}],"curies":[{"name":"wp","href":"https:\/\/api.w.org\/{rel}","templated":true}]}}