{"id":111649,"date":"2025-11-14T00:00:00","date_gmt":"2025-11-14T05:00:00","guid":{"rendered":"http:\/\/gpl-love.com\/es\/producto\/realhomes-estate-sale-and-rental-wordpress-theme\/"},"modified":"2026-03-13T17:28:07","modified_gmt":"2026-03-13T22:28:07","slug":"realhomes-estate-sale-and-rental-wordpress-theme","status":"publish","type":"product","link":"https:\/\/gpl-love.com\/es\/producto\/realhomes-estate-sale-and-rental-wordpress-theme\/","title":{"rendered":"RealHomes Estate Sale y Rental WordPress Theme 4.4.5"},"content":{"rendered":"<h3>RealHomes Estate Sale y Rental WordPress Theme Caracteristicas<\/h3>\n<p>El tema de WordPress de venta y alquiler de bienes de Realhomes Estate es un tema incre\u00edblemente robusto y rico en funciones que ha sido dise\u00f1ado espec\u00edficamente con las necesidades y deseos de agentes inmobiliarios, corredores y administradores de propiedades en mente. Su prop\u00f3sito es proporcionarles una plataforma poderosa a trav\u00e9s de la cual pueden mostrar de manera efectiva e impresionante sus propiedades y servicios a un p\u00fablico m\u00e1s amplio en l\u00ednea. Con una gran cantidad de opciones y configuraciones personalizables, este tema permite a los usuarios personalizar completamente su sitio web para que refleje de manera verdadera y precisa su identidad de marca y objetivos comerciales. Adem\u00e1s de esto, Realhomes viene equipado con funcionalidades de b\u00fasqueda avanzadas, listados de propiedades integrales, propiedades destacadas prominentemente y la capacidad de ofrecer recorridos virtuales, todos los cuales se combinan para ofrecer una experiencia notablemente perfecta y amigable para los clientes potenciales. Adem\u00e1s, este tema ha sido optimizado por expertos para dispositivos m\u00f3viles, lo que garantiza que su sitio web se ver\u00e1 excepcionalmente atractivo y profesional en todos los tama\u00f1os de pantalla. Por lo tanto, independientemente de si est\u00e1 en el mercado para vender o alquilar propiedades, Realhomes se destaca como una opci\u00f3n excepcional para cualquier persona que busque establecer una presencia en l\u00ednea dominante e influyente dentro de la industria de bienes ra\u00edces altamente competitivos.<\/p>\n<ul>\n<li>Un tema de WordPress f\u00e1cil de usar y personalizable dise\u00f1ado espec\u00edficamente para ventas y alquileres inmobiliarios<\/li>\n<li>Dise\u00f1o receptivo que garantiza que su sitio se vea muy bien en todos los dispositivos<\/li>\n<li>M\u00faltiples demostraciones preconstruidas para elegir, con opciones para ventas y alquileres<\/li>\n<li>Funcionalidad de b\u00fasqueda avanzada que permite a los usuarios reducir sus opciones en funci\u00f3n de los criterios espec\u00edficos<\/li>\n<li>Integraci\u00f3n f\u00e1cil con pasarelas de pago populares, por lo que puede comenzar a aceptar pagos de inmediato<\/li>\n<li>Caracter\u00edsticas de listado de propiedades incorporadas, completas con im\u00e1genes de alta calidad y descripciones detalladas<\/li>\n<li>C\u00f3digos de identificaci\u00f3n de propiedad \u00fanicos para una f\u00e1cil referencia y organizaci\u00f3n<\/li>\n<li>Integraci\u00f3n de mapas para mostrar ubicaciones de propiedad y servicios cercanos<\/li>\n<li>Un poderoso panel de personalizaci\u00f3n de temas que le permite ajustar casi todos los aspectos de la apariencia de su sitio sin necesidad de conocimientos de codificaci\u00f3n<\/li>\n<li>Documentaci\u00f3n integral y apoyo dedicado para ayudarlo a aprovechar al m\u00e1ximo su inversi\u00f3n<\/li>\n<\/ul>\n","protected":false},"excerpt":{"rendered":"<p>Realhomes es un tema de WordPress extremadamente personalizable y rico en funciones que se ha creado meticulosamente con la intenci\u00f3n espec\u00edfica de satisfacer las necesidades de las agencias inmobiliarias, los agentes y los servicios de alquiler de propiedades. Con un dise\u00f1o moderno y f\u00e1cil de usar, Realhomes ofrece una amplia gama de caracter\u00edsticas intuitivas que est\u00e1n orientadas a ayudarlo a mostrar eficazmente sus propiedades, administrar las consultas de manera perfecta y, en \u00faltima instancia, racionalizar sus operaciones en l\u00ednea para obtener una eficiencia m\u00e1xima. La gran cantidad de caracter\u00edsticas que ofrece Realhomes incluye filtros de b\u00fasqueda de propiedades personalizables que se pueden adaptar para que coincidan con sus requisitos espec\u00edficos, junto con sistemas avanzados de reservas y pagos que est\u00e1n dise\u00f1ados para simplificar todo el proceso. En esencia, Realhomes sirve como una soluci\u00f3n que lo abarca todo que lo equipa con todo lo que podr\u00eda necesitar para establecer una presencia en l\u00ednea convincente y altamente efectiva dentro de la industria inmobiliaria ferozmente competitiva. No solo eso, sino que los Realhomes tambi\u00e9n cuenta con un dise\u00f1o receptivo, lo que significa que su sitio web parecer\u00e1 igualmente impresionante y visualmente atractivo, independientemente del dispositivo que se utilice para acceder a \u00e9l. Esta capacidad le permite llegar efectivamente a un grupo m\u00e1s grande de clientes potenciales, facilitando as\u00ed el crecimiento y la expansi\u00f3n de su negocio de una manera tangible y significativa.<\/p>\n","protected":false},"featured_media":167328,"comment_status":"open","ping_status":"open","template":"","meta":[],"product_brand":[2337],"product_cat":[1381,1237,1238],"product_tag":[1391],"class_list":{"0":"post-111649","1":"product","2":"type-product","3":"status-publish","4":"has-post-thumbnail","6":"product_brand-themeforest","7":"product_cat-bienes-raices","8":"product_cat-temas","9":"product_cat-wordpress-temas","10":"product_tag-themeforest","11":"member-discount","12":"discount-restricted","14":"first","15":"instock","16":"sale","17":"downloadable","18":"virtual","19":"sold-individually","20":"purchasable","21":"product-type-simple"},"_links":{"self":[{"href":"https:\/\/gpl-love.com\/es\/wp-json\/wp\/v2\/product\/111649","targetHints":{"allow":["GET"]}}],"collection":[{"href":"https:\/\/gpl-love.com\/es\/wp-json\/wp\/v2\/product"}],"about":[{"href":"https:\/\/gpl-love.com\/es\/wp-json\/wp\/v2\/types\/product"}],"replies":[{"embeddable":true,"href":"https:\/\/gpl-love.com\/es\/wp-json\/wp\/v2\/comments?post=111649"}],"wp:featuredmedia":[{"embeddable":true,"href":"https:\/\/gpl-love.com\/es\/wp-json\/wp\/v2\/media\/167328"}],"wp:attachment":[{"href":"https:\/\/gpl-love.com\/es\/wp-json\/wp\/v2\/media?parent=111649"}],"wp:term":[{"taxonomy":"product_brand","embeddable":true,"href":"https:\/\/gpl-love.com\/es\/wp-json\/wp\/v2\/product_brand?post=111649"},{"taxonomy":"product_cat","embeddable":true,"href":"https:\/\/gpl-love.com\/es\/wp-json\/wp\/v2\/product_cat?post=111649"},{"taxonomy":"product_tag","embeddable":true,"href":"https:\/\/gpl-love.com\/es\/wp-json\/wp\/v2\/product_tag?post=111649"}],"curies":[{"name":"wp","href":"https:\/\/api.w.org\/{rel}","templated":true}]}}