{"id":111647,"date":"2023-09-22T00:00:00","date_gmt":"2023-09-22T05:00:00","guid":{"rendered":"http:\/\/gpl-love.com\/es\/producto\/addison-architecture-and-interior-design-wordpress-theme\/"},"modified":"2026-03-13T17:15:15","modified_gmt":"2026-03-13T22:15:15","slug":"addison-architecture-and-interior-design-wordpress-theme","status":"publish","type":"product","link":"https:\/\/gpl-love.com\/es\/producto\/addison-architecture-and-interior-design-wordpress-theme\/","title":{"rendered":"Addison Architecture y Interior Design Wordpress Theme 1.4.2"},"content":{"rendered":"<h3>Addison Architecture y Interior Design Wordpress Theme Caracteristicas<\/h3>\n<p>El tema de WordPress de la arquitectura y el dise\u00f1o de interiores de Addison es un tema exquisitamente elaborado y de alta gama espec\u00edficamente adaptado para satisfacer las necesidades de los profesionales en los campos de la arquitectura y el dise\u00f1o de interiores. Con un dise\u00f1o elegante y contempor\u00e1neo, dise\u00f1os meticulosamente seleccionados, as\u00ed como funcionalidades f\u00e1ciles de usar, este tema facilita sin esfuerzo la creaci\u00f3n de sitios web impresionantes. Su naturaleza receptiva garantiza que su sitio web se cautivar\u00e1 visualmente, independientemente del dispositivo desde el que se acceda. Adem\u00e1s, viene equipado con una gran cantidad de p\u00e1ginas preconstruidas y contenido de demostraci\u00f3n, todo lo cual puede personalizarse perfectamente mediante el empleo del constructor de p\u00e1ginas de arrastrar y soltar. Con su destreza de optimizaci\u00f3n de motores de b\u00fasqueda, este tema garantiza la m\u00e1xima visibilidad para su sitio web. Adem\u00e1s, abarca una extensa gama de caracter\u00edsticas, galer\u00edas que abarcan, formularios de contacto e integraci\u00f3n perfecta con Google Maps, lo que le convierte en la soluci\u00f3n por excelencia para arquitectos y dise\u00f1adores de interiores que anhelan establecer una presencia en l\u00ednea pulida y profesional.<\/p>\n<ul>\n<li>Dise\u00f1o elegante y moderno con un enfoque en exhibir la arquitectura y el trabajo de dise\u00f1o de interiores<\/li>\n<li>Totalmente personalizable con una variedad de opciones de dise\u00f1o y esquemas de color<\/li>\n<li>Caracter\u00edsticas de cartera y galer\u00eda incorporadas para exhibir im\u00e1genes y proyectos<\/li>\n<li>Compatible con complementos populares de WordPress como WooCommerce y WPML<\/li>\n<li>El dise\u00f1o f\u00e1cil de usar y receptivo garantiza una experiencia de visualizaci\u00f3n \u00f3ptima en todos los dispositivos<\/li>\n<li>Interfaz de constructor de p\u00e1ginas e f\u00e1cil de usar para la personalizaci\u00f3n sin esfuerzo para la personalizaci\u00f3n sin esfuerzo<\/li>\n<li>SEO optimizado para la m\u00e1xima visibilidad y clasificaciones de motores de b\u00fasqueda mejorados<\/li>\n<li>Actualizaciones regulares y atenci\u00f3n al cliente dedicada para asistencia continua y resoluci\u00f3n de problemas<\/li>\n<\/ul>\n","protected":false},"excerpt":{"rendered":"<p>El tema de WordPress de Addison Architecture, un tema moderno de WordPress de dise\u00f1o de interiores, cuenta con un dise\u00f1o elegante que proporciona una plataforma perfecta para mostrar su trabajo creativo en la esfera digital. Con numerosas opciones de dise\u00f1o de cartera y secciones de p\u00e1gina de inicio personalizables, este tema de WordPress manifiesta tanto estilo como profesionalismo, lo que lo convierte en una opci\u00f3n ideal para freelancers y empresas de dise\u00f1o independientes por igual.<\/p>\n<p>El tema de WordPress de dise\u00f1o receptivo garantiza que su sitio web conserve su encanto visual en cada dispositivo, mientras que el tema del constructor de p\u00e1ginas de arrastrar y soltar f\u00e1cilmente de uso de usuarios hace que la personalizaci\u00f3n sea muy f\u00e1cil. Elegir el tema de Addison, un tema de presencia en l\u00ednea cautivador, sin duda dar\u00e1 como resultado una impresionante representaci\u00f3n digital de su creatividad y experiencia.<\/p>\n<p>Este tema vers\u00e1til de WordPress para dise\u00f1adores es m\u00e1s que un tema, es una herramienta para crear un tema de WordPress elegante y profesional. Ya sea que est\u00e9 buscando un tema de WordPress amigable con el freelancer o un tema de WordPress de la firma de dise\u00f1o, el tema de Addison para los creativos y el tema de Addison para el dise\u00f1o moderno son opciones perfectas, asegurando una presencia en l\u00ednea cautivadora que refleje su creatividad y sus est\u00e1ndares profesionales.<\/p>\n","protected":false},"featured_media":165257,"comment_status":"open","ping_status":"open","template":"","meta":[],"product_brand":[2337],"product_cat":[1381,1237,1238],"product_tag":[1391],"class_list":{"0":"post-111647","1":"product","2":"type-product","3":"status-publish","4":"has-post-thumbnail","6":"product_brand-themeforest","7":"product_cat-bienes-raices","8":"product_cat-temas","9":"product_cat-wordpress-temas","10":"product_tag-themeforest","11":"member-discount","12":"discount-restricted","14":"first","15":"instock","16":"sale","17":"downloadable","18":"virtual","19":"sold-individually","20":"purchasable","21":"product-type-simple"},"_links":{"self":[{"href":"https:\/\/gpl-love.com\/es\/wp-json\/wp\/v2\/product\/111647","targetHints":{"allow":["GET"]}}],"collection":[{"href":"https:\/\/gpl-love.com\/es\/wp-json\/wp\/v2\/product"}],"about":[{"href":"https:\/\/gpl-love.com\/es\/wp-json\/wp\/v2\/types\/product"}],"replies":[{"embeddable":true,"href":"https:\/\/gpl-love.com\/es\/wp-json\/wp\/v2\/comments?post=111647"}],"wp:featuredmedia":[{"embeddable":true,"href":"https:\/\/gpl-love.com\/es\/wp-json\/wp\/v2\/media\/165257"}],"wp:attachment":[{"href":"https:\/\/gpl-love.com\/es\/wp-json\/wp\/v2\/media?parent=111647"}],"wp:term":[{"taxonomy":"product_brand","embeddable":true,"href":"https:\/\/gpl-love.com\/es\/wp-json\/wp\/v2\/product_brand?post=111647"},{"taxonomy":"product_cat","embeddable":true,"href":"https:\/\/gpl-love.com\/es\/wp-json\/wp\/v2\/product_cat?post=111647"},{"taxonomy":"product_tag","embeddable":true,"href":"https:\/\/gpl-love.com\/es\/wp-json\/wp\/v2\/product_tag?post=111647"}],"curies":[{"name":"wp","href":"https:\/\/api.w.org\/{rel}","templated":true}]}}