{"id":111643,"date":"2022-04-11T00:00:00","date_gmt":"2022-04-11T05:00:00","guid":{"rendered":"http:\/\/gpl-love.com\/es\/producto\/striking-multiflex-and-ecommerce-responsive-wp-theme\/"},"modified":"2026-04-10T11:25:52","modified_gmt":"2026-04-10T16:25:52","slug":"striking-multiflex-and-ecommerce-responsive-wp-theme","status":"publish","type":"product","link":"https:\/\/gpl-love.com\/es\/producto\/striking-multiflex-and-ecommerce-responsive-wp-theme\/","title":{"rendered":"Striking MultiFlex y Ecommerce Responsive WP Theme 2.1.9"},"content":{"rendered":"<h3>Striking MultiFlex y Ecommerce Responsive WP Theme Caracteristicas<\/h3>\n<p>El sorprendente tema de WP que receptiva multiflex y comercio electr\u00f3nico es una herramienta excepcionalmente robusta y multifac\u00e9tica, experta en crear sitios web visualmente impresionantes sin esfuerzo. Con su flexibilidad innata, este tema otorga a los usuarios la capacidad de personalizar su sitio hasta el m\u00e1s minucioso detalle, adapt\u00e1ndolo precisamente a sus especificaciones \u00fanicas. El sorprendente tema de WP que receptiva multiflex y comercio electr\u00f3nico proporciona una selecci\u00f3n expansiva de dise\u00f1os, widgets y complementos preconfigurados, facilitando la creaci\u00f3n de una tienda en l\u00ednea, blog o un sitio de cartera que se distingue sin esfuerzo de sus competidores. Independientemente de su nivel de especializaci\u00f3n, ya sea que sea un dise\u00f1ador web incipiente o un desarrollador experimentado, este tema cuenta con un conjunto integral de caracter\u00edsticas que le permitir\u00e1 fabricar un sitio web de calidad profesional, totalmente receptiva y optimizada para todos los dispositivos. Por lo tanto, si se encuentra en busca de un tema potente y f\u00e1cil de usar que pueda ayudarlo a construir el sitio web que siempre ha imaginado, el sorprendente tema de WP multiflex y receptivo de comercio electr\u00f3nico es sin duda la opci\u00f3n \u00f3ptima.<\/p>\n<ul>\n<li>Dise\u00f1o altamente personalizable y flexible<\/li>\n<li>Dise\u00f1ado de forma responsable para una visualizaci\u00f3n optimizada en cualquier dispositivo<\/li>\n<li>Integraci\u00f3n con plataformas de comercio electr\u00f3nico populares como WooCommerce<\/li>\n<li>Opciones de dise\u00f1o de p\u00e1gina de inicio m\u00faltiple y cartera<\/li>\n<li>Panel de opciones de temas potentes y f\u00e1ciles de usar<\/li>\n<li>Opciones de tipograf\u00eda avanzada para un atractivo visual mejorado<\/li>\n<li>Importaci\u00f3n de demostraci\u00f3n de un solo clic para una configuraci\u00f3n r\u00e1pida y f\u00e1cil<\/li>\n<li>Documentaci\u00f3n integral y atenci\u00f3n al cliente<\/li>\n<li>Actualizaciones regulares y nuevas caracter\u00edsticas agregadas para una mejora continua<\/li>\n<li>Compatible con complementos populares como el formulario de contacto 7 y la revoluci\u00f3n del control deslizante.<\/li>\n<\/ul>\n","protected":false},"excerpt":{"rendered":"<p>El sorprendente tema WP de WP multiflex y comercio electr\u00f3nico cuenta con un dise\u00f1o visualmente atractivo y contempor\u00e1neo que se ajusta sin esfuerzo a diversos dispositivos y dimensiones de la pantalla. Este tema demuestra ser una opci\u00f3n ideal para las empresas en l\u00ednea que buscan exhibir su mercanc\u00eda y servicios de una manera sofisticada y cautivadora. Con sus formidables funcionalidades de comercio electr\u00f3nico y su incorporaci\u00f3n perfecta de complementos de renombre, posee la capacidad de establecer y supervisar sin esfuerzo su emporio virtual, respaldando simult\u00e1neamente su marca y establecer conexiones con su grupo demogr\u00e1fico deseado. Lleve la calidad de su sitio web a nuevas alturas adoptando el sorprendente tema de WP multiflex y receptivo de comercio electr\u00f3nico hoy.<\/p>\n","protected":false},"featured_media":167581,"comment_status":"open","ping_status":"open","template":"","meta":[],"product_brand":[2337],"product_cat":[1263,1264,1237],"product_tag":[1391],"class_list":{"0":"post-111643","1":"product","2":"type-product","3":"status-publish","4":"has-post-thumbnail","6":"product_brand-themeforest","7":"product_cat-comercio-electronico-temas","8":"product_cat-negocio","9":"product_cat-temas","10":"product_tag-themeforest","11":"member-discount","12":"discount-restricted","14":"first","15":"instock","16":"sale","17":"downloadable","18":"virtual","19":"sold-individually","20":"purchasable","21":"product-type-simple"},"_links":{"self":[{"href":"https:\/\/gpl-love.com\/es\/wp-json\/wp\/v2\/product\/111643","targetHints":{"allow":["GET"]}}],"collection":[{"href":"https:\/\/gpl-love.com\/es\/wp-json\/wp\/v2\/product"}],"about":[{"href":"https:\/\/gpl-love.com\/es\/wp-json\/wp\/v2\/types\/product"}],"replies":[{"embeddable":true,"href":"https:\/\/gpl-love.com\/es\/wp-json\/wp\/v2\/comments?post=111643"}],"wp:featuredmedia":[{"embeddable":true,"href":"https:\/\/gpl-love.com\/es\/wp-json\/wp\/v2\/media\/167581"}],"wp:attachment":[{"href":"https:\/\/gpl-love.com\/es\/wp-json\/wp\/v2\/media?parent=111643"}],"wp:term":[{"taxonomy":"product_brand","embeddable":true,"href":"https:\/\/gpl-love.com\/es\/wp-json\/wp\/v2\/product_brand?post=111643"},{"taxonomy":"product_cat","embeddable":true,"href":"https:\/\/gpl-love.com\/es\/wp-json\/wp\/v2\/product_cat?post=111643"},{"taxonomy":"product_tag","embeddable":true,"href":"https:\/\/gpl-love.com\/es\/wp-json\/wp\/v2\/product_tag?post=111643"}],"curies":[{"name":"wp","href":"https:\/\/api.w.org\/{rel}","templated":true}]}}