{"id":111641,"date":"2026-01-04T00:00:00","date_gmt":"2026-01-04T05:00:00","guid":{"rendered":"http:\/\/gpl-love.com\/es\/producto\/grand-restaurant-wordpress-theme\/"},"modified":"2026-03-13T17:21:26","modified_gmt":"2026-03-13T22:21:26","slug":"grand-restaurant-wordpress-theme","status":"publish","type":"product","link":"https:\/\/gpl-love.com\/es\/producto\/grand-restaurant-wordpress-theme\/","title":{"rendered":"Grand Restaurant WordPress Theme 7.0.9"},"content":{"rendered":"<h3>Grand Restaurant WordPress Theme Caracteristicas<\/h3>\n<p>El gran tema de WordPress del restaurante es un tema muy robusto y ampliamente destinado que se ha adaptado espec\u00edficamente para satisfacer las necesidades de restaurantes, cafeter\u00edas, bistros y otros establecimientos similares relacionados con la comida. Su dise\u00f1o elegante y contempor\u00e1neo permite a los usuarios mostrar efectivamente sus men\u00fas, servicios y especiales, atrayendo as\u00ed una base de clientes m\u00e1s grande.<\/p>\n<p>Adem\u00e1s, este tema ofrece una amplia gama de opciones de personalizaci\u00f3n y plantillas preconstruidas, lo que hace que el proceso de elaboraci\u00f3n de un sitio web distintivo y de aspecto profesional sea un esfuerzo sin costuras, desprovisto de cualquier requisito para la experiencia en codificaci\u00f3n. Adem\u00e1s, el Grand Restaurant Theme cuenta con atributos notables, como capacidades de pedido en l\u00ednea, funcionalidad de reserva de mesa y caracter\u00edsticas de gesti\u00f3n de eventos, proporcionando efectivamente una soluci\u00f3n integral para restaurantes y empresas que operan dentro de la industria alimentaria.<\/p>\n<p>En consecuencia, al contemplar el establecimiento de un sitio web sorprendente y totalmente operativo para la empresa orientada a la comida, el tema del gran restaurante indudablemente surge como la opci\u00f3n \u00f3ptima.<\/p>\n<ul>\n<li>Dise\u00f1o receptivo que se ve muy bien en cualquier dispositivo<\/li>\n<li>M\u00faltiples plantillas predise\u00f1adas para diferentes tipos de restaurantes (restaurantes, caf\u00e9, etc.)<\/li>\n<li>Builder de men\u00fa f\u00e1cil de usar con soporte para im\u00e1genes y precios<\/li>\n<li>Integraci\u00f3n del sistema de reserva en l\u00ednea<\/li>\n<li>Widgets personalizables para las redes sociales y las promociones<\/li>\n<li>Compatible con complementos populares como WooCommerce y WPML para el comercio electr\u00f3nico y el soporte multiling\u00fce<\/li>\n<li>Optimizado para SEO con marcado de esquema incorporado<\/li>\n<li>La importaci\u00f3n de demostraci\u00f3n de un solo clic para comenzar r\u00e1pidamente con su sitio web<\/li>\n<li>Actualizaciones regulares y atenci\u00f3n al cliente de los desarrolladores de temas<\/li>\n<\/ul>\n","protected":false},"excerpt":{"rendered":"<p>El tema de WordPress de Grand Restaurant es un tema exquisito y de alta calidad que ha sido dise\u00f1ado espec\u00edficamente para restaurantes, cafeter\u00edas y otros negocios en la industria alimentaria. Cuenta con un dise\u00f1o elegante y contempor\u00e1neo que seguramente cautivar\u00e1 a su audiencia. Adem\u00e1s, este tema ofrece una variedad diversa de caracter\u00edsticas que est\u00e1n destinadas a mostrar eficazmente su men\u00fa, servicios y atractivas ofertas especiales. Adem\u00e1s, el tema de WordPress de Grand Restaurant es totalmente receptivo, garantizando que su sitio web se vea impecable y funcionar\u00e1 sin problemas en todos los dispositivos, ya sea escritorios, tabletas o tel\u00e9fonos inteligentes. Este tema tambi\u00e9n le otorga el lujo de seleccionar entre m\u00faltiples dise\u00f1os de p\u00e1gina de inicio, encabezados personalizados y plantillas de men\u00fa, lo que le permite crear una presencia en l\u00ednea distinta y personalizada. Adem\u00e1s, este tema est\u00e1 equipado con opciones de personalizaci\u00f3n f\u00e1cil de usar, lo que le permite personalizar sin esfuerzo su sitio de acuerdo con sus preferencias y requisitos precisos. Al aprovechar las poderosas capacidades del tema de WordPress de Grand Restaurant, puede establecer sin esfuerzo una plataforma en l\u00ednea impresionante y visualmente llamativa para su estimado negocio de alimentos.<\/p>\n","protected":false},"featured_media":166281,"comment_status":"open","ping_status":"open","template":"","meta":[],"product_brand":[2337],"product_cat":[1646,1237,1238],"product_tag":[1391],"class_list":{"0":"post-111641","1":"product","2":"type-product","3":"status-publish","4":"has-post-thumbnail","6":"product_brand-themeforest","7":"product_cat-alimentacion-y-restaurante","8":"product_cat-temas","9":"product_cat-wordpress-temas","10":"product_tag-themeforest","11":"member-discount","12":"discount-restricted","14":"first","15":"instock","16":"sale","17":"downloadable","18":"virtual","19":"sold-individually","20":"purchasable","21":"product-type-simple"},"_links":{"self":[{"href":"https:\/\/gpl-love.com\/es\/wp-json\/wp\/v2\/product\/111641","targetHints":{"allow":["GET"]}}],"collection":[{"href":"https:\/\/gpl-love.com\/es\/wp-json\/wp\/v2\/product"}],"about":[{"href":"https:\/\/gpl-love.com\/es\/wp-json\/wp\/v2\/types\/product"}],"replies":[{"embeddable":true,"href":"https:\/\/gpl-love.com\/es\/wp-json\/wp\/v2\/comments?post=111641"}],"wp:featuredmedia":[{"embeddable":true,"href":"https:\/\/gpl-love.com\/es\/wp-json\/wp\/v2\/media\/166281"}],"wp:attachment":[{"href":"https:\/\/gpl-love.com\/es\/wp-json\/wp\/v2\/media?parent=111641"}],"wp:term":[{"taxonomy":"product_brand","embeddable":true,"href":"https:\/\/gpl-love.com\/es\/wp-json\/wp\/v2\/product_brand?post=111641"},{"taxonomy":"product_cat","embeddable":true,"href":"https:\/\/gpl-love.com\/es\/wp-json\/wp\/v2\/product_cat?post=111641"},{"taxonomy":"product_tag","embeddable":true,"href":"https:\/\/gpl-love.com\/es\/wp-json\/wp\/v2\/product_tag?post=111641"}],"curies":[{"name":"wp","href":"https:\/\/api.w.org\/{rel}","templated":true}]}}