{"id":111637,"date":"2024-03-12T00:00:00","date_gmt":"2024-03-12T05:00:00","guid":{"rendered":"http:\/\/gpl-love.com\/es\/producto\/institutions-directory-wordpress-plugin\/"},"modified":"2026-03-09T07:43:37","modified_gmt":"2026-03-09T12:43:37","slug":"institutions-directory-wordpress-plugin","status":"publish","type":"product","link":"https:\/\/gpl-love.com\/es\/producto\/institutions-directory-wordpress-plugin\/","title":{"rendered":"Institutions Directory WordPress Plugin 1.3.3"},"content":{"rendered":"<h3>Institutions Directory WordPress Plugin Caracteristicas<\/h3>\n<p>El complemento de WordPress del directorio de instituciones demuestra ser una herramienta excepcionalmente robusta y eficiente que facilita la creaci\u00f3n y administraci\u00f3n de directorios en l\u00ednea de instituciones. Su amplia gama de funcionalidades permite a los usuarios generar y adaptar los directorios sin esfuerzo para satisfacer sus requisitos \u00fanicos, independientemente de la naturaleza de su directorio, ya sea un directorio de negocios, un directorio escolar o cualquier otra variante. Los usuarios encontrar\u00e1n que este complemento es incre\u00edblemente f\u00e1cil de usar e intuitivo, con una variedad de caracter\u00edsticas potentes que incluyen una funci\u00f3n de b\u00fasqueda totalmente personalizable, la conveniencia del cambio de tama\u00f1o autom\u00e1tico de im\u00e1genes, as\u00ed como la capacidad de importar a la perfecci\u00f3n los datos de los archivos CSV. Adem\u00e1s, los usuarios pueden deleitarse con la notable flexibilidad del complemento, lo que les permite personalizar sin esfuerzo listados y perfiles de directorio para alinearse sin problemas con sus preferencias de marca y dise\u00f1o. En resumen, para aquellos que buscan crear y administrar efectivamente un directorio en l\u00ednea de instituciones, el complemento de WordPress del directorio de instituciones es una herramienta indispensable e invaluable.<\/p>\n<ul>\n<li>Base de datos integral de instituciones que se pueden mostrar en su sitio de WordPress<\/li>\n<li>Funci\u00f3n de b\u00fasqueda f\u00e1cil de usar para usuarios para encontrar instituciones espec\u00edficas<\/li>\n<li>Capacidad para personalizar la informaci\u00f3n que se muestra para cada instituci\u00f3n<\/li>\n<li>Opciones para clasificar las instituciones por tipo, ubicaci\u00f3n u otros criterios<\/li>\n<li>Permite env\u00edos de usuarios para nuevas instituciones o actualizaciones a las existentes.<\/li>\n<li>El dise\u00f1o receptivo asegura que el directorio se vea muy bien en todos los dispositivos<\/li>\n<li>Se integra a la perfecci\u00f3n con su tema existente de WordPress<\/li>\n<li>Caracter\u00edsticas de seguridad para proteger contra spam o presentaciones inapropiadas<\/li>\n<li>Actualizaciones regulares y atenci\u00f3n al cliente para garantizar una experiencia sin problemas.<\/li>\n<\/ul>\n","protected":false},"excerpt":{"rendered":"<p>El complemento de WordPress del directorio de instituciones demuestra ser un activo indispensable para los propietarios de sitios web que aspiran a construir un dep\u00f3sito de establecimientos que abarca escuelas, colegios, hospitales y una gran cantidad de otros. Poseer una interfaz intuitiva y exhibir facilidad de instalaci\u00f3n, este complemento faculta a los usuarios incorporar y supervisar r\u00e1pidamente los listados de sus instituciones. En virtud del complemento de directorio de instituciones, se puede mostrar de manera efectiva detalles fundamentales, como informaci\u00f3n de contacto, coordenadas geogr\u00e1ficas y una mir\u00edada de otros datos pertinentes, lo que hace que sea muy conveniente para los visitantes de localizar y establecer conexiones con su establecimiento preferido. Sin lugar a dudas, esta herramienta formidable sirve como una inversi\u00f3n excepcional para cualquier propietario del sitio web que anhela proporcionar a su p\u00fablico objetivo informaci\u00f3n pertinente e invaluable.<\/p>\n","protected":false},"featured_media":166474,"comment_status":"open","ping_status":"open","template":"","meta":[],"product_brand":[2339],"product_cat":[1214,1206,1211],"product_tag":[1256],"class_list":{"0":"post-111637","1":"product","2":"type-product","3":"status-publish","4":"has-post-thumbnail","6":"product_brand-codecanyon","7":"product_cat-personalizacion","8":"product_cat-plugins","9":"product_cat-wordpress-plugins","10":"product_tag-codecanyon","11":"member-discount","12":"discount-restricted","14":"first","15":"instock","16":"sale","17":"downloadable","18":"virtual","19":"sold-individually","20":"purchasable","21":"product-type-simple"},"_links":{"self":[{"href":"https:\/\/gpl-love.com\/es\/wp-json\/wp\/v2\/product\/111637","targetHints":{"allow":["GET"]}}],"collection":[{"href":"https:\/\/gpl-love.com\/es\/wp-json\/wp\/v2\/product"}],"about":[{"href":"https:\/\/gpl-love.com\/es\/wp-json\/wp\/v2\/types\/product"}],"replies":[{"embeddable":true,"href":"https:\/\/gpl-love.com\/es\/wp-json\/wp\/v2\/comments?post=111637"}],"wp:featuredmedia":[{"embeddable":true,"href":"https:\/\/gpl-love.com\/es\/wp-json\/wp\/v2\/media\/166474"}],"wp:attachment":[{"href":"https:\/\/gpl-love.com\/es\/wp-json\/wp\/v2\/media?parent=111637"}],"wp:term":[{"taxonomy":"product_brand","embeddable":true,"href":"https:\/\/gpl-love.com\/es\/wp-json\/wp\/v2\/product_brand?post=111637"},{"taxonomy":"product_cat","embeddable":true,"href":"https:\/\/gpl-love.com\/es\/wp-json\/wp\/v2\/product_cat?post=111637"},{"taxonomy":"product_tag","embeddable":true,"href":"https:\/\/gpl-love.com\/es\/wp-json\/wp\/v2\/product_tag?post=111637"}],"curies":[{"name":"wp","href":"https:\/\/api.w.org\/{rel}","templated":true}]}}