{"id":111635,"date":"2022-01-27T00:00:00","date_gmt":"2022-01-27T05:00:00","guid":{"rendered":"http:\/\/gpl-love.com\/es\/producto\/dw-question-and-answer-pro-wordpress-plugin\/"},"modified":"2026-03-09T07:28:27","modified_gmt":"2026-03-09T12:28:27","slug":"dw-question-and-answer-pro-wordpress-plugin","status":"publish","type":"product","link":"https:\/\/gpl-love.com\/es\/producto\/dw-question-and-answer-pro-wordpress-plugin\/","title":{"rendered":"DW Question y Answer Pro WordPress Plugin 1.3.4"},"content":{"rendered":"<h3>DW Question y Answer Pro WordPress Plugin Caracteristicas<\/h3>\n<p>El complemento DW Pregunta y Respuesta Pro WordPress es una herramienta incre\u00edblemente robusta y eficiente que ha sido meticulosamente dise\u00f1ada para proporcionar a los administradores del sitio web un medio sin esfuerzo para administrar efectivamente las preguntas y respuestas generadas por el usuario. Su interfaz no solo es sencillo, sino tambi\u00e9n notablemente intuitiva, lo que permite a los visitantes del sitio hacer una plantilla de inmediato y posteriormente recibir respuestas integrales tanto de otros usuarios como de administradores del sitio. La utilizaci\u00f3n de este complemento posteriormente cultiva una atm\u00f3sfera palpable y gratificante de participaci\u00f3n e interacci\u00f3n comunitaria. Adem\u00e1s, el complemento cuenta con una impresionante variedad de caracter\u00edsticas que se pueden adaptar y personalizar para satisfacer las necesidades y requisitos espec\u00edficos de los sitios web individuales. Estos incluyen, pero no se limitan a los campos de preguntas personalizables, la provisi\u00f3n de notificaciones por correo electr\u00f3nico y un arsenal de herramientas de moderaci\u00f3n que son fundamentales para preservar la integridad general y la seguridad del sitio, en consecuencia, asegurando que sirva como un seguro e esconder. Plataforma para que los usuarios intercambien abiertamente informaci\u00f3n e ideas pertinentes. La profunda versatilidad y adaptabilidad de la pregunta DW y responder a los complementos Pro WordPress lo convierte en un activo indispensable para aquellos negocios operativos, instituciones educativas o sitios que se centran principalmente en difundir contenido informativo. Es imposible exagerar el tremendo valor que posee este complemento en t\u00e9rminos de fomentar la participaci\u00f3n del usuario y cultivar el desarrollo de una comunidad en l\u00ednea extremadamente robusta y cohesiva.<\/p>\n<ul>\n<li>Habilita la funcionalidad de preguntas y respuestas generadas por el usuario para sitios web de WordPress.<\/li>\n<li>Proporciona configuraciones y plantillas personalizables para p\u00e1ginas de preguntas y respuestas.<\/li>\n<li>Permite la moderaci\u00f3n del contenido y la actividad del usuario para garantizar un entorno de discusi\u00f3n productivo y seguro.<\/li>\n<li>Permite a los usuarios votar y votar preguntas y respuestas para indicar utilidad y relevancia.<\/li>\n<li>Permite mostrar una lista de preguntas y respuestas relacionadas para mejorar la experiencia del usuario.<\/li>\n<li>Se integra con varios temas y complementos de WordPress para una funcionalidad perfecta.<\/li>\n<li>Permite las notificaciones por correo electr\u00f3nico para que los usuarios se mantengan actualizados sobre sus preguntas y respuestas.<\/li>\n<li>Proporciona estad\u00edsticas y an\u00e1lisis sobre la actividad del usuario y la participaci\u00f3n del sitio.<\/li>\n<\/ul>\n","protected":false},"excerpt":{"rendered":"<p>Actualice las capacidades interactivas de su sitio web con la pregunta DW y responda el complemento Pro WordPress. Esta herramienta din\u00e1mica transforma su sitio de WordPress en una plataforma de preguntas y respuestas totalmente funcional, fomentando una atm\u00f3sfera comunitaria atractiva. Con su interfaz f\u00e1cil de usar, sus visitantes pueden publicar f\u00e1cilmente preguntas, proporcionar respuestas y comentar ambas. El complemento presenta un sistema de voto superior\/voto, promoviendo el contenido m\u00e1s valioso. Tambi\u00e9n admite m\u00faltiples idiomas, lo que lo convierte en una elecci\u00f3n perfecta para los sitios web internacionales. El complemento DW Pregunta y Respuesta Pro incluso incluye protecci\u00f3n contra spam para salvaguardar su sitio del contenido irrelevante. Como beneficio adicional, ofrece notificaciones por correo electr\u00f3nico para mantener a los usuarios actualizados sobre sus preguntas o temas favoritos. Este complemento de WordPress es su respuesta a una comunidad en l\u00ednea m\u00e1s interactiva e informada.<\/p>\n","protected":false},"featured_media":165830,"comment_status":"open","ping_status":"open","template":"","meta":[],"product_brand":[2339],"product_cat":[1214,1206,1211],"product_tag":[1256],"class_list":{"0":"post-111635","1":"product","2":"type-product","3":"status-publish","4":"has-post-thumbnail","6":"product_brand-codecanyon","7":"product_cat-personalizacion","8":"product_cat-plugins","9":"product_cat-wordpress-plugins","10":"product_tag-codecanyon","11":"member-discount","12":"discount-restricted","14":"first","15":"instock","16":"sale","17":"downloadable","18":"virtual","19":"sold-individually","20":"purchasable","21":"product-type-simple"},"_links":{"self":[{"href":"https:\/\/gpl-love.com\/es\/wp-json\/wp\/v2\/product\/111635","targetHints":{"allow":["GET"]}}],"collection":[{"href":"https:\/\/gpl-love.com\/es\/wp-json\/wp\/v2\/product"}],"about":[{"href":"https:\/\/gpl-love.com\/es\/wp-json\/wp\/v2\/types\/product"}],"replies":[{"embeddable":true,"href":"https:\/\/gpl-love.com\/es\/wp-json\/wp\/v2\/comments?post=111635"}],"wp:featuredmedia":[{"embeddable":true,"href":"https:\/\/gpl-love.com\/es\/wp-json\/wp\/v2\/media\/165830"}],"wp:attachment":[{"href":"https:\/\/gpl-love.com\/es\/wp-json\/wp\/v2\/media?parent=111635"}],"wp:term":[{"taxonomy":"product_brand","embeddable":true,"href":"https:\/\/gpl-love.com\/es\/wp-json\/wp\/v2\/product_brand?post=111635"},{"taxonomy":"product_cat","embeddable":true,"href":"https:\/\/gpl-love.com\/es\/wp-json\/wp\/v2\/product_cat?post=111635"},{"taxonomy":"product_tag","embeddable":true,"href":"https:\/\/gpl-love.com\/es\/wp-json\/wp\/v2\/product_tag?post=111635"}],"curies":[{"name":"wp","href":"https:\/\/api.w.org\/{rel}","templated":true}]}}