{"id":111633,"date":"2021-03-18T00:00:00","date_gmt":"2021-03-18T05:00:00","guid":{"rendered":"http:\/\/gpl-love.com\/es\/producto\/inpulse-creative-agency-wordpress-theme\/"},"modified":"2026-03-13T17:22:39","modified_gmt":"2026-03-13T22:22:39","slug":"inpulse-creative-agency-wordpress-theme","status":"publish","type":"product","link":"https:\/\/gpl-love.com\/es\/producto\/inpulse-creative-agency-wordpress-theme\/","title":{"rendered":"InPulse Creative Agency WordPress Theme 1.1.5"},"content":{"rendered":"<h3>InPulse Creative Agency WordPress Theme Caracteristicas<\/h3>\n<p>El tema de WordPress de Inpulse Creative Agency es un tema excepcionalmente potente y abundante que ha sido creado magistralmente para agencias creativas y trabajadores independientes por igual. Con su abundancia de caracter\u00edsticas, este tema ofrece un dise\u00f1o contempor\u00e1neo y elegante que se mejora a\u00fan m\u00e1s por una amplia gama de opciones personalizables, como una gran cantidad de opciones de color ilimitadas y una variedad de opciones de dise\u00f1o vers\u00e1tiles. Adem\u00e1s, este tema tambi\u00e9n est\u00e1 equipado con un constructor de p\u00e1ginas notablemente robusto, lo que permite a los usuarios crear p\u00e1ginas sin esfuerzo que no solo son visualmente llamativas sino tambi\u00e9n excepcionalmente distintivas.<\/p>\n<p>Adem\u00e1s, este tema tambi\u00e9n cuenta con una amplia selecci\u00f3n de plantillas predise\u00f1adas, facilitando as\u00ed un comienzo perfecto y expedito para el viaje creativo de uno. Para amplificar a\u00fan m\u00e1s su atractivo, el tema Inpulse Creative Agency WordPress est\u00e1 dise\u00f1ado para ser completamente receptivo, asegurando que mantenga su excelencia est\u00e9tica y su funcionalidad en varios dispositivos. Adem\u00e1s, este tema ha sido optimizado por expertos para los motores de b\u00fasqueda, reforzando as\u00ed su potencial para alcanzar una clasificaci\u00f3n m\u00e1s alta dentro de los resultados de b\u00fasqueda. En conclusi\u00f3n, el tema Inpulse Creative Agency WordPress es una opci\u00f3n ejemplar para las personas que buscan establecer una presencia profesional y cautivadora en l\u00ednea para su agencia o cartera creativa.<\/p>\n<ul>\n<li>Un tema de WordPress moderno y visualmente impresionante dise\u00f1ado espec\u00edficamente para agencias creativas.<\/li>\n<li>Totalmente personalizable con un constructor de p\u00e1ginas de arrastrar y soltar, lo que le permite crear f\u00e1cilmente dise\u00f1os y dise\u00f1os \u00fanicos.<\/li>\n<li>Las caracter\u00edsticas incluyen demostraciones predise\u00f1adas, m\u00faltiples opciones de encabezado y pie de p\u00e1gina, plantillas de p\u00e1gina personalizables y una variedad de widgets y complementos.<\/li>\n<li>Optimizado para la velocidad y el SEO, asegurando que el rendimiento de su sitio web sea de primera categor\u00eda.<\/li>\n<li>Incluye un poderoso panel de opciones de temas para el control completo sobre la configuraci\u00f3n y la funcionalidad de su sitio.<\/li>\n<li>Compatible con todos los principales navegadores y dispositivos, asegurando que su sitio web se vea genial y funciona correctamente en cualquier dispositivo.<\/li>\n<li>Actualizado regularmente con nuevas funciones y mejoras para garantizar que su sitio web permanezca de vanguardia.<\/li>\n<li>Equipo de soporte dedicado disponible para ayudar con cualquier problema t\u00e9cnico o pregunta que pueda tener.<\/li>\n<\/ul>\n","protected":false},"excerpt":{"rendered":"<p>El tema de WordPress de la agencia creativa de Inpulse es un tema integral y ampliamente personalizable que ha sido dise\u00f1ado exclusivamente para agencias creativas. Cuenta con un dise\u00f1o visualmente atractivo y f\u00e1cil de usar, junto con una impresionante variedad de caracter\u00edsticas, lo que le permite exhibir la cartera, los servicios y los miembros del equipo de su empresa de una manera verdaderamente cautivadora e inmersiva. Independientemente de si usted es una agencia bien establecida o si se embarca en su viaje empresarial, el tema inPulse ofrece una soluci\u00f3n que lo abarca todo, que lo equipa con todas las herramientas esenciales necesarias para establecer una identidad en l\u00ednea pulida y cautivadora.<\/p>\n","protected":false},"featured_media":166469,"comment_status":"open","ping_status":"open","template":"","meta":[],"product_brand":[2337],"product_cat":[1267,1237,1238],"product_tag":[1391],"class_list":{"0":"post-111633","1":"product","2":"type-product","3":"status-publish","4":"has-post-thumbnail","6":"product_brand-themeforest","7":"product_cat-creativo","8":"product_cat-temas","9":"product_cat-wordpress-temas","10":"product_tag-themeforest","11":"member-discount","12":"discount-restricted","14":"first","15":"instock","16":"sale","17":"downloadable","18":"virtual","19":"sold-individually","20":"purchasable","21":"product-type-simple"},"_links":{"self":[{"href":"https:\/\/gpl-love.com\/es\/wp-json\/wp\/v2\/product\/111633","targetHints":{"allow":["GET"]}}],"collection":[{"href":"https:\/\/gpl-love.com\/es\/wp-json\/wp\/v2\/product"}],"about":[{"href":"https:\/\/gpl-love.com\/es\/wp-json\/wp\/v2\/types\/product"}],"replies":[{"embeddable":true,"href":"https:\/\/gpl-love.com\/es\/wp-json\/wp\/v2\/comments?post=111633"}],"wp:featuredmedia":[{"embeddable":true,"href":"https:\/\/gpl-love.com\/es\/wp-json\/wp\/v2\/media\/166469"}],"wp:attachment":[{"href":"https:\/\/gpl-love.com\/es\/wp-json\/wp\/v2\/media?parent=111633"}],"wp:term":[{"taxonomy":"product_brand","embeddable":true,"href":"https:\/\/gpl-love.com\/es\/wp-json\/wp\/v2\/product_brand?post=111633"},{"taxonomy":"product_cat","embeddable":true,"href":"https:\/\/gpl-love.com\/es\/wp-json\/wp\/v2\/product_cat?post=111633"},{"taxonomy":"product_tag","embeddable":true,"href":"https:\/\/gpl-love.com\/es\/wp-json\/wp\/v2\/product_tag?post=111633"}],"curies":[{"name":"wp","href":"https:\/\/api.w.org\/{rel}","templated":true}]}}